{"id":12455,"date":"2025-01-03T15:48:12","date_gmt":"2025-01-03T12:48:12","guid":{"rendered":"https:\/\/ceoparts.com\/?post_type=product&#038;p=12455"},"modified":"2026-05-16T19:46:33","modified_gmt":"2026-05-16T16:46:33","slug":"150x40-45-stellana-klavuz-denge-tekeri-04900239","status":"publish","type":"product","link":"https:\/\/ceoparts.com\/tr\/urun\/150x40-45-stellana-klavuz-denge-tekeri-04900239\/","title":{"rendered":"150&#215;40\/45 Wicke K\u0131lavuz Denge Tekeri &#8211; 04900239"},"content":{"rendered":"<p>150&#215;40\/45 Wicke K\u0131lavuz Denge Tekeri &#8211; 04900239<\/p>","protected":false},"excerpt":{"rendered":"<p data-start=\"0\" data-end=\"306\"><br data-start=\"5\" data-end=\"8\" \/>Wicke 150\u00d740\/45 Klavuz Denge Tekeri, forkliftlerde denge ve y\u00f6nlendirme g\u00f6revini \u00fcstlenen dayan\u0131kl\u0131 ve kaliteli bir denge tekeridir. Y\u00fck alt\u0131nda ve manevra s\u0131ras\u0131nda stabilite sa\u011flayarak forklift performans\u0131n\u0131 art\u0131r\u0131r. A\u015f\u0131nmaya dayan\u0131kl\u0131 yap\u0131s\u0131 sayesinde uzun \u00f6m\u00fcrl\u00fc ve sessiz \u00e7al\u0131\u015fma imk\u00e2n\u0131 sunar.<\/p>\n<p data-start=\"308\" data-end=\"593\"><strong data-start=\"308\" data-end=\"323\">\u00d6zellikler:<\/strong><br data-start=\"323\" data-end=\"326\" \/><strong data-start=\"326\" data-end=\"339\">\u00dcr\u00fcn Ad\u0131:<\/strong> Wicke 150\u00d740\/45 Klavuz Denge Tekeri<br data-start=\"375\" data-end=\"378\" \/><strong data-start=\"378\" data-end=\"393\">Par\u00e7a Kodu:<\/strong> 04900239<br data-start=\"402\" data-end=\"405\" \/><strong data-start=\"405\" data-end=\"417\">Malzeme:<\/strong> Poli\u00fcretan kapl\u0131 d\u00f6k\u00fcm g\u00f6vde<br data-start=\"446\" data-end=\"449\" \/><strong data-start=\"449\" data-end=\"468\">Kullan\u0131m Alan\u0131:<\/strong> Forklift denge ve y\u00f6nlendirme sistemleri<br data-start=\"509\" data-end=\"512\" \/><strong data-start=\"512\" data-end=\"524\">Avantaj:<\/strong> A\u015f\u0131nmaya dayan\u0131kl\u0131, sessiz ve dengeli \u00e7al\u0131\u015fma, y\u00fcksek dayan\u0131kl\u0131l\u0131k<\/p>\n<p data-start=\"308\" data-end=\"593\">EKX410\/412\/513-516 EKS208\/312 EFX410\/413 ETM\/V110-216<\/p>\n<p data-start=\"595\" data-end=\"888\">\n","protected":false},"featured_media":12461,"template":"","meta":[],"product_brand":[],"product_cat":[401,403,185],"product_tag":[],"class_list":{"0":"post-12455","1":"product","2":"type-product","3":"status-publish","4":"has-post-thumbnail","6":"product_cat-wicke","7":"product_cat-denge-tekeri-wicke","8":"product_cat-denge-tekeri","10":"first","11":"instock","12":"taxable","13":"shipping-taxable","14":"purchasable","15":"product-type-simple"},"_links":{"self":[{"href":"https:\/\/ceoparts.com\/tr\/wp-json\/wp\/v2\/product\/12455","targetHints":{"allow":["GET"]}}],"collection":[{"href":"https:\/\/ceoparts.com\/tr\/wp-json\/wp\/v2\/product"}],"about":[{"href":"https:\/\/ceoparts.com\/tr\/wp-json\/wp\/v2\/types\/product"}],"wp:featuredmedia":[{"embeddable":true,"href":"https:\/\/ceoparts.com\/tr\/wp-json\/wp\/v2\/media\/12461"}],"wp:attachment":[{"href":"https:\/\/ceoparts.com\/tr\/wp-json\/wp\/v2\/media?parent=12455"}],"wp:term":[{"taxonomy":"product_brand","embeddable":true,"href":"https:\/\/ceoparts.com\/tr\/wp-json\/wp\/v2\/product_brand?post=12455"},{"taxonomy":"product_cat","embeddable":true,"href":"https:\/\/ceoparts.com\/tr\/wp-json\/wp\/v2\/product_cat?post=12455"},{"taxonomy":"product_tag","embeddable":true,"href":"https:\/\/ceoparts.com\/tr\/wp-json\/wp\/v2\/product_tag?post=12455"}],"curies":[{"name":"wp","href":"https:\/\/api.w.org\/{rel}","templated":true}]}}