{"id":12480,"date":"2025-01-04T09:11:38","date_gmt":"2025-01-04T06:11:38","guid":{"rendered":"https:\/\/ceoparts.com\/?post_type=product&#038;p=12480"},"modified":"2026-05-16T17:33:50","modified_gmt":"2026-05-16T14:33:50","slug":"285x100-80x28-wicke-yuk-tekeri-1499032","status":"publish","type":"product","link":"https:\/\/ceoparts.com\/tr\/urun\/285x100-80x28-wicke-yuk-tekeri-1499032\/","title":{"rendered":"285&#215;100 (80&#215;28) Wicke Vulkollan Y\u00fck Tekeri &#8211; 1499032 , 580026052"},"content":{"rendered":"<p>285&#215;100 (80&#215;28) Wicke Vulkollan Y\u00fck Tekeri &#8211; 1499032 , 580026052<\/p>","protected":false},"excerpt":{"rendered":"<article class=\"text-token-text-primary w-full\" dir=\"auto\" data-testid=\"conversation-turn-146\" data-scroll-anchor=\"true\">\n<div class=\"text-base my-auto mx-auto py-5 [--thread-content-margin:--spacing(4)] @[37rem]:[--thread-content-margin:--spacing(6)] @[72rem]:[--thread-content-margin:--spacing(16)] px-(--thread-content-margin)\">\n<div class=\"[--thread-content-max-width:32rem] @[34rem]:[--thread-content-max-width:40rem] @[64rem]:[--thread-content-max-width:48rem] mx-auto flex max-w-(--thread-content-max-width) flex-1 text-base gap-4 md:gap-5 lg:gap-6 group\/turn-messages focus-visible:outline-hidden\" tabindex=\"-1\">\n<div class=\"group\/conversation-turn relative flex w-full min-w-0 flex-col agent-turn\">\n<div class=\"relative flex-col gap-1 md:gap-3\">\n<div class=\"flex max-w-full flex-col grow\">\n<div class=\"min-h-8 text-message relative flex w-full flex-col items-end gap-2 text-start break-words whitespace-normal [.text-message+&amp;]:mt-5\" dir=\"auto\" data-message-author-role=\"assistant\" data-message-id=\"3950ea0d-4ac0-497a-b783-9401ea675f29\" data-message-model-slug=\"gpt-4-1-mini\">\n<div class=\"flex w-full flex-col gap-1 empty:hidden first:pt-[3px]\">\n<div class=\"markdown prose dark:prose-invert w-full break-words light\">\n<p data-start=\"0\" data-end=\"286\"><br data-start=\"5\" data-end=\"8\" \/>Wicke 285\u00d7100 (80\u00d728) Vulkollan Y\u00fck Tekeri, forkliftlerde kullan\u0131lan y\u00fcksek dayan\u0131kl\u0131l\u0131\u011fa sahip bir y\u00fck tekeridir. Vulkollan malzemesi sayesinde a\u015f\u0131nmaya kar\u015f\u0131 diren\u00e7li ve sessiz \u00e7al\u0131\u015fma sa\u011flar. Y\u00fcksek ta\u015f\u0131ma kapasitesi ile forkliftin g\u00fcvenli ve verimli \u00e7al\u0131\u015fmas\u0131na katk\u0131 sunar.<\/p>\n<p data-start=\"288\" data-end=\"583\"><strong data-start=\"288\" data-end=\"303\">\u00d6zellikler:<\/strong><br data-start=\"303\" data-end=\"306\" \/><strong data-start=\"306\" data-end=\"319\">\u00dcr\u00fcn Ad\u0131:<\/strong> Wicke 285\u00d7100 (80\u00d728) Vulkollan Y\u00fck Tekeri<br data-start=\"362\" data-end=\"365\" \/><strong data-start=\"365\" data-end=\"380\">Par\u00e7a Kodu:<\/strong> 1499032, 580026052<br data-start=\"399\" data-end=\"402\" \/><strong data-start=\"402\" data-end=\"414\">Malzeme:<\/strong> Vulkollan (termoplastik poli\u00fcretan)<br data-start=\"450\" data-end=\"453\" \/><strong data-start=\"453\" data-end=\"472\">Kullan\u0131m Alan\u0131:<\/strong> Forklift y\u00fck tekeri<br data-start=\"492\" data-end=\"495\" \/><strong data-start=\"495\" data-end=\"507\">Avantaj:<\/strong> A\u015f\u0131nmaya dayan\u0131kl\u0131, sessiz \u00e7al\u0131\u015fma, y\u00fcksek ta\u015f\u0131ma kapasitesi, uzun \u00f6m\u00fcrl\u00fc<\/p>\n<p data-start=\"585\" data-end=\"837\">\n","protected":false},"featured_media":12481,"template":"","meta":[],"product_brand":[],"product_cat":[256,261,401,405,194],"product_tag":[],"class_list":{"0":"post-12480","1":"product","2":"type-product","3":"status-publish","4":"has-post-thumbnail","6":"product_cat-hyster","7":"product_cat-yuk-tekeri-hyster","8":"product_cat-wicke","9":"product_cat-yuk-tekeri-wicke","10":"product_cat-yuk-tekeri","12":"first","13":"instock","14":"taxable","15":"shipping-taxable","16":"purchasable","17":"product-type-simple"},"_links":{"self":[{"href":"https:\/\/ceoparts.com\/tr\/wp-json\/wp\/v2\/product\/12480","targetHints":{"allow":["GET"]}}],"collection":[{"href":"https:\/\/ceoparts.com\/tr\/wp-json\/wp\/v2\/product"}],"about":[{"href":"https:\/\/ceoparts.com\/tr\/wp-json\/wp\/v2\/types\/product"}],"wp:featuredmedia":[{"embeddable":true,"href":"https:\/\/ceoparts.com\/tr\/wp-json\/wp\/v2\/media\/12481"}],"wp:attachment":[{"href":"https:\/\/ceoparts.com\/tr\/wp-json\/wp\/v2\/media?parent=12480"}],"wp:term":[{"taxonomy":"product_brand","embeddable":true,"href":"https:\/\/ceoparts.com\/tr\/wp-json\/wp\/v2\/product_brand?post=12480"},{"taxonomy":"product_cat","embeddable":true,"href":"https:\/\/ceoparts.com\/tr\/wp-json\/wp\/v2\/product_cat?post=12480"},{"taxonomy":"product_tag","embeddable":true,"href":"https:\/\/ceoparts.com\/tr\/wp-json\/wp\/v2\/product_tag?post=12480"}],"curies":[{"name":"wp","href":"https:\/\/api.w.org\/{rel}","templated":true}]}}