{"id":12485,"date":"2025-01-04T10:33:42","date_gmt":"2025-01-04T07:33:42","guid":{"rendered":"https:\/\/ceoparts.com\/?post_type=product&#038;p=12485"},"modified":"2026-05-16T18:10:28","modified_gmt":"2026-05-16T15:10:28","slug":"360x130-90-wicke-yuruyus-tekeri-8428189","status":"publish","type":"product","link":"https:\/\/ceoparts.com\/tr\/urun\/360x130-90-wicke-yuruyus-tekeri-8428189\/","title":{"rendered":"360&#215;130-90 Wicke Y\u00fcr\u00fcy\u00fc\u015f Tekeri &#8211; 8428189"},"content":{"rendered":"<p>360&#215;130-90 Wicke Y\u00fcr\u00fcy\u00fc\u015f Tekeri &#8211; 8428189<\/p>\n<p>Still FM-X,<\/p>\n<p>STILL FM-XN,<\/p>\n<p>STILL FS-X33<\/p>","protected":false},"excerpt":{"rendered":"<p data-start=\"0\" data-end=\"247\"><br data-start=\"5\" data-end=\"8\" \/>Wicke 360\u00d7130-90 Y\u00fcr\u00fcy\u00fc\u015f Tekeri, forkliftlerde kullan\u0131lan dayan\u0131kl\u0131 ve y\u00fcksek kaliteli y\u00fcr\u00fcy\u00fc\u015f tekeridir. Y\u00fcksek ta\u015f\u0131ma kapasitesi ve sa\u011flam yap\u0131s\u0131 ile forkliftin stabil ve g\u00fcvenli hareketini sa\u011flar. Uzun \u00f6m\u00fcrl\u00fc malzemelerden \u00fcretilmi\u015ftir.<\/p>\n<p data-start=\"249\" data-end=\"513\"><strong data-start=\"249\" data-end=\"264\">\u00d6zellikler:<\/strong><br data-start=\"264\" data-end=\"267\" \/><strong data-start=\"267\" data-end=\"280\">\u00dcr\u00fcn Ad\u0131:<\/strong> Wicke 360\u00d7130-90 Y\u00fcr\u00fcy\u00fc\u015f Tekeri<br data-start=\"312\" data-end=\"315\" \/><strong data-start=\"315\" data-end=\"330\">Par\u00e7a Kodu:<\/strong> 8428189<br data-start=\"338\" data-end=\"341\" \/><strong data-start=\"341\" data-end=\"353\">Malzeme:<\/strong> Dayan\u0131kl\u0131 kau\u00e7uk ve metal ala\u015f\u0131m\u0131<br data-start=\"387\" data-end=\"390\" \/><strong data-start=\"390\" data-end=\"409\">Kullan\u0131m Alan\u0131:<\/strong> Forklift y\u00fcr\u00fcy\u00fc\u015f tekeri<br data-start=\"433\" data-end=\"436\" \/><strong data-start=\"436\" data-end=\"448\">Avantaj:<\/strong> Y\u00fcksek ta\u015f\u0131ma kapasitesi, dayan\u0131kl\u0131 yap\u0131, uzun \u00f6m\u00fcrl\u00fc kullan\u0131m<\/p>\n<p data-start=\"515\" data-end=\"749\">\n","protected":false},"featured_media":12487,"template":"","meta":[],"product_brand":[],"product_cat":[241,244,401,404,193],"product_tag":[],"class_list":{"0":"post-12485","1":"product","2":"type-product","3":"status-publish","4":"has-post-thumbnail","6":"product_cat-still","7":"product_cat-yuruyus-tekeri-still","8":"product_cat-wicke","9":"product_cat-yuruyus-tekeri-wicke","10":"product_cat-yuruyus-tekeri","12":"first","13":"instock","14":"taxable","15":"shipping-taxable","16":"purchasable","17":"product-type-simple"},"_links":{"self":[{"href":"https:\/\/ceoparts.com\/tr\/wp-json\/wp\/v2\/product\/12485","targetHints":{"allow":["GET"]}}],"collection":[{"href":"https:\/\/ceoparts.com\/tr\/wp-json\/wp\/v2\/product"}],"about":[{"href":"https:\/\/ceoparts.com\/tr\/wp-json\/wp\/v2\/types\/product"}],"wp:featuredmedia":[{"embeddable":true,"href":"https:\/\/ceoparts.com\/tr\/wp-json\/wp\/v2\/media\/12487"}],"wp:attachment":[{"href":"https:\/\/ceoparts.com\/tr\/wp-json\/wp\/v2\/media?parent=12485"}],"wp:term":[{"taxonomy":"product_brand","embeddable":true,"href":"https:\/\/ceoparts.com\/tr\/wp-json\/wp\/v2\/product_brand?post=12485"},{"taxonomy":"product_cat","embeddable":true,"href":"https:\/\/ceoparts.com\/tr\/wp-json\/wp\/v2\/product_cat?post=12485"},{"taxonomy":"product_tag","embeddable":true,"href":"https:\/\/ceoparts.com\/tr\/wp-json\/wp\/v2\/product_tag?post=12485"}],"curies":[{"name":"wp","href":"https:\/\/api.w.org\/{rel}","templated":true}]}}