{"id":12496,"date":"2025-01-04T11:45:27","date_gmt":"2025-01-04T08:45:27","guid":{"rendered":"https:\/\/ceoparts.com\/?post_type=product&#038;p=12496"},"modified":"2026-05-16T11:50:42","modified_gmt":"2026-05-16T08:50:42","slug":"linde-16-wicke-denge-mekanizmasi-3794505500","status":"publish","type":"product","link":"https:\/\/ceoparts.com\/tr\/urun\/linde-16-wicke-denge-mekanizmasi-3794505500\/","title":{"rendered":"Linde 16 Wicke Denge Mekanizmas\u0131 &#8211; 3794505500"},"content":{"rendered":"<p>Linde 16 Wicke Denge Mekanizmas\u0131 &#8211; 3794505500<\/p>","protected":false},"excerpt":{"rendered":"<p data-start=\"0\" data-end=\"268\"><br data-start=\"5\" data-end=\"8\" \/>Linde 16 Wicke Denge Mekanizmas\u0131, forkliftlerde kullan\u0131lan dayan\u0131kl\u0131 ve hassas bir denge mekanizmas\u0131d\u0131r. Operat\u00f6r\u00fcn g\u00fcvenli ve kontroll\u00fc hareket etmesini sa\u011flar, forkliftin denge performans\u0131n\u0131 art\u0131r\u0131r. Y\u00fcksek kalite malzemelerden \u00fcretilmi\u015f olup uzun \u00f6m\u00fcrl\u00fcd\u00fcr.<\/p>\n<p data-start=\"270\" data-end=\"536\"><strong data-start=\"270\" data-end=\"285\">\u00d6zellikler:<\/strong><br data-start=\"285\" data-end=\"288\" \/><strong data-start=\"288\" data-end=\"301\">\u00dcr\u00fcn Ad\u0131:<\/strong> Linde 16 Wicke Denge Mekanizmas\u0131<br data-start=\"334\" data-end=\"337\" \/><strong data-start=\"337\" data-end=\"352\">Par\u00e7a Kodu:<\/strong> 3794505500<br data-start=\"363\" data-end=\"366\" \/><strong data-start=\"366\" data-end=\"378\">Malzeme:<\/strong> Dayan\u0131kl\u0131 metal ala\u015f\u0131m\u0131<br data-start=\"402\" data-end=\"405\" \/><strong data-start=\"405\" data-end=\"424\">Kullan\u0131m Alan\u0131:<\/strong> Linde forklift dengeleme sistemi<br data-start=\"457\" data-end=\"460\" \/><strong data-start=\"460\" data-end=\"472\">Avantaj:<\/strong> Y\u00fcksek dayan\u0131kl\u0131l\u0131k, hassas dengeleme, uzun \u00f6m\u00fcrl\u00fc performans<\/p>\n<p data-start=\"538\" data-end=\"790\">\n","protected":false},"featured_media":13791,"template":"","meta":[],"product_brand":[],"product_cat":[532,246,247,401,420,424],"product_tag":[],"class_list":{"0":"post-12496","1":"product","2":"type-product","3":"status-publish","4":"has-post-thumbnail","6":"product_cat-mekanizmalar-wicke","7":"product_cat-linde","8":"product_cat-denge-tekeri-linde","9":"product_cat-wicke","10":"product_cat-denge-mekanizmalar","11":"product_cat-wicke-denge-mekanizma","13":"first","14":"instock","15":"taxable","16":"shipping-taxable","17":"purchasable","18":"product-type-simple"},"_links":{"self":[{"href":"https:\/\/ceoparts.com\/tr\/wp-json\/wp\/v2\/product\/12496","targetHints":{"allow":["GET"]}}],"collection":[{"href":"https:\/\/ceoparts.com\/tr\/wp-json\/wp\/v2\/product"}],"about":[{"href":"https:\/\/ceoparts.com\/tr\/wp-json\/wp\/v2\/types\/product"}],"wp:featuredmedia":[{"embeddable":true,"href":"https:\/\/ceoparts.com\/tr\/wp-json\/wp\/v2\/media\/13791"}],"wp:attachment":[{"href":"https:\/\/ceoparts.com\/tr\/wp-json\/wp\/v2\/media?parent=12496"}],"wp:term":[{"taxonomy":"product_brand","embeddable":true,"href":"https:\/\/ceoparts.com\/tr\/wp-json\/wp\/v2\/product_brand?post=12496"},{"taxonomy":"product_cat","embeddable":true,"href":"https:\/\/ceoparts.com\/tr\/wp-json\/wp\/v2\/product_cat?post=12496"},{"taxonomy":"product_tag","embeddable":true,"href":"https:\/\/ceoparts.com\/tr\/wp-json\/wp\/v2\/product_tag?post=12496"}],"curies":[{"name":"wp","href":"https:\/\/api.w.org\/{rel}","templated":true}]}}