{"id":12539,"date":"2025-01-06T12:56:07","date_gmt":"2025-01-06T09:56:07","guid":{"rendered":"https:\/\/ceoparts.com\/?post_type=product&#038;p=12539"},"modified":"2026-05-16T20:21:15","modified_gmt":"2026-05-16T17:21:15","slug":"rema-320a-aku-soketi-fisi-disi","status":"publish","type":"product","link":"https:\/\/ceoparts.com\/tr\/urun\/rema-320a-aku-soketi-fisi-disi\/","title":{"rendered":"Rema 320A Ak\u00fc Soketi \/ Fi\u015fi &#8211; Di\u015fi"},"content":{"rendered":"<p>Rema 320A Ak\u00fc Soketi \/ Fi\u015fi &#8211; Di\u015fi<\/p>","protected":false},"excerpt":{"rendered":"<p data-start=\"0\" data-end=\"306\"><br data-start=\"5\" data-end=\"8\" \/>Rema 320A Ak\u00fc Soketi \/ Fi\u015fi Di\u015fi, forklift ve end\u00fcstriyel ara\u00e7lar\u0131n ak\u00fc ba\u011flant\u0131lar\u0131nda kullan\u0131lan y\u00fcksek kaliteli ve dayan\u0131kl\u0131 bir di\u015fi soket modelidir. Y\u00fcksek ak\u0131m ta\u015f\u0131ma kapasitesi ile g\u00fcvenli enerji iletimi sa\u011flar. Sa\u011flam yap\u0131s\u0131 ve kolay montaj \u00f6zelli\u011fiyle uzun \u00f6m\u00fcrl\u00fc ve pratik kullan\u0131m sunar.<\/p>\n<p data-start=\"308\" data-end=\"624\"><strong data-start=\"308\" data-end=\"323\">\u00d6zellikler:<\/strong><br data-start=\"323\" data-end=\"326\" \/><strong data-start=\"326\" data-end=\"339\">\u00dcr\u00fcn Ad\u0131:<\/strong> Rema 320A Ak\u00fc Soketi \/ Fi\u015fi Di\u015fi<br data-start=\"372\" data-end=\"375\" \/><strong data-start=\"375\" data-end=\"390\">Par\u00e7a Kodu:<\/strong> &#8211;<br data-start=\"392\" data-end=\"395\" \/><strong data-start=\"395\" data-end=\"407\">Malzeme:<\/strong> Y\u00fcksek kaliteli plastik ve bak\u0131r iletken kontaklar<br data-start=\"458\" data-end=\"461\" \/><strong data-start=\"461\" data-end=\"480\">Kullan\u0131m Alan\u0131:<\/strong> Forklift ak\u00fc ba\u011flant\u0131lar\u0131, end\u00fcstriyel g\u00fc\u00e7 sistemleri<br data-start=\"534\" data-end=\"537\" \/><strong data-start=\"537\" data-end=\"549\">Avantaj:<\/strong> Y\u00fcksek ak\u0131m kapasitesi, dayan\u0131kl\u0131 yap\u0131, kolay montaj, g\u00fcvenilir ba\u011flant\u0131<\/p>\n<p data-start=\"626\" data-end=\"959\">\n","protected":false},"featured_media":15536,"template":"","meta":[],"product_brand":[],"product_cat":[442,444],"product_tag":[],"class_list":{"0":"post-12539","1":"product","2":"type-product","3":"status-publish","4":"has-post-thumbnail","6":"product_cat-aku-yedek-parcalari","7":"product_cat-aku-fisi","9":"first","10":"instock","11":"taxable","12":"shipping-taxable","13":"purchasable","14":"product-type-simple"},"_links":{"self":[{"href":"https:\/\/ceoparts.com\/tr\/wp-json\/wp\/v2\/product\/12539","targetHints":{"allow":["GET"]}}],"collection":[{"href":"https:\/\/ceoparts.com\/tr\/wp-json\/wp\/v2\/product"}],"about":[{"href":"https:\/\/ceoparts.com\/tr\/wp-json\/wp\/v2\/types\/product"}],"wp:featuredmedia":[{"embeddable":true,"href":"https:\/\/ceoparts.com\/tr\/wp-json\/wp\/v2\/media\/15536"}],"wp:attachment":[{"href":"https:\/\/ceoparts.com\/tr\/wp-json\/wp\/v2\/media?parent=12539"}],"wp:term":[{"taxonomy":"product_brand","embeddable":true,"href":"https:\/\/ceoparts.com\/tr\/wp-json\/wp\/v2\/product_brand?post=12539"},{"taxonomy":"product_cat","embeddable":true,"href":"https:\/\/ceoparts.com\/tr\/wp-json\/wp\/v2\/product_cat?post=12539"},{"taxonomy":"product_tag","embeddable":true,"href":"https:\/\/ceoparts.com\/tr\/wp-json\/wp\/v2\/product_tag?post=12539"}],"curies":[{"name":"wp","href":"https:\/\/api.w.org\/{rel}","templated":true}]}}