{"id":12544,"date":"2025-01-06T13:08:44","date_gmt":"2025-01-06T10:08:44","guid":{"rendered":"https:\/\/ceoparts.com\/?post_type=product&#038;p=12544"},"modified":"2026-05-16T10:56:03","modified_gmt":"2026-05-16T07:56:03","slug":"anderson-power-sbe320-aku-soketi-mavi","status":"publish","type":"product","link":"https:\/\/ceoparts.com\/tr\/urun\/anderson-power-sbe320-aku-soketi-mavi\/","title":{"rendered":"Anderson Power SBE 320 Ak\u00fc Soketi Mavi"},"content":{"rendered":"<p>Anderson Power SBE 320 Ak\u00fc Soketi Mavi<\/p>","protected":false},"excerpt":{"rendered":"<p data-start=\"0\" data-end=\"386\"><br data-start=\"5\" data-end=\"8\" \/>Anderson Power SBE320 Ak\u00fc Soketi Mavi, forklift ve end\u00fcstriyel ara\u00e7larda y\u00fcksek ak\u0131m ta\u015f\u0131ma kapasitesine sahip dayan\u0131kl\u0131 bir ak\u00fc ba\u011flant\u0131 soketidir. Mavi renk kodu, negatif kutup ba\u011flant\u0131s\u0131n\u0131 kolayca ay\u0131rt etmeye yard\u0131mc\u0131 olur. Sa\u011flam yap\u0131s\u0131 ve kaliteli malzemeleri ile g\u00fcvenilir ve uzun \u00f6m\u00fcrl\u00fc bir ba\u011flant\u0131 sa\u011flar. Kolay tak\u0131l\u0131p \u00e7\u0131kar\u0131labilen tasar\u0131m\u0131 kullan\u0131m kolayl\u0131\u011f\u0131 sunar.<\/p>\n<p data-start=\"388\" data-end=\"732\"><strong data-start=\"388\" data-end=\"403\">\u00d6zellikler:<\/strong><br data-start=\"403\" data-end=\"406\" \/><strong data-start=\"406\" data-end=\"419\">\u00dcr\u00fcn Ad\u0131:<\/strong> Anderson Power SBE320 Ak\u00fc Soketi Mavi<br data-start=\"457\" data-end=\"460\" \/><strong data-start=\"460\" data-end=\"475\">Par\u00e7a Kodu:<\/strong> &#8211;<br data-start=\"477\" data-end=\"480\" \/><strong data-start=\"480\" data-end=\"492\">Malzeme:<\/strong> Dayan\u0131kl\u0131 plastik g\u00f6vde, bak\u0131r iletken kontaklar<br data-start=\"541\" data-end=\"544\" \/><strong data-start=\"544\" data-end=\"563\">Kullan\u0131m Alan\u0131:<\/strong> Forkliftler, end\u00fcstriyel elektrikli ara\u00e7lar, y\u00fcksek ak\u0131m devreleri<br data-start=\"630\" data-end=\"633\" \/><strong data-start=\"633\" data-end=\"645\">Avantaj:<\/strong> Y\u00fcksek ak\u0131m kapasitesi, g\u00fcvenli ve sa\u011flam ba\u011flant\u0131, kolay montaj, renk kodlu tasar\u0131m<\/p>\n<p data-start=\"734\" data-end=\"1137\">\n","protected":false},"featured_media":12697,"template":"","meta":[],"product_brand":[],"product_cat":[442,444],"product_tag":[],"class_list":{"0":"post-12544","1":"product","2":"type-product","3":"status-publish","4":"has-post-thumbnail","6":"product_cat-aku-yedek-parcalari","7":"product_cat-aku-fisi","9":"first","10":"instock","11":"taxable","12":"shipping-taxable","13":"purchasable","14":"product-type-simple"},"_links":{"self":[{"href":"https:\/\/ceoparts.com\/tr\/wp-json\/wp\/v2\/product\/12544","targetHints":{"allow":["GET"]}}],"collection":[{"href":"https:\/\/ceoparts.com\/tr\/wp-json\/wp\/v2\/product"}],"about":[{"href":"https:\/\/ceoparts.com\/tr\/wp-json\/wp\/v2\/types\/product"}],"wp:featuredmedia":[{"embeddable":true,"href":"https:\/\/ceoparts.com\/tr\/wp-json\/wp\/v2\/media\/12697"}],"wp:attachment":[{"href":"https:\/\/ceoparts.com\/tr\/wp-json\/wp\/v2\/media?parent=12544"}],"wp:term":[{"taxonomy":"product_brand","embeddable":true,"href":"https:\/\/ceoparts.com\/tr\/wp-json\/wp\/v2\/product_brand?post=12544"},{"taxonomy":"product_cat","embeddable":true,"href":"https:\/\/ceoparts.com\/tr\/wp-json\/wp\/v2\/product_cat?post=12544"},{"taxonomy":"product_tag","embeddable":true,"href":"https:\/\/ceoparts.com\/tr\/wp-json\/wp\/v2\/product_tag?post=12544"}],"curies":[{"name":"wp","href":"https:\/\/api.w.org\/{rel}","templated":true}]}}