{"id":12559,"date":"2025-01-06T13:21:58","date_gmt":"2025-01-06T10:21:58","guid":{"rendered":"https:\/\/ceoparts.com\/?post_type=product&#038;p=12559"},"modified":"2026-05-16T10:58:48","modified_gmt":"2026-05-16T07:58:48","slug":"anderson-power-sb120-aku-soketi-fisi-kirmizi","status":"publish","type":"product","link":"https:\/\/ceoparts.com\/tr\/urun\/anderson-power-sb120-aku-soketi-fisi-kirmizi\/","title":{"rendered":"Anderson Power SB 120 Ak\u00fc Soketi \/ Fi\u015fi K\u0131rm\u0131z\u0131"},"content":{"rendered":"<p>Anderson Power SB 120 Ak\u00fc Soketi \/ Fi\u015fi K\u0131rm\u0131z\u0131<\/p>","protected":false},"excerpt":{"rendered":"<p data-start=\"0\" data-end=\"366\"><br data-start=\"5\" data-end=\"8\" \/>Anderson Power SB120 Ak\u00fc Soketi \/ Fi\u015fi K\u0131rm\u0131z\u0131, forklift ve end\u00fcstriyel ara\u00e7larda kullan\u0131lan dayan\u0131kl\u0131 ve y\u00fcksek performansl\u0131 bir ak\u00fc ba\u011flant\u0131 soketidir. Y\u00fcksek ak\u0131m ta\u015f\u0131ma kapasetiyle g\u00fcvenilir enerji iletimi sa\u011flar. K\u0131rm\u0131z\u0131 renkli tasar\u0131m\u0131 pozitif kutup ba\u011flant\u0131s\u0131n\u0131 kolayca ay\u0131rt etmeye olanak tan\u0131r. Kolay tak\u0131p \u00e7\u0131karma \u00f6zelli\u011fiyle pratik kullan\u0131m sunar.<\/p>\n<p data-start=\"368\" data-end=\"737\"><strong data-start=\"368\" data-end=\"383\">\u00d6zellikler:<\/strong><br data-start=\"383\" data-end=\"386\" \/><strong data-start=\"386\" data-end=\"399\">\u00dcr\u00fcn Ad\u0131:<\/strong> Anderson Power SB120 Ak\u00fc Soketi \/ Fi\u015fi K\u0131rm\u0131z\u0131<br data-start=\"446\" data-end=\"449\" \/><strong data-start=\"449\" data-end=\"464\">Par\u00e7a Kodu:<\/strong> &#8211;<br data-start=\"466\" data-end=\"469\" \/><strong data-start=\"469\" data-end=\"481\">Malzeme:<\/strong> Y\u00fcksek kaliteli plastik g\u00f6vde, bak\u0131r iletken kontaklar<br data-start=\"536\" data-end=\"539\" \/><strong data-start=\"539\" data-end=\"558\">Kullan\u0131m Alan\u0131:<\/strong> Forkliftler, end\u00fcstriyel elektrikli ara\u00e7lar, y\u00fcksek ak\u0131m devreleri<br data-start=\"625\" data-end=\"628\" \/><strong data-start=\"628\" data-end=\"640\">Avantaj:<\/strong> Y\u00fcksek ak\u0131m ta\u015f\u0131ma kapasitesi, dayan\u0131kl\u0131 ve g\u00fcvenli ba\u011flant\u0131, kolay montaj, renk kodlu tasar\u0131m<\/p>\n<p data-start=\"739\" data-end=\"1105\">\n","protected":false},"featured_media":12568,"template":"","meta":[],"product_brand":[],"product_cat":[442,444],"product_tag":[],"class_list":{"0":"post-12559","1":"product","2":"type-product","3":"status-publish","4":"has-post-thumbnail","6":"product_cat-aku-yedek-parcalari","7":"product_cat-aku-fisi","9":"first","10":"instock","11":"taxable","12":"shipping-taxable","13":"purchasable","14":"product-type-simple"},"_links":{"self":[{"href":"https:\/\/ceoparts.com\/tr\/wp-json\/wp\/v2\/product\/12559","targetHints":{"allow":["GET"]}}],"collection":[{"href":"https:\/\/ceoparts.com\/tr\/wp-json\/wp\/v2\/product"}],"about":[{"href":"https:\/\/ceoparts.com\/tr\/wp-json\/wp\/v2\/types\/product"}],"wp:featuredmedia":[{"embeddable":true,"href":"https:\/\/ceoparts.com\/tr\/wp-json\/wp\/v2\/media\/12568"}],"wp:attachment":[{"href":"https:\/\/ceoparts.com\/tr\/wp-json\/wp\/v2\/media?parent=12559"}],"wp:term":[{"taxonomy":"product_brand","embeddable":true,"href":"https:\/\/ceoparts.com\/tr\/wp-json\/wp\/v2\/product_brand?post=12559"},{"taxonomy":"product_cat","embeddable":true,"href":"https:\/\/ceoparts.com\/tr\/wp-json\/wp\/v2\/product_cat?post=12559"},{"taxonomy":"product_tag","embeddable":true,"href":"https:\/\/ceoparts.com\/tr\/wp-json\/wp\/v2\/product_tag?post=12559"}],"curies":[{"name":"wp","href":"https:\/\/api.w.org\/{rel}","templated":true}]}}