{"id":12569,"date":"2025-01-06T13:48:23","date_gmt":"2025-01-06T10:48:23","guid":{"rendered":"https:\/\/ceoparts.com\/?post_type=product&#038;p=12569"},"modified":"2026-05-16T12:10:52","modified_gmt":"2026-05-16T09:10:52","slug":"anderson-power-sbe160-aku-soketi-fisi-kirmizi","status":"publish","type":"product","link":"https:\/\/ceoparts.com\/tr\/urun\/anderson-power-sbe160-aku-soketi-fisi-kirmizi\/","title":{"rendered":"Anderson Power SBE 160A Ak\u00fc Soketi \/ Fi\u015fi K\u0131rm\u0131z\u0131"},"content":{"rendered":"<p>Anderson Power SBE 160A Ak\u00fc Soketi \/ Fi\u015fi K\u0131rm\u0131z\u0131<\/p>","protected":false},"excerpt":{"rendered":"<p data-start=\"0\" data-end=\"393\"><br data-start=\"5\" data-end=\"8\" \/>Anderson Power SBE160A Ak\u00fc Soketi \/ Fi\u015fi K\u0131rm\u0131z\u0131, forklift ve end\u00fcstriyel ara\u00e7larda kullan\u0131lan y\u00fcksek kaliteli ve dayan\u0131kl\u0131 bir ak\u00fc ba\u011flant\u0131 soketidir. Y\u00fcksek ak\u0131m ta\u015f\u0131ma kapasitesi sayesinde g\u00fcvenli ve kesintisiz enerji iletimi sa\u011flar. K\u0131rm\u0131z\u0131 renk kodu, pozitif kutup ba\u011flant\u0131s\u0131n\u0131 kolayca ay\u0131rt etmeye yard\u0131mc\u0131 olur. Kolay tak\u0131l\u0131p \u00e7\u0131kar\u0131labilen tasar\u0131m\u0131 ile kullan\u0131m kolayl\u0131\u011f\u0131 sunar.<\/p>\n<p data-start=\"395\" data-end=\"766\"><strong data-start=\"395\" data-end=\"410\">\u00d6zellikler:<\/strong><br data-start=\"410\" data-end=\"413\" \/><strong data-start=\"413\" data-end=\"426\">\u00dcr\u00fcn Ad\u0131:<\/strong> Anderson Power SBE160A Ak\u00fc Soketi \/ Fi\u015fi K\u0131rm\u0131z\u0131<br data-start=\"475\" data-end=\"478\" \/><strong data-start=\"478\" data-end=\"493\">Par\u00e7a Kodu:<\/strong> &#8211;<br data-start=\"495\" data-end=\"498\" \/><strong data-start=\"498\" data-end=\"510\">Malzeme:<\/strong> Y\u00fcksek kaliteli plastik g\u00f6vde, bak\u0131r iletken kontaklar<br data-start=\"565\" data-end=\"568\" \/><strong data-start=\"568\" data-end=\"587\">Kullan\u0131m Alan\u0131:<\/strong> Forkliftler, end\u00fcstriyel elektrikli ara\u00e7lar, y\u00fcksek ak\u0131m devreleri<br data-start=\"654\" data-end=\"657\" \/><strong data-start=\"657\" data-end=\"669\">Avantaj:<\/strong> Y\u00fcksek ak\u0131m ta\u015f\u0131ma kapasitesi, dayan\u0131kl\u0131 ve g\u00fcvenli ba\u011flant\u0131, kolay montaj, renk kodlu tasar\u0131m<\/p>\n<p data-start=\"768\" data-end=\"1156\">\n","protected":false},"featured_media":12699,"template":"","meta":[],"product_brand":[],"product_cat":[442,444],"product_tag":[],"class_list":{"0":"post-12569","1":"product","2":"type-product","3":"status-publish","4":"has-post-thumbnail","6":"product_cat-aku-yedek-parcalari","7":"product_cat-aku-fisi","9":"first","10":"instock","11":"taxable","12":"shipping-taxable","13":"purchasable","14":"product-type-simple"},"_links":{"self":[{"href":"https:\/\/ceoparts.com\/tr\/wp-json\/wp\/v2\/product\/12569","targetHints":{"allow":["GET"]}}],"collection":[{"href":"https:\/\/ceoparts.com\/tr\/wp-json\/wp\/v2\/product"}],"about":[{"href":"https:\/\/ceoparts.com\/tr\/wp-json\/wp\/v2\/types\/product"}],"wp:featuredmedia":[{"embeddable":true,"href":"https:\/\/ceoparts.com\/tr\/wp-json\/wp\/v2\/media\/12699"}],"wp:attachment":[{"href":"https:\/\/ceoparts.com\/tr\/wp-json\/wp\/v2\/media?parent=12569"}],"wp:term":[{"taxonomy":"product_brand","embeddable":true,"href":"https:\/\/ceoparts.com\/tr\/wp-json\/wp\/v2\/product_brand?post=12569"},{"taxonomy":"product_cat","embeddable":true,"href":"https:\/\/ceoparts.com\/tr\/wp-json\/wp\/v2\/product_cat?post=12569"},{"taxonomy":"product_tag","embeddable":true,"href":"https:\/\/ceoparts.com\/tr\/wp-json\/wp\/v2\/product_tag?post=12569"}],"curies":[{"name":"wp","href":"https:\/\/api.w.org\/{rel}","templated":true}]}}