{"id":12600,"date":"2025-01-06T15:44:33","date_gmt":"2025-01-06T12:44:33","guid":{"rendered":"https:\/\/ceoparts.com\/?post_type=product&#038;p=12600"},"modified":"2026-05-17T01:30:23","modified_gmt":"2026-05-16T22:30:23","slug":"150a-forklift-sigortasi","status":"publish","type":"product","link":"https:\/\/ceoparts.com\/tr\/urun\/150a-forklift-sigortasi\/","title":{"rendered":"150 A ANL Sigorta"},"content":{"rendered":"<p>150 A ANL Sigorta<\/p>","protected":false},"excerpt":{"rendered":"<p data-start=\"0\" data-end=\"372\"><br data-start=\"5\" data-end=\"8\" \/>150 ANL Sigorta, forklift ve elektrikli i\u015f makinelerinde kullan\u0131lan y\u00fcksek ak\u0131m devreleri i\u00e7in g\u00fcvenli ve sa\u011flam bir koruma sa\u011flar. Ak\u00fc devrelerinde ve g\u00fc\u00e7l\u00fc elektronik sistemlerde olas\u0131 k\u0131sa devre ve a\u015f\u0131r\u0131 ak\u0131m durumlar\u0131nda devreyi keserek ekipman\u0131n zarar g\u00f6rmesini \u00f6nler. Kolay montaj \u00f6zelli\u011fi ve de\u011fi\u015ftirilebilir yap\u0131s\u0131yla i\u015f sahalar\u0131nda g\u00fcvenli kullan\u0131m sunar.<\/p>\n<p data-start=\"374\" data-end=\"736\"><strong data-start=\"374\" data-end=\"389\">\u00d6zellikler:<\/strong><br data-start=\"389\" data-end=\"392\" \/><strong data-start=\"392\" data-end=\"405\">\u00dcr\u00fcn Ad\u0131:<\/strong> 150 ANL Sigorta<br data-start=\"421\" data-end=\"424\" \/><strong data-start=\"424\" data-end=\"439\">Par\u00e7a Kodu:<\/strong> &#8211;<br data-start=\"441\" data-end=\"444\" \/><strong data-start=\"444\" data-end=\"456\">Malzeme:<\/strong> Nikel kapl\u0131 metal ba\u011flant\u0131 u\u00e7lar\u0131, \u0131s\u0131ya dayan\u0131kl\u0131 plastik kompozit g\u00f6vde<br data-start=\"530\" data-end=\"533\" \/><strong data-start=\"533\" data-end=\"552\">Kullan\u0131m Alan\u0131:<\/strong> Forklift ak\u00fc devreleri, elektrikli transpaletler, end\u00fcstriyel DC enerji sistemleri<br data-start=\"635\" data-end=\"638\" \/><strong data-start=\"638\" data-end=\"650\">Avantaj:<\/strong> Y\u00fcksek ak\u0131m korumas\u0131, k\u0131sa devreye kar\u015f\u0131 g\u00fcvenli \u00e7al\u0131\u015fma, kolay montaj ve uzun \u00f6m\u00fcr<\/p>\n<p data-start=\"738\" data-end=\"1077\">\n","protected":false},"featured_media":12601,"template":"","meta":[],"product_brand":[],"product_cat":[442,443],"product_tag":[],"class_list":{"0":"post-12600","1":"product","2":"type-product","3":"status-publish","4":"has-post-thumbnail","6":"product_cat-aku-yedek-parcalari","7":"product_cat-aku-parcalari","9":"first","10":"instock","11":"taxable","12":"shipping-taxable","13":"purchasable","14":"product-type-simple"},"_links":{"self":[{"href":"https:\/\/ceoparts.com\/tr\/wp-json\/wp\/v2\/product\/12600","targetHints":{"allow":["GET"]}}],"collection":[{"href":"https:\/\/ceoparts.com\/tr\/wp-json\/wp\/v2\/product"}],"about":[{"href":"https:\/\/ceoparts.com\/tr\/wp-json\/wp\/v2\/types\/product"}],"wp:featuredmedia":[{"embeddable":true,"href":"https:\/\/ceoparts.com\/tr\/wp-json\/wp\/v2\/media\/12601"}],"wp:attachment":[{"href":"https:\/\/ceoparts.com\/tr\/wp-json\/wp\/v2\/media?parent=12600"}],"wp:term":[{"taxonomy":"product_brand","embeddable":true,"href":"https:\/\/ceoparts.com\/tr\/wp-json\/wp\/v2\/product_brand?post=12600"},{"taxonomy":"product_cat","embeddable":true,"href":"https:\/\/ceoparts.com\/tr\/wp-json\/wp\/v2\/product_cat?post=12600"},{"taxonomy":"product_tag","embeddable":true,"href":"https:\/\/ceoparts.com\/tr\/wp-json\/wp\/v2\/product_tag?post=12600"}],"curies":[{"name":"wp","href":"https:\/\/api.w.org\/{rel}","templated":true}]}}