{"id":12637,"date":"2025-01-06T17:30:07","date_gmt":"2025-01-06T14:30:07","guid":{"rendered":"https:\/\/ceoparts.com\/?post_type=product&#038;p=12637"},"modified":"2026-05-16T17:41:42","modified_gmt":"2026-05-16T14:41:42","slug":"forklift-dc-dc-konverter-voltaj-dusurucu-36v-48v-12v-300w","status":"publish","type":"product","link":"https:\/\/ceoparts.com\/tr\/urun\/forklift-dc-dc-konverter-voltaj-dusurucu-36v-48v-12v-300w\/","title":{"rendered":"Forklift DC-DC Konvert\u00f6r Voltaj D\u00fc\u015f\u00fcr\u00fcc\u00fc 36V-48V 12V 300W"},"content":{"rendered":"<p>Forklift DC-DC Konvert\u00f6r Voltaj D\u00fc\u015f\u00fcr\u00fcc\u00fc 36V-48V 12V 300W<\/p>","protected":false},"excerpt":{"rendered":"<p data-start=\"0\" data-end=\"278\"><br data-start=\"5\" data-end=\"8\" \/>Forklift DC-DC Konvert\u00f6r Voltaj D\u00fc\u015f\u00fcr\u00fcc\u00fc 36V-48V 12V 300W, forklift ve i\u015f makinelerinde kullan\u0131lan y\u00fcksek kaliteli voltaj d\u00f6n\u00fc\u015ft\u00fcr\u00fcc\u00fc cihazd\u0131r. 36V-48V giri\u015f voltaj\u0131n\u0131 12V \u00e7\u0131k\u0131\u015fa d\u00f6n\u00fc\u015ft\u00fcr\u00fcr ve 300 watt g\u00fc\u00e7 kapasitesi ile elektronik sistemlerin stabil \u00e7al\u0131\u015fmas\u0131n\u0131 sa\u011flar.<\/p>\n<p data-start=\"280\" data-end=\"584\"><strong data-start=\"280\" data-end=\"295\">\u00d6zellikler:<\/strong><br data-start=\"295\" data-end=\"298\" \/><strong data-start=\"298\" data-end=\"311\">\u00dcr\u00fcn Ad\u0131:<\/strong> Forklift DC-DC Konvert\u00f6r Voltaj D\u00fc\u015f\u00fcr\u00fcc\u00fc 36V-48V 12V 300W<br data-start=\"369\" data-end=\"372\" \/><strong data-start=\"372\" data-end=\"387\">Par\u00e7a Kodu:<\/strong> &#8211;<br data-start=\"389\" data-end=\"392\" \/><strong data-start=\"392\" data-end=\"404\">Malzeme:<\/strong> Dayan\u0131kl\u0131 elektronik bile\u015fenler<br data-start=\"436\" data-end=\"439\" \/><strong data-start=\"439\" data-end=\"458\">Kullan\u0131m Alan\u0131:<\/strong> Forklift ve i\u015f makineleri elektronik sistemleri<br data-start=\"506\" data-end=\"509\" \/><strong data-start=\"509\" data-end=\"521\">Avantaj:<\/strong> Y\u00fcksek verimlilik, stabil voltaj \u00e7\u0131k\u0131\u015f\u0131, a\u015f\u0131r\u0131 ak\u0131m korumas\u0131<\/p>\n<p data-start=\"586\" data-end=\"855\">\n","protected":false},"featured_media":12644,"template":"","meta":[],"product_brand":[],"product_cat":[442,448],"product_tag":[],"class_list":{"0":"post-12637","1":"product","2":"type-product","3":"status-publish","4":"has-post-thumbnail","6":"product_cat-aku-yedek-parcalari","7":"product_cat-guc-kaynaklari","9":"first","10":"instock","11":"taxable","12":"shipping-taxable","13":"purchasable","14":"product-type-simple"},"_links":{"self":[{"href":"https:\/\/ceoparts.com\/tr\/wp-json\/wp\/v2\/product\/12637","targetHints":{"allow":["GET"]}}],"collection":[{"href":"https:\/\/ceoparts.com\/tr\/wp-json\/wp\/v2\/product"}],"about":[{"href":"https:\/\/ceoparts.com\/tr\/wp-json\/wp\/v2\/types\/product"}],"wp:featuredmedia":[{"embeddable":true,"href":"https:\/\/ceoparts.com\/tr\/wp-json\/wp\/v2\/media\/12644"}],"wp:attachment":[{"href":"https:\/\/ceoparts.com\/tr\/wp-json\/wp\/v2\/media?parent=12637"}],"wp:term":[{"taxonomy":"product_brand","embeddable":true,"href":"https:\/\/ceoparts.com\/tr\/wp-json\/wp\/v2\/product_brand?post=12637"},{"taxonomy":"product_cat","embeddable":true,"href":"https:\/\/ceoparts.com\/tr\/wp-json\/wp\/v2\/product_cat?post=12637"},{"taxonomy":"product_tag","embeddable":true,"href":"https:\/\/ceoparts.com\/tr\/wp-json\/wp\/v2\/product_tag?post=12637"}],"curies":[{"name":"wp","href":"https:\/\/api.w.org\/{rel}","templated":true}]}}