{"id":12645,"date":"2025-01-06T18:09:44","date_gmt":"2025-01-06T15:09:44","guid":{"rendered":"https:\/\/ceoparts.com\/?post_type=product&#038;p=12645"},"modified":"2026-05-16T21:09:30","modified_gmt":"2026-05-16T18:09:30","slug":"jungheinrich-aku-kilit-mekanizmasi-51175010","status":"publish","type":"product","link":"https:\/\/ceoparts.com\/tr\/urun\/jungheinrich-aku-kilit-mekanizmasi-51175010\/","title":{"rendered":"Kilit Ak\u00fc Mekanizmas\u0131 Jungheinrich &#8211; 51175010"},"content":{"rendered":"<p>Kilit Ak\u00fc Mekanizmas\u0131 Jungheinrich &#8211; 51175010<\/p>","protected":false},"excerpt":{"rendered":"<p data-start=\"0\" data-end=\"230\"><br data-start=\"5\" data-end=\"8\" \/>Jungheinrich Kilit Ak\u00fc Mekanizmas\u0131 \u2013 51175010, Jungheinrich forkliftlerin ak\u00fc b\u00f6lmesi kapaklar\u0131n\u0131n g\u00fcvenli ve sa\u011flam \u015fekilde kapanmas\u0131n\u0131 sa\u011flayan orijinal par\u00e7ad\u0131r. Elektrikli forklift modellerinde ak\u00fc g\u00fcvenli\u011fini art\u0131r\u0131r.<\/p>\n<p data-start=\"232\" data-end=\"505\"><strong data-start=\"232\" data-end=\"247\">\u00d6zellikler:<\/strong><br data-start=\"247\" data-end=\"250\" \/><strong data-start=\"250\" data-end=\"263\">\u00dcr\u00fcn Ad\u0131:<\/strong> Kilit Ak\u00fc Mekanizmas\u0131 Jungheinrich<br data-start=\"298\" data-end=\"301\" \/><strong data-start=\"301\" data-end=\"316\">Par\u00e7a Kodu:<\/strong> 51175010<br data-start=\"325\" data-end=\"328\" \/><strong data-start=\"328\" data-end=\"340\">Malzeme:<\/strong> Dayan\u0131kl\u0131 metal ve plastik ala\u015f\u0131m<br data-start=\"374\" data-end=\"377\" \/><strong data-start=\"377\" data-end=\"396\">Kullan\u0131m Alan\u0131:<\/strong> Jungheinrich elektrikli forklift ak\u00fc b\u00f6lmesi<br data-start=\"441\" data-end=\"444\" \/><strong data-start=\"444\" data-end=\"456\">Avantaj:<\/strong> G\u00fcvenli kilitleme, sa\u011flam yap\u0131, orijinal par\u00e7a<\/p>\n<p data-start=\"507\" data-end=\"736\">\n","protected":false},"featured_media":12646,"template":"","meta":[],"product_brand":[],"product_cat":[236,441,442,443,522],"product_tag":[],"class_list":{"0":"post-12645","1":"product","2":"type-product","3":"status-publish","4":"has-post-thumbnail","6":"product_cat-jungheinrich","7":"product_cat-yedek-parca","8":"product_cat-aku-yedek-parcalari","9":"product_cat-aku-parcalari","10":"product_cat-yedek-parca-jungheinrich","12":"first","13":"instock","14":"taxable","15":"shipping-taxable","16":"purchasable","17":"product-type-simple"},"_links":{"self":[{"href":"https:\/\/ceoparts.com\/tr\/wp-json\/wp\/v2\/product\/12645","targetHints":{"allow":["GET"]}}],"collection":[{"href":"https:\/\/ceoparts.com\/tr\/wp-json\/wp\/v2\/product"}],"about":[{"href":"https:\/\/ceoparts.com\/tr\/wp-json\/wp\/v2\/types\/product"}],"wp:featuredmedia":[{"embeddable":true,"href":"https:\/\/ceoparts.com\/tr\/wp-json\/wp\/v2\/media\/12646"}],"wp:attachment":[{"href":"https:\/\/ceoparts.com\/tr\/wp-json\/wp\/v2\/media?parent=12645"}],"wp:term":[{"taxonomy":"product_brand","embeddable":true,"href":"https:\/\/ceoparts.com\/tr\/wp-json\/wp\/v2\/product_brand?post=12645"},{"taxonomy":"product_cat","embeddable":true,"href":"https:\/\/ceoparts.com\/tr\/wp-json\/wp\/v2\/product_cat?post=12645"},{"taxonomy":"product_tag","embeddable":true,"href":"https:\/\/ceoparts.com\/tr\/wp-json\/wp\/v2\/product_tag?post=12645"}],"curies":[{"name":"wp","href":"https:\/\/api.w.org\/{rel}","templated":true}]}}