{"id":12652,"date":"2025-01-06T18:22:51","date_gmt":"2025-01-06T15:22:51","guid":{"rendered":"https:\/\/ceoparts.com\/?post_type=product&#038;p=12652"},"modified":"2026-05-16T14:33:07","modified_gmt":"2026-05-16T11:33:07","slug":"still-aku-kilit-mekanizmasi-0531035","status":"publish","type":"product","link":"https:\/\/ceoparts.com\/tr\/urun\/still-aku-kilit-mekanizmasi-0531035\/","title":{"rendered":"Still Ak\u00fc Kilit Mekanizmas\u0131 &#8211; 0531035"},"content":{"rendered":"<p>Still Ak\u00fc Kilit Mekanizmas\u0131 &#8211; 0531035<\/p>","protected":false},"excerpt":{"rendered":"<p data-start=\"0\" data-end=\"198\"><br data-start=\"5\" data-end=\"8\" \/>Still Ak\u00fc Kilit Mekanizmas\u0131 \u2013 0531035, Still forklift ve i\u015f makinelerinde kullan\u0131lan orijinal ak\u00fc kilit mekanizmas\u0131d\u0131r. Ak\u00fc b\u00f6lmesi kapaklar\u0131n\u0131n g\u00fcvenli ve sa\u011flam \u015fekilde kapanmas\u0131n\u0131 sa\u011flar.<\/p>\n<p data-start=\"200\" data-end=\"447\"><strong data-start=\"200\" data-end=\"215\">\u00d6zellikler:<\/strong><br data-start=\"215\" data-end=\"218\" \/><strong data-start=\"218\" data-end=\"231\">\u00dcr\u00fcn Ad\u0131:<\/strong> Still Ak\u00fc Kilit Mekanizmas\u0131<br data-start=\"259\" data-end=\"262\" \/><strong data-start=\"262\" data-end=\"277\">Par\u00e7a Kodu:<\/strong> 0531035<br data-start=\"285\" data-end=\"288\" \/><strong data-start=\"288\" data-end=\"300\">Malzeme:<\/strong> Dayan\u0131kl\u0131 metal ve plastik ala\u015f\u0131m<br data-start=\"334\" data-end=\"337\" \/><strong data-start=\"337\" data-end=\"356\">Kullan\u0131m Alan\u0131:<\/strong> Still forklift ak\u00fc b\u00f6lmesi<br data-start=\"383\" data-end=\"386\" \/><strong data-start=\"386\" data-end=\"398\">Avantaj:<\/strong> G\u00fcvenli kilitleme, sa\u011flam yap\u0131, orijinal par\u00e7a<\/p>\n<p data-start=\"449\" data-end=\"636\">\n","protected":false},"featured_media":17537,"template":"","meta":[],"product_brand":[],"product_cat":[442,443,524,236,241,441],"product_tag":[],"class_list":{"0":"post-12652","1":"product","2":"type-product","3":"status-publish","4":"has-post-thumbnail","6":"product_cat-aku-yedek-parcalari","7":"product_cat-aku-parcalari","8":"product_cat-yedek-parca-still","9":"product_cat-jungheinrich","10":"product_cat-still","11":"product_cat-yedek-parca","13":"first","14":"instock","15":"taxable","16":"shipping-taxable","17":"purchasable","18":"product-type-simple"},"_links":{"self":[{"href":"https:\/\/ceoparts.com\/tr\/wp-json\/wp\/v2\/product\/12652","targetHints":{"allow":["GET"]}}],"collection":[{"href":"https:\/\/ceoparts.com\/tr\/wp-json\/wp\/v2\/product"}],"about":[{"href":"https:\/\/ceoparts.com\/tr\/wp-json\/wp\/v2\/types\/product"}],"wp:featuredmedia":[{"embeddable":true,"href":"https:\/\/ceoparts.com\/tr\/wp-json\/wp\/v2\/media\/17537"}],"wp:attachment":[{"href":"https:\/\/ceoparts.com\/tr\/wp-json\/wp\/v2\/media?parent=12652"}],"wp:term":[{"taxonomy":"product_brand","embeddable":true,"href":"https:\/\/ceoparts.com\/tr\/wp-json\/wp\/v2\/product_brand?post=12652"},{"taxonomy":"product_cat","embeddable":true,"href":"https:\/\/ceoparts.com\/tr\/wp-json\/wp\/v2\/product_cat?post=12652"},{"taxonomy":"product_tag","embeddable":true,"href":"https:\/\/ceoparts.com\/tr\/wp-json\/wp\/v2\/product_tag?post=12652"}],"curies":[{"name":"wp","href":"https:\/\/api.w.org\/{rel}","templated":true}]}}