{"id":12659,"date":"2025-01-07T09:38:04","date_gmt":"2025-01-07T06:38:04","guid":{"rendered":"https:\/\/ceoparts.com\/?post_type=product&#038;p=12659"},"modified":"2026-05-16T15:28:47","modified_gmt":"2026-05-16T12:28:47","slug":"megaval-sigorta-100a-sari","status":"publish","type":"product","link":"https:\/\/ceoparts.com\/tr\/urun\/megaval-sigorta-100a-sari\/","title":{"rendered":"Megaval Sigorta 100A Sar\u0131"},"content":{"rendered":"<p>Megaval Sigorta 100A Sar\u0131<\/p>","protected":false},"excerpt":{"rendered":"<p data-start=\"0\" data-end=\"183\"><br data-start=\"5\" data-end=\"8\" \/>Megaval Sigorta 100A Sar\u0131, y\u00fcksek ak\u0131m korumas\u0131 i\u00e7in tasarlanm\u0131\u015f dayan\u0131kl\u0131 bir otomotiv sigortas\u0131d\u0131r. \u00d6zellikle forklift ve i\u015f makinelerinde ak\u00fc ve elektrik devrelerini korur.<\/p>\n<p data-start=\"185\" data-end=\"443\"><strong data-start=\"185\" data-end=\"200\">\u00d6zellikler:<\/strong><br data-start=\"200\" data-end=\"203\" \/><strong data-start=\"203\" data-end=\"216\">\u00dcr\u00fcn Ad\u0131:<\/strong> Megaval Sigorta 100A Sar\u0131<br data-start=\"242\" data-end=\"245\" \/><strong data-start=\"245\" data-end=\"260\">Par\u00e7a Kodu:<\/strong> &#8211;<br data-start=\"262\" data-end=\"265\" \/><strong data-start=\"265\" data-end=\"277\">Malzeme:<\/strong> Dayan\u0131kl\u0131 plastik ve metal ala\u015f\u0131m<br data-start=\"311\" data-end=\"314\" \/><strong data-start=\"314\" data-end=\"333\">Kullan\u0131m Alan\u0131:<\/strong> Forklift ve i\u015f makineleri elektrik devreleri<br data-start=\"378\" data-end=\"381\" \/><strong data-start=\"381\" data-end=\"393\">Avantaj:<\/strong> Y\u00fcksek ak\u0131m korumas\u0131, g\u00fcvenilir yap\u0131, uzun \u00f6m\u00fcr<\/p>\n<p data-start=\"445\" data-end=\"633\">\n","protected":false},"featured_media":12660,"template":"","meta":[],"product_brand":[],"product_cat":[442,443],"product_tag":[],"class_list":{"0":"post-12659","1":"product","2":"type-product","3":"status-publish","4":"has-post-thumbnail","6":"product_cat-aku-yedek-parcalari","7":"product_cat-aku-parcalari","9":"first","10":"instock","11":"taxable","12":"shipping-taxable","13":"purchasable","14":"product-type-simple"},"_links":{"self":[{"href":"https:\/\/ceoparts.com\/tr\/wp-json\/wp\/v2\/product\/12659","targetHints":{"allow":["GET"]}}],"collection":[{"href":"https:\/\/ceoparts.com\/tr\/wp-json\/wp\/v2\/product"}],"about":[{"href":"https:\/\/ceoparts.com\/tr\/wp-json\/wp\/v2\/types\/product"}],"wp:featuredmedia":[{"embeddable":true,"href":"https:\/\/ceoparts.com\/tr\/wp-json\/wp\/v2\/media\/12660"}],"wp:attachment":[{"href":"https:\/\/ceoparts.com\/tr\/wp-json\/wp\/v2\/media?parent=12659"}],"wp:term":[{"taxonomy":"product_brand","embeddable":true,"href":"https:\/\/ceoparts.com\/tr\/wp-json\/wp\/v2\/product_brand?post=12659"},{"taxonomy":"product_cat","embeddable":true,"href":"https:\/\/ceoparts.com\/tr\/wp-json\/wp\/v2\/product_cat?post=12659"},{"taxonomy":"product_tag","embeddable":true,"href":"https:\/\/ceoparts.com\/tr\/wp-json\/wp\/v2\/product_tag?post=12659"}],"curies":[{"name":"wp","href":"https:\/\/api.w.org\/{rel}","templated":true}]}}