{"id":12668,"date":"2025-01-07T14:45:33","date_gmt":"2025-01-07T11:45:33","guid":{"rendered":"https:\/\/ceoparts.com\/?post_type=product&#038;p=12668"},"modified":"2026-05-16T18:34:32","modified_gmt":"2026-05-16T15:34:32","slug":"megaval-sigorta-300a-gri","status":"publish","type":"product","link":"https:\/\/ceoparts.com\/tr\/urun\/megaval-sigorta-300a-gri\/","title":{"rendered":"Megaval Sigorta 300A Gri"},"content":{"rendered":"<p>Megaval Sigorta 300A Gri<\/p>","protected":false},"excerpt":{"rendered":"<p data-start=\"0\" data-end=\"172\"><br data-start=\"5\" data-end=\"8\" \/>Megaval Sigorta 300A Gri, forklift ve i\u015f makinelerinde kullan\u0131lan y\u00fcksek ak\u0131m korumas\u0131 sa\u011flayan dayan\u0131kl\u0131 bir sigortad\u0131r. Elektrik devrelerinin g\u00fcvenli\u011fini art\u0131r\u0131r.<\/p>\n<p data-start=\"174\" data-end=\"431\"><strong data-start=\"174\" data-end=\"189\">\u00d6zellikler:<\/strong><br data-start=\"189\" data-end=\"192\" \/><strong data-start=\"192\" data-end=\"205\">\u00dcr\u00fcn Ad\u0131:<\/strong> Megaval Sigorta 300A Gri<br data-start=\"230\" data-end=\"233\" \/><strong data-start=\"233\" data-end=\"248\">Par\u00e7a Kodu:<\/strong> &#8211;<br data-start=\"250\" data-end=\"253\" \/><strong data-start=\"253\" data-end=\"265\">Malzeme:<\/strong> Dayan\u0131kl\u0131 plastik ve metal ala\u015f\u0131m<br data-start=\"299\" data-end=\"302\" \/><strong data-start=\"302\" data-end=\"321\">Kullan\u0131m Alan\u0131:<\/strong> Forklift ve i\u015f makineleri elektrik devreleri<br data-start=\"366\" data-end=\"369\" \/><strong data-start=\"369\" data-end=\"381\">Avantaj:<\/strong> Y\u00fcksek ak\u0131m korumas\u0131, g\u00fcvenilir yap\u0131, uzun \u00f6m\u00fcr<\/p>\n<p data-start=\"433\" data-end=\"596\">\n","protected":false},"featured_media":12669,"template":"","meta":[],"product_brand":[],"product_cat":[442,443],"product_tag":[],"class_list":{"0":"post-12668","1":"product","2":"type-product","3":"status-publish","4":"has-post-thumbnail","6":"product_cat-aku-yedek-parcalari","7":"product_cat-aku-parcalari","9":"first","10":"instock","11":"taxable","12":"shipping-taxable","13":"purchasable","14":"product-type-simple"},"_links":{"self":[{"href":"https:\/\/ceoparts.com\/tr\/wp-json\/wp\/v2\/product\/12668","targetHints":{"allow":["GET"]}}],"collection":[{"href":"https:\/\/ceoparts.com\/tr\/wp-json\/wp\/v2\/product"}],"about":[{"href":"https:\/\/ceoparts.com\/tr\/wp-json\/wp\/v2\/types\/product"}],"wp:featuredmedia":[{"embeddable":true,"href":"https:\/\/ceoparts.com\/tr\/wp-json\/wp\/v2\/media\/12669"}],"wp:attachment":[{"href":"https:\/\/ceoparts.com\/tr\/wp-json\/wp\/v2\/media?parent=12668"}],"wp:term":[{"taxonomy":"product_brand","embeddable":true,"href":"https:\/\/ceoparts.com\/tr\/wp-json\/wp\/v2\/product_brand?post=12668"},{"taxonomy":"product_cat","embeddable":true,"href":"https:\/\/ceoparts.com\/tr\/wp-json\/wp\/v2\/product_cat?post=12668"},{"taxonomy":"product_tag","embeddable":true,"href":"https:\/\/ceoparts.com\/tr\/wp-json\/wp\/v2\/product_tag?post=12668"}],"curies":[{"name":"wp","href":"https:\/\/api.w.org\/{rel}","templated":true}]}}