{"id":12673,"date":"2025-01-07T16:17:47","date_gmt":"2025-01-07T13:17:47","guid":{"rendered":"https:\/\/ceoparts.com\/?post_type=product&#038;p=12673"},"modified":"2026-05-16T17:33:40","modified_gmt":"2026-05-16T14:33:40","slug":"anderson-power-sbx-350-600v-aku-soketi-gri","status":"publish","type":"product","link":"https:\/\/ceoparts.com\/tr\/urun\/anderson-power-sbx-350-600v-aku-soketi-gri\/","title":{"rendered":"Anderson Power Ak\u00fc Soketi Gri SBX-350 600V"},"content":{"rendered":"<p>Anderson Power Ak\u00fc Soketi Gri SBX-350 600V<\/p>","protected":false},"excerpt":{"rendered":"<p data-start=\"0\" data-end=\"194\"><br data-start=\"5\" data-end=\"8\" \/>Anderson Power Ak\u00fc Soketi Gri SBX-350 600V, y\u00fcksek ak\u0131m ta\u015f\u0131ma kapasitesine sahip dayan\u0131kl\u0131 ve g\u00fcvenilir bir ak\u00fc konnekt\u00f6r\u00fcd\u00fcr. End\u00fcstriyel ve elektrikli ara\u00e7 uygulamalar\u0131nda kullan\u0131l\u0131r.<\/p>\n<p data-start=\"196\" data-end=\"501\"><strong data-start=\"196\" data-end=\"211\">\u00d6zellikler:<\/strong><br data-start=\"211\" data-end=\"214\" \/><strong data-start=\"214\" data-end=\"227\">\u00dcr\u00fcn Ad\u0131:<\/strong> Anderson Power Ak\u00fc Soketi Gri SBX-350 600V<br data-start=\"270\" data-end=\"273\" \/><strong data-start=\"273\" data-end=\"288\">Par\u00e7a Kodu:<\/strong> SBX-350<br data-start=\"296\" data-end=\"299\" \/><strong data-start=\"299\" data-end=\"311\">Malzeme:<\/strong> Kimyasal dayan\u0131kl\u0131 PBT\/PC kar\u0131\u015f\u0131m\u0131<br data-start=\"346\" data-end=\"349\" \/><strong data-start=\"349\" data-end=\"368\">Kullan\u0131m Alan\u0131:<\/strong> Elektrikli forkliftler, i\u015f makineleri, enerji depolama sistemleri<br data-start=\"434\" data-end=\"437\" \/><strong data-start=\"437\" data-end=\"449\">Avantaj:<\/strong> Y\u00fcksek ak\u0131m kapasitesi, sa\u011flam yap\u0131, kolay montaj<\/p>\n<p data-start=\"503\" data-end=\"696\">\n","protected":false},"featured_media":12689,"template":"","meta":[],"product_brand":[],"product_cat":[251,442,444,518],"product_tag":[],"class_list":{"0":"post-12673","1":"product","2":"type-product","3":"status-publish","4":"has-post-thumbnail","6":"product_cat-bt","7":"product_cat-aku-yedek-parcalari","8":"product_cat-aku-fisi","9":"product_cat-yedek-parca-bt","11":"first","12":"instock","13":"taxable","14":"shipping-taxable","15":"purchasable","16":"product-type-simple"},"_links":{"self":[{"href":"https:\/\/ceoparts.com\/tr\/wp-json\/wp\/v2\/product\/12673","targetHints":{"allow":["GET"]}}],"collection":[{"href":"https:\/\/ceoparts.com\/tr\/wp-json\/wp\/v2\/product"}],"about":[{"href":"https:\/\/ceoparts.com\/tr\/wp-json\/wp\/v2\/types\/product"}],"wp:featuredmedia":[{"embeddable":true,"href":"https:\/\/ceoparts.com\/tr\/wp-json\/wp\/v2\/media\/12689"}],"wp:attachment":[{"href":"https:\/\/ceoparts.com\/tr\/wp-json\/wp\/v2\/media?parent=12673"}],"wp:term":[{"taxonomy":"product_brand","embeddable":true,"href":"https:\/\/ceoparts.com\/tr\/wp-json\/wp\/v2\/product_brand?post=12673"},{"taxonomy":"product_cat","embeddable":true,"href":"https:\/\/ceoparts.com\/tr\/wp-json\/wp\/v2\/product_cat?post=12673"},{"taxonomy":"product_tag","embeddable":true,"href":"https:\/\/ceoparts.com\/tr\/wp-json\/wp\/v2\/product_tag?post=12673"}],"curies":[{"name":"wp","href":"https:\/\/api.w.org\/{rel}","templated":true}]}}