{"id":12674,"date":"2025-01-07T16:29:35","date_gmt":"2025-01-07T13:29:35","guid":{"rendered":"https:\/\/ceoparts.com\/?post_type=product&#038;p=12674"},"modified":"2026-05-16T17:29:17","modified_gmt":"2026-05-16T14:29:17","slug":"anderson-power-sb175-600v-aku-soketi-gri","status":"publish","type":"product","link":"https:\/\/ceoparts.com\/tr\/urun\/anderson-power-sb175-600v-aku-soketi-gri\/","title":{"rendered":"Anderson Power SB 175 &#8211; 600V Ak\u00fc Soketi Gri"},"content":{"rendered":"<p>Anderson Power SB 175 &#8211; 600V Ak\u00fc Soketi Gri<\/p>","protected":false},"excerpt":{"rendered":"<p data-start=\"0\" data-end=\"208\"><br data-start=\"5\" data-end=\"8\" \/>Anderson Power SB175 \u2013 600V Ak\u00fc Soketi Gri, y\u00fcksek ak\u0131m ta\u015f\u0131ma kapasitesine sahip g\u00fcvenilir ve dayan\u0131kl\u0131 bir ak\u00fc konnekt\u00f6r\u00fcd\u00fcr. End\u00fcstriyel ve elektrikli ara\u00e7 uygulamalar\u0131nda yayg\u0131n olarak kullan\u0131l\u0131r.<\/p>\n<p data-start=\"210\" data-end=\"513\"><strong data-start=\"210\" data-end=\"225\">\u00d6zellikler:<\/strong><br data-start=\"225\" data-end=\"228\" \/><strong data-start=\"228\" data-end=\"241\">\u00dcr\u00fcn Ad\u0131:<\/strong> Anderson Power SB175 \u2013 600V Ak\u00fc Soketi Gri<br data-start=\"284\" data-end=\"287\" \/><strong data-start=\"287\" data-end=\"302\">Par\u00e7a Kodu:<\/strong> SB175<br data-start=\"308\" data-end=\"311\" \/><strong data-start=\"311\" data-end=\"323\">Malzeme:<\/strong> Kimyasal dayan\u0131kl\u0131 PBT\/PC kar\u0131\u015f\u0131m\u0131<br data-start=\"358\" data-end=\"361\" \/><strong data-start=\"361\" data-end=\"380\">Kullan\u0131m Alan\u0131:<\/strong> Elektrikli forkliftler, i\u015f makineleri, enerji depolama sistemleri<br data-start=\"446\" data-end=\"449\" \/><strong data-start=\"449\" data-end=\"461\">Avantaj:<\/strong> Y\u00fcksek ak\u0131m kapasitesi, sa\u011flam yap\u0131, kolay montaj<\/p>\n<p data-start=\"515\" data-end=\"717\">\n","protected":false},"featured_media":12688,"template":"","meta":[],"product_brand":[],"product_cat":[251,442,444,518],"product_tag":[],"class_list":{"0":"post-12674","1":"product","2":"type-product","3":"status-publish","4":"has-post-thumbnail","6":"product_cat-bt","7":"product_cat-aku-yedek-parcalari","8":"product_cat-aku-fisi","9":"product_cat-yedek-parca-bt","11":"first","12":"instock","13":"taxable","14":"shipping-taxable","15":"purchasable","16":"product-type-simple"},"_links":{"self":[{"href":"https:\/\/ceoparts.com\/tr\/wp-json\/wp\/v2\/product\/12674","targetHints":{"allow":["GET"]}}],"collection":[{"href":"https:\/\/ceoparts.com\/tr\/wp-json\/wp\/v2\/product"}],"about":[{"href":"https:\/\/ceoparts.com\/tr\/wp-json\/wp\/v2\/types\/product"}],"wp:featuredmedia":[{"embeddable":true,"href":"https:\/\/ceoparts.com\/tr\/wp-json\/wp\/v2\/media\/12688"}],"wp:attachment":[{"href":"https:\/\/ceoparts.com\/tr\/wp-json\/wp\/v2\/media?parent=12674"}],"wp:term":[{"taxonomy":"product_brand","embeddable":true,"href":"https:\/\/ceoparts.com\/tr\/wp-json\/wp\/v2\/product_brand?post=12674"},{"taxonomy":"product_cat","embeddable":true,"href":"https:\/\/ceoparts.com\/tr\/wp-json\/wp\/v2\/product_cat?post=12674"},{"taxonomy":"product_tag","embeddable":true,"href":"https:\/\/ceoparts.com\/tr\/wp-json\/wp\/v2\/product_tag?post=12674"}],"curies":[{"name":"wp","href":"https:\/\/api.w.org\/{rel}","templated":true}]}}