{"id":12690,"date":"2025-01-07T17:03:29","date_gmt":"2025-01-07T14:03:29","guid":{"rendered":"https:\/\/ceoparts.com\/?post_type=product&#038;p=12690"},"modified":"2026-05-16T13:15:47","modified_gmt":"2026-05-16T10:15:47","slug":"anderson-power-sb50-600v-aku-soketi-gri","status":"publish","type":"product","link":"https:\/\/ceoparts.com\/tr\/urun\/anderson-power-sb50-600v-aku-soketi-gri\/","title":{"rendered":"Anderson Power SB 50 600V Ak\u00fc Soketi Gri"},"content":{"rendered":"<p>Anderson Power SB 50 600V Ak\u00fc Soketi Gri<\/p>\n<p>Anderson Power SB 50 600V Ak\u00fc Soketi Gri<\/p>","protected":false},"excerpt":{"rendered":"<p data-start=\"0\" data-end=\"202\">Anderson Power SB50 600V Ak\u00fc Soketi Gri, d\u00fc\u015f\u00fck ve orta ak\u0131m uygulamalar\u0131 i\u00e7in tasarlanm\u0131\u015f dayan\u0131kl\u0131 ve g\u00fcvenilir bir ak\u00fc konnekt\u00f6r\u00fcd\u00fcr. Elektrikli ara\u00e7lar ve end\u00fcstriyel ekipmanlarda kullan\u0131l\u0131r.<\/p>\n<p data-start=\"204\" data-end=\"502\"><strong data-start=\"204\" data-end=\"219\">\u00d6zellikler:<\/strong><br data-start=\"219\" data-end=\"222\" \/><strong data-start=\"222\" data-end=\"235\">\u00dcr\u00fcn Ad\u0131:<\/strong> Anderson Power SB50 600V Ak\u00fc Soketi Gri<br data-start=\"275\" data-end=\"278\" \/><strong data-start=\"278\" data-end=\"293\">Par\u00e7a Kodu:<\/strong> SB50<br data-start=\"298\" data-end=\"301\" \/><strong data-start=\"301\" data-end=\"313\">Malzeme:<\/strong> Kimyasal dayan\u0131kl\u0131 PBT\/PC kar\u0131\u015f\u0131m\u0131<br data-start=\"348\" data-end=\"351\" \/><strong data-start=\"351\" data-end=\"370\">Kullan\u0131m Alan\u0131:<\/strong> Elektrikli forkliftler, i\u015f makineleri, hafif end\u00fcstriyel ara\u00e7lar<br data-start=\"435\" data-end=\"438\" \/><strong data-start=\"438\" data-end=\"450\">Avantaj:<\/strong> Kompakt tasar\u0131m, g\u00fcvenilir ba\u011flant\u0131, kolay montaj<\/p>\n<p data-start=\"504\" data-end=\"696\">\n","protected":false},"featured_media":12700,"template":"","meta":[],"product_brand":[],"product_cat":[251,442,444,518],"product_tag":[],"class_list":{"0":"post-12690","1":"product","2":"type-product","3":"status-publish","4":"has-post-thumbnail","6":"product_cat-bt","7":"product_cat-aku-yedek-parcalari","8":"product_cat-aku-fisi","9":"product_cat-yedek-parca-bt","11":"first","12":"instock","13":"taxable","14":"shipping-taxable","15":"purchasable","16":"product-type-simple"},"_links":{"self":[{"href":"https:\/\/ceoparts.com\/tr\/wp-json\/wp\/v2\/product\/12690","targetHints":{"allow":["GET"]}}],"collection":[{"href":"https:\/\/ceoparts.com\/tr\/wp-json\/wp\/v2\/product"}],"about":[{"href":"https:\/\/ceoparts.com\/tr\/wp-json\/wp\/v2\/types\/product"}],"wp:featuredmedia":[{"embeddable":true,"href":"https:\/\/ceoparts.com\/tr\/wp-json\/wp\/v2\/media\/12700"}],"wp:attachment":[{"href":"https:\/\/ceoparts.com\/tr\/wp-json\/wp\/v2\/media?parent=12690"}],"wp:term":[{"taxonomy":"product_brand","embeddable":true,"href":"https:\/\/ceoparts.com\/tr\/wp-json\/wp\/v2\/product_brand?post=12690"},{"taxonomy":"product_cat","embeddable":true,"href":"https:\/\/ceoparts.com\/tr\/wp-json\/wp\/v2\/product_cat?post=12690"},{"taxonomy":"product_tag","embeddable":true,"href":"https:\/\/ceoparts.com\/tr\/wp-json\/wp\/v2\/product_tag?post=12690"}],"curies":[{"name":"wp","href":"https:\/\/api.w.org\/{rel}","templated":true}]}}