{"id":12708,"date":"2025-01-08T10:22:47","date_gmt":"2025-01-08T07:22:47","guid":{"rendered":"https:\/\/ceoparts.com\/?post_type=product&#038;p=12708"},"modified":"2026-05-16T14:03:57","modified_gmt":"2026-05-16T11:03:57","slug":"anderson-power-sb350a-600v-aku-soketi-fisi-kirmizi","status":"publish","type":"product","link":"https:\/\/ceoparts.com\/tr\/urun\/anderson-power-sb350a-600v-aku-soketi-fisi-kirmizi\/","title":{"rendered":"Anderson Power SB 350A 600V Ak\u00fc Soketi \/ Fi\u015fi K\u0131rm\u0131z\u0131"},"content":{"rendered":"<p>Anderson Power SB 350A 600V Ak\u00fc Soketi \/ Fi\u015fi K\u0131rm\u0131z\u0131<\/p>","protected":false},"excerpt":{"rendered":"<article class=\"text-token-text-primary w-full\" dir=\"auto\" data-testid=\"conversation-turn-197\" data-scroll-anchor=\"true\">\n<div class=\"text-base my-auto mx-auto py-5 [--thread-content-margin:--spacing(4)] @[37rem]:[--thread-content-margin:--spacing(6)] @[72rem]:[--thread-content-margin:--spacing(16)] px-(--thread-content-margin)\">\n<div class=\"[--thread-content-max-width:32rem] @[34rem]:[--thread-content-max-width:40rem] @[64rem]:[--thread-content-max-width:48rem] mx-auto flex max-w-(--thread-content-max-width) flex-1 text-base gap-4 md:gap-5 lg:gap-6 group\/turn-messages focus-visible:outline-hidden\" tabindex=\"-1\">\n<div class=\"group\/conversation-turn relative flex w-full min-w-0 flex-col agent-turn\">\n<div class=\"relative flex-col gap-1 md:gap-3\">\n<div class=\"flex max-w-full flex-col grow\">\n<div class=\"min-h-8 text-message relative flex w-full flex-col items-end gap-2 text-start break-words whitespace-normal [.text-message+&amp;]:mt-5\" dir=\"auto\" data-message-author-role=\"assistant\" data-message-id=\"46fa3fe1-29ed-4e1d-802f-7f836266ed83\" data-message-model-slug=\"gpt-4-1-mini\">\n<div class=\"flex w-full flex-col gap-1 empty:hidden first:pt-[3px]\">\n<div class=\"markdown prose dark:prose-invert w-full break-words light\">\n<p data-start=\"0\" data-end=\"228\"><br data-start=\"5\" data-end=\"8\" \/>Anderson Power SB350A 600V Ak\u00fc Soketi \/ Fi\u015fi K\u0131rm\u0131z\u0131, forklift ve i\u015f makinelerinde kullan\u0131lan dayan\u0131kl\u0131 ve y\u00fcksek voltaj kapasiteli k\u0131rm\u0131z\u0131 renkli ak\u00fc soketidir. 600V voltaj deste\u011fi ile g\u00fcvenli ve sa\u011flam ba\u011flant\u0131 sa\u011flar.<\/p>\n<p data-start=\"230\" data-end=\"527\"><strong data-start=\"230\" data-end=\"245\">\u00d6zellikler:<\/strong><br data-start=\"245\" data-end=\"248\" \/><strong data-start=\"248\" data-end=\"261\">\u00dcr\u00fcn Ad\u0131:<\/strong> Anderson Power SB350A 600V Ak\u00fc Soketi \/ Fi\u015fi K\u0131rm\u0131z\u0131<br data-start=\"314\" data-end=\"317\" \/><strong data-start=\"317\" data-end=\"332\">Par\u00e7a Kodu:<\/strong> SB350A<br data-start=\"339\" data-end=\"342\" \/><strong data-start=\"342\" data-end=\"354\">Malzeme:<\/strong> Y\u00fcksek kaliteli plastik ve metal ala\u015f\u0131m<br data-start=\"394\" data-end=\"397\" \/><strong data-start=\"397\" data-end=\"416\">Kullan\u0131m Alan\u0131:<\/strong> Forklift ve i\u015f makineleri ak\u00fc ba\u011flant\u0131s\u0131<br data-start=\"457\" data-end=\"460\" \/><strong data-start=\"460\" data-end=\"472\">Avantaj:<\/strong> Y\u00fcksek voltaj deste\u011fi, sa\u011flam yap\u0131, g\u00fcvenli ba\u011flant\u0131<\/p>\n<p data-start=\"529\" data-end=\"750\">\n","protected":false},"featured_media":12714,"template":"","meta":[],"product_brand":[],"product_cat":[442,444],"product_tag":[],"class_list":{"0":"post-12708","1":"product","2":"type-product","3":"status-publish","4":"has-post-thumbnail","6":"product_cat-aku-yedek-parcalari","7":"product_cat-aku-fisi","9":"first","10":"instock","11":"taxable","12":"shipping-taxable","13":"purchasable","14":"product-type-simple"},"_links":{"self":[{"href":"https:\/\/ceoparts.com\/tr\/wp-json\/wp\/v2\/product\/12708","targetHints":{"allow":["GET"]}}],"collection":[{"href":"https:\/\/ceoparts.com\/tr\/wp-json\/wp\/v2\/product"}],"about":[{"href":"https:\/\/ceoparts.com\/tr\/wp-json\/wp\/v2\/types\/product"}],"wp:featuredmedia":[{"embeddable":true,"href":"https:\/\/ceoparts.com\/tr\/wp-json\/wp\/v2\/media\/12714"}],"wp:attachment":[{"href":"https:\/\/ceoparts.com\/tr\/wp-json\/wp\/v2\/media?parent=12708"}],"wp:term":[{"taxonomy":"product_brand","embeddable":true,"href":"https:\/\/ceoparts.com\/tr\/wp-json\/wp\/v2\/product_brand?post=12708"},{"taxonomy":"product_cat","embeddable":true,"href":"https:\/\/ceoparts.com\/tr\/wp-json\/wp\/v2\/product_cat?post=12708"},{"taxonomy":"product_tag","embeddable":true,"href":"https:\/\/ceoparts.com\/tr\/wp-json\/wp\/v2\/product_tag?post=12708"}],"curies":[{"name":"wp","href":"https:\/\/api.w.org\/{rel}","templated":true}]}}