{"id":12715,"date":"2025-01-08T10:42:55","date_gmt":"2025-01-08T07:42:55","guid":{"rendered":"https:\/\/ceoparts.com\/?post_type=product&#038;p=12715"},"modified":"2026-05-16T18:33:44","modified_gmt":"2026-05-16T15:33:44","slug":"anderson-power-sb320-600v-aku-soketi-gri","status":"publish","type":"product","link":"https:\/\/ceoparts.com\/tr\/urun\/anderson-power-sb320-600v-aku-soketi-gri\/","title":{"rendered":"Anderson Power SBE 320 600V Ak\u00fc Soketi Gri"},"content":{"rendered":"<p>Anderson Power SBE 320 600V Ak\u00fc Soketi Gri<\/p>","protected":false},"excerpt":{"rendered":"<p data-start=\"0\" data-end=\"213\"><br data-start=\"5\" data-end=\"8\" \/>Anderson Power SBE320 600V Ak\u00fc Soketi Gri, forklift ve i\u015f makinelerinde kullan\u0131lan dayan\u0131kl\u0131 ve y\u00fcksek voltaj kapasiteli gri renkli ak\u00fc soketidir. 600V voltaj deste\u011fi ile g\u00fcvenli ve sa\u011flam ba\u011flant\u0131 sa\u011flar.<\/p>\n<p data-start=\"215\" data-end=\"501\"><strong data-start=\"215\" data-end=\"230\">\u00d6zellikler:<\/strong><br data-start=\"230\" data-end=\"233\" \/><strong data-start=\"233\" data-end=\"246\">\u00dcr\u00fcn Ad\u0131:<\/strong> Anderson Power SBE320 600V Ak\u00fc Soketi Gri<br data-start=\"288\" data-end=\"291\" \/><strong data-start=\"291\" data-end=\"306\">Par\u00e7a Kodu:<\/strong> SBE320<br data-start=\"313\" data-end=\"316\" \/><strong data-start=\"316\" data-end=\"328\">Malzeme:<\/strong> Y\u00fcksek kaliteli plastik ve metal ala\u015f\u0131m<br data-start=\"368\" data-end=\"371\" \/><strong data-start=\"371\" data-end=\"390\">Kullan\u0131m Alan\u0131:<\/strong> Forklift ve i\u015f makineleri ak\u00fc ba\u011flant\u0131s\u0131<br data-start=\"431\" data-end=\"434\" \/><strong data-start=\"434\" data-end=\"446\">Avantaj:<\/strong> Y\u00fcksek voltaj deste\u011fi, sa\u011flam yap\u0131, g\u00fcvenli ba\u011flant\u0131<\/p>\n<p data-start=\"503\" data-end=\"716\">\n","protected":false},"featured_media":12721,"template":"","meta":[],"product_brand":[],"product_cat":[442,444],"product_tag":[],"class_list":{"0":"post-12715","1":"product","2":"type-product","3":"status-publish","4":"has-post-thumbnail","6":"product_cat-aku-yedek-parcalari","7":"product_cat-aku-fisi","9":"first","10":"instock","11":"taxable","12":"shipping-taxable","13":"purchasable","14":"product-type-simple"},"_links":{"self":[{"href":"https:\/\/ceoparts.com\/tr\/wp-json\/wp\/v2\/product\/12715","targetHints":{"allow":["GET"]}}],"collection":[{"href":"https:\/\/ceoparts.com\/tr\/wp-json\/wp\/v2\/product"}],"about":[{"href":"https:\/\/ceoparts.com\/tr\/wp-json\/wp\/v2\/types\/product"}],"wp:featuredmedia":[{"embeddable":true,"href":"https:\/\/ceoparts.com\/tr\/wp-json\/wp\/v2\/media\/12721"}],"wp:attachment":[{"href":"https:\/\/ceoparts.com\/tr\/wp-json\/wp\/v2\/media?parent=12715"}],"wp:term":[{"taxonomy":"product_brand","embeddable":true,"href":"https:\/\/ceoparts.com\/tr\/wp-json\/wp\/v2\/product_brand?post=12715"},{"taxonomy":"product_cat","embeddable":true,"href":"https:\/\/ceoparts.com\/tr\/wp-json\/wp\/v2\/product_cat?post=12715"},{"taxonomy":"product_tag","embeddable":true,"href":"https:\/\/ceoparts.com\/tr\/wp-json\/wp\/v2\/product_tag?post=12715"}],"curies":[{"name":"wp","href":"https:\/\/api.w.org\/{rel}","templated":true}]}}