{"id":12722,"date":"2025-01-08T11:01:48","date_gmt":"2025-01-08T08:01:48","guid":{"rendered":"https:\/\/ceoparts.com\/?post_type=product&#038;p=12722"},"modified":"2026-05-16T17:05:05","modified_gmt":"2026-05-16T14:05:05","slug":"anderson-power-sbe320-aku-soketi-fisi-kirmizi","status":"publish","type":"product","link":"https:\/\/ceoparts.com\/tr\/urun\/anderson-power-sbe320-aku-soketi-fisi-kirmizi\/","title":{"rendered":"Anderson Power SBE 320 Ak\u00fc Soketi \/ Fi\u015fi K\u0131rm\u0131z\u0131"},"content":{"rendered":"<p>Anderson Power SBE 320 Ak\u00fc Soketi \/ Fi\u015fi K\u0131rm\u0131z\u0131<\/p>","protected":false},"excerpt":{"rendered":"<p data-start=\"0\" data-end=\"213\"><br data-start=\"5\" data-end=\"8\" \/>Anderson Power SBE 320 Ak\u00fc Soketi \/ Fi\u015fi K\u0131rm\u0131z\u0131, forklift ve i\u015f makinelerinde kullan\u0131lan dayan\u0131kl\u0131 ve y\u00fcksek ak\u0131m ta\u015f\u0131ma kapasitesine sahip k\u0131rm\u0131z\u0131 renkli ak\u00fc soketidir. G\u00fcvenli ve sa\u011flam ba\u011flant\u0131 sa\u011flar.<\/p>\n<p data-start=\"215\" data-end=\"516\"><strong data-start=\"215\" data-end=\"230\">\u00d6zellikler:<\/strong><br data-start=\"230\" data-end=\"233\" \/><strong data-start=\"233\" data-end=\"246\">\u00dcr\u00fcn Ad\u0131:<\/strong> Anderson Power SBE 320 Ak\u00fc Soketi \/ Fi\u015fi K\u0131rm\u0131z\u0131<br data-start=\"295\" data-end=\"298\" \/><strong data-start=\"298\" data-end=\"313\">Par\u00e7a Kodu:<\/strong> SBE320<br data-start=\"320\" data-end=\"323\" \/><strong data-start=\"323\" data-end=\"335\">Malzeme:<\/strong> Y\u00fcksek kaliteli plastik ve metal ala\u015f\u0131m<br data-start=\"375\" data-end=\"378\" \/><strong data-start=\"378\" data-end=\"397\">Kullan\u0131m Alan\u0131:<\/strong> Forklift ve i\u015f makineleri ak\u00fc ba\u011flant\u0131s\u0131<br data-start=\"438\" data-end=\"441\" \/><strong data-start=\"441\" data-end=\"453\">Avantaj:<\/strong> Y\u00fcksek ak\u0131m ta\u015f\u0131ma kapasitesi, sa\u011flam yap\u0131, g\u00fcvenli ba\u011flant\u0131<\/p>\n<p data-start=\"518\" data-end=\"725\">\n","protected":false},"featured_media":12728,"template":"","meta":[],"product_brand":[],"product_cat":[442,444],"product_tag":[],"class_list":{"0":"post-12722","1":"product","2":"type-product","3":"status-publish","4":"has-post-thumbnail","6":"product_cat-aku-yedek-parcalari","7":"product_cat-aku-fisi","9":"first","10":"instock","11":"taxable","12":"shipping-taxable","13":"purchasable","14":"product-type-simple"},"_links":{"self":[{"href":"https:\/\/ceoparts.com\/tr\/wp-json\/wp\/v2\/product\/12722","targetHints":{"allow":["GET"]}}],"collection":[{"href":"https:\/\/ceoparts.com\/tr\/wp-json\/wp\/v2\/product"}],"about":[{"href":"https:\/\/ceoparts.com\/tr\/wp-json\/wp\/v2\/types\/product"}],"wp:featuredmedia":[{"embeddable":true,"href":"https:\/\/ceoparts.com\/tr\/wp-json\/wp\/v2\/media\/12728"}],"wp:attachment":[{"href":"https:\/\/ceoparts.com\/tr\/wp-json\/wp\/v2\/media?parent=12722"}],"wp:term":[{"taxonomy":"product_brand","embeddable":true,"href":"https:\/\/ceoparts.com\/tr\/wp-json\/wp\/v2\/product_brand?post=12722"},{"taxonomy":"product_cat","embeddable":true,"href":"https:\/\/ceoparts.com\/tr\/wp-json\/wp\/v2\/product_cat?post=12722"},{"taxonomy":"product_tag","embeddable":true,"href":"https:\/\/ceoparts.com\/tr\/wp-json\/wp\/v2\/product_tag?post=12722"}],"curies":[{"name":"wp","href":"https:\/\/api.w.org\/{rel}","templated":true}]}}