{"id":12729,"date":"2025-01-08T11:38:22","date_gmt":"2025-01-08T08:38:22","guid":{"rendered":"https:\/\/ceoparts.com\/?post_type=product&#038;p=12729"},"modified":"2026-05-16T13:29:19","modified_gmt":"2026-05-16T10:29:19","slug":"anderson-power-sb120-aku-soketi-gri","status":"publish","type":"product","link":"https:\/\/ceoparts.com\/tr\/urun\/anderson-power-sb120-aku-soketi-gri\/","title":{"rendered":"Anderson Power SB 120 Ak\u00fc Soketi Gri"},"content":{"rendered":"<p>Anderson Power SB 120 Ak\u00fc Soketi Gri<\/p>","protected":false},"excerpt":{"rendered":"<p data-start=\"0\" data-end=\"196\"><br data-start=\"5\" data-end=\"8\" \/>Anderson Power SB120 Ak\u00fc Soketi Gri, forklift ve i\u015f makinelerinde kullan\u0131lan dayan\u0131kl\u0131 ve y\u00fcksek ak\u0131m ta\u015f\u0131ma kapasitesine sahip gri renkli ak\u00fc soketidir. G\u00fcvenli ve sa\u011flam ba\u011flant\u0131 sa\u011flar.<\/p>\n<p data-start=\"198\" data-end=\"485\"><strong data-start=\"198\" data-end=\"213\">\u00d6zellikler:<\/strong><br data-start=\"213\" data-end=\"216\" \/><strong data-start=\"216\" data-end=\"229\">\u00dcr\u00fcn Ad\u0131:<\/strong> Anderson Power SB120 Ak\u00fc Soketi Gri<br data-start=\"265\" data-end=\"268\" \/><strong data-start=\"268\" data-end=\"283\">Par\u00e7a Kodu:<\/strong> SB120<br data-start=\"289\" data-end=\"292\" \/><strong data-start=\"292\" data-end=\"304\">Malzeme:<\/strong> Y\u00fcksek kaliteli plastik ve metal ala\u015f\u0131m<br data-start=\"344\" data-end=\"347\" \/><strong data-start=\"347\" data-end=\"366\">Kullan\u0131m Alan\u0131:<\/strong> Forklift ve i\u015f makineleri ak\u00fc ba\u011flant\u0131s\u0131<br data-start=\"407\" data-end=\"410\" \/><strong data-start=\"410\" data-end=\"422\">Avantaj:<\/strong> Y\u00fcksek ak\u0131m ta\u015f\u0131ma kapasitesi, sa\u011flam yap\u0131, g\u00fcvenli ba\u011flant\u0131<\/p>\n<p data-start=\"487\" data-end=\"687\">\n","protected":false},"featured_media":12735,"template":"","meta":[],"product_brand":[],"product_cat":[442,444],"product_tag":[],"class_list":{"0":"post-12729","1":"product","2":"type-product","3":"status-publish","4":"has-post-thumbnail","6":"product_cat-aku-yedek-parcalari","7":"product_cat-aku-fisi","9":"first","10":"instock","11":"taxable","12":"shipping-taxable","13":"purchasable","14":"product-type-simple"},"_links":{"self":[{"href":"https:\/\/ceoparts.com\/tr\/wp-json\/wp\/v2\/product\/12729","targetHints":{"allow":["GET"]}}],"collection":[{"href":"https:\/\/ceoparts.com\/tr\/wp-json\/wp\/v2\/product"}],"about":[{"href":"https:\/\/ceoparts.com\/tr\/wp-json\/wp\/v2\/types\/product"}],"wp:featuredmedia":[{"embeddable":true,"href":"https:\/\/ceoparts.com\/tr\/wp-json\/wp\/v2\/media\/12735"}],"wp:attachment":[{"href":"https:\/\/ceoparts.com\/tr\/wp-json\/wp\/v2\/media?parent=12729"}],"wp:term":[{"taxonomy":"product_brand","embeddable":true,"href":"https:\/\/ceoparts.com\/tr\/wp-json\/wp\/v2\/product_brand?post=12729"},{"taxonomy":"product_cat","embeddable":true,"href":"https:\/\/ceoparts.com\/tr\/wp-json\/wp\/v2\/product_cat?post=12729"},{"taxonomy":"product_tag","embeddable":true,"href":"https:\/\/ceoparts.com\/tr\/wp-json\/wp\/v2\/product_tag?post=12729"}],"curies":[{"name":"wp","href":"https:\/\/api.w.org\/{rel}","templated":true}]}}