{"id":12736,"date":"2025-01-08T12:01:16","date_gmt":"2025-01-08T09:01:16","guid":{"rendered":"https:\/\/ceoparts.com\/?post_type=product&#038;p=12736"},"modified":"2026-05-16T12:16:56","modified_gmt":"2026-05-16T09:16:56","slug":"anderson-power-sb320a-aku-soketi-fisi-siyah","status":"publish","type":"product","link":"https:\/\/ceoparts.com\/tr\/urun\/anderson-power-sb320a-aku-soketi-fisi-siyah\/","title":{"rendered":"Anderson Power SBE 320A Ak\u00fc Soketi \/ Fi\u015fi Siyah"},"content":{"rendered":"<p>Anderson Power SBE 320A Ak\u00fc Soketi \/ Fi\u015fi Siyah<\/p>","protected":false},"excerpt":{"rendered":"<p data-start=\"0\" data-end=\"214\"><br data-start=\"5\" data-end=\"8\" \/>Anderson Power SBE320A Ak\u00fc Soketi \/ Fi\u015fi Siyah, forklift ve i\u015f makinelerinde kullan\u0131lan dayan\u0131kl\u0131 ve y\u00fcksek ak\u0131m ta\u015f\u0131ma kapasitesine sahip ak\u00fc soketidir. Siyah renkte olup g\u00fcvenli ve sa\u011flam ba\u011flant\u0131 sa\u011flar.<\/p>\n<p data-start=\"216\" data-end=\"516\"><strong data-start=\"216\" data-end=\"231\">\u00d6zellikler:<\/strong><br data-start=\"231\" data-end=\"234\" \/><strong data-start=\"234\" data-end=\"247\">\u00dcr\u00fcn Ad\u0131:<\/strong> Anderson Power SBE320A Ak\u00fc Soketi \/ Fi\u015fi Siyah<br data-start=\"294\" data-end=\"297\" \/><strong data-start=\"297\" data-end=\"312\">Par\u00e7a Kodu:<\/strong> SBE320A<br data-start=\"320\" data-end=\"323\" \/><strong data-start=\"323\" data-end=\"335\">Malzeme:<\/strong> Y\u00fcksek kaliteli plastik ve metal ala\u015f\u0131m<br data-start=\"375\" data-end=\"378\" \/><strong data-start=\"378\" data-end=\"397\">Kullan\u0131m Alan\u0131:<\/strong> Forklift ve i\u015f makineleri ak\u00fc ba\u011flant\u0131s\u0131<br data-start=\"438\" data-end=\"441\" \/><strong data-start=\"441\" data-end=\"453\">Avantaj:<\/strong> Y\u00fcksek ak\u0131m ta\u015f\u0131ma kapasitesi, sa\u011flam yap\u0131, g\u00fcvenli ba\u011flant\u0131<\/p>\n<p data-start=\"518\" data-end=\"729\">\n","protected":false},"featured_media":12737,"template":"","meta":[],"product_brand":[],"product_cat":[442,444],"product_tag":[],"class_list":{"0":"post-12736","1":"product","2":"type-product","3":"status-publish","4":"has-post-thumbnail","6":"product_cat-aku-yedek-parcalari","7":"product_cat-aku-fisi","9":"first","10":"instock","11":"taxable","12":"shipping-taxable","13":"purchasable","14":"product-type-simple"},"_links":{"self":[{"href":"https:\/\/ceoparts.com\/tr\/wp-json\/wp\/v2\/product\/12736","targetHints":{"allow":["GET"]}}],"collection":[{"href":"https:\/\/ceoparts.com\/tr\/wp-json\/wp\/v2\/product"}],"about":[{"href":"https:\/\/ceoparts.com\/tr\/wp-json\/wp\/v2\/types\/product"}],"wp:featuredmedia":[{"embeddable":true,"href":"https:\/\/ceoparts.com\/tr\/wp-json\/wp\/v2\/media\/12737"}],"wp:attachment":[{"href":"https:\/\/ceoparts.com\/tr\/wp-json\/wp\/v2\/media?parent=12736"}],"wp:term":[{"taxonomy":"product_brand","embeddable":true,"href":"https:\/\/ceoparts.com\/tr\/wp-json\/wp\/v2\/product_brand?post=12736"},{"taxonomy":"product_cat","embeddable":true,"href":"https:\/\/ceoparts.com\/tr\/wp-json\/wp\/v2\/product_cat?post=12736"},{"taxonomy":"product_tag","embeddable":true,"href":"https:\/\/ceoparts.com\/tr\/wp-json\/wp\/v2\/product_tag?post=12736"}],"curies":[{"name":"wp","href":"https:\/\/api.w.org\/{rel}","templated":true}]}}