{"id":12766,"date":"2025-01-08T14:11:37","date_gmt":"2025-01-08T11:11:37","guid":{"rendered":"https:\/\/ceoparts.com\/?post_type=product&#038;p=12766"},"modified":"2026-05-16T12:54:07","modified_gmt":"2026-05-16T09:54:07","slug":"frotek-forklift-aku-baglanti-kablosu-70x95-6107010095","status":"publish","type":"product","link":"https:\/\/ceoparts.com\/tr\/urun\/frotek-forklift-aku-baglanti-kablosu-70x95-6107010095\/","title":{"rendered":"Fr\u00f6tek Ak\u00fc H\u00fccre Ba\u011flant\u0131 Kablosu 70&#215;95 &#8211; 6107010095"},"content":{"rendered":"<p>Fr\u00f6tek Ak\u00fc H\u00fccre Ba\u011flant\u0131 Kablosu 70&#215;95 &#8211; 6107010095<\/p>","protected":false},"excerpt":{"rendered":"<p data-start=\"0\" data-end=\"232\"><br data-start=\"5\" data-end=\"8\" \/>Fr\u00f6tek Ak\u00fc H\u00fccre Ba\u011flant\u0131 Kablosu 70\u00d795, forklift ve i\u015f makinelerinde kullan\u0131lan dayan\u0131kl\u0131 ve y\u00fcksek kaliteli ak\u00fc h\u00fccre ba\u011flant\u0131 kablosudur. 70 mm geni\u015flik ve 95 mm uzunlu\u011fa sahiptir, g\u00fcvenli ve sa\u011flam enerji iletimi sa\u011flar.<\/p>\n<p data-start=\"234\" data-end=\"518\"><strong data-start=\"234\" data-end=\"249\">\u00d6zellikler:<\/strong><br data-start=\"249\" data-end=\"252\" \/><strong data-start=\"252\" data-end=\"265\">\u00dcr\u00fcn Ad\u0131:<\/strong> Fr\u00f6tek Ak\u00fc H\u00fccre Ba\u011flant\u0131 Kablosu 70\u00d795<br data-start=\"305\" data-end=\"308\" \/><strong data-start=\"308\" data-end=\"323\">Par\u00e7a Kodu:<\/strong> 6107010095<br data-start=\"334\" data-end=\"337\" \/><strong data-start=\"337\" data-end=\"349\">Malzeme:<\/strong> Dayan\u0131kl\u0131 metal ala\u015f\u0131m ve kaliteli kablo<br data-start=\"390\" data-end=\"393\" \/><strong data-start=\"393\" data-end=\"412\">Kullan\u0131m Alan\u0131:<\/strong> Forklift ve i\u015f makineleri ak\u00fc h\u00fccre ba\u011flant\u0131s\u0131<br data-start=\"459\" data-end=\"462\" \/><strong data-start=\"462\" data-end=\"474\">Avantaj:<\/strong> Y\u00fcksek iletkenlik, sa\u011flam yap\u0131, uzun \u00f6m\u00fcr<\/p>\n<p data-start=\"520\" data-end=\"756\">\n","protected":false},"featured_media":12769,"template":"","meta":[],"product_brand":[],"product_cat":[442,446],"product_tag":[],"class_list":{"0":"post-12766","1":"product","2":"type-product","3":"status-publish","4":"has-post-thumbnail","6":"product_cat-aku-yedek-parcalari","7":"product_cat-aku-bar","9":"first","10":"instock","11":"taxable","12":"shipping-taxable","13":"purchasable","14":"product-type-simple"},"_links":{"self":[{"href":"https:\/\/ceoparts.com\/tr\/wp-json\/wp\/v2\/product\/12766","targetHints":{"allow":["GET"]}}],"collection":[{"href":"https:\/\/ceoparts.com\/tr\/wp-json\/wp\/v2\/product"}],"about":[{"href":"https:\/\/ceoparts.com\/tr\/wp-json\/wp\/v2\/types\/product"}],"wp:featuredmedia":[{"embeddable":true,"href":"https:\/\/ceoparts.com\/tr\/wp-json\/wp\/v2\/media\/12769"}],"wp:attachment":[{"href":"https:\/\/ceoparts.com\/tr\/wp-json\/wp\/v2\/media?parent=12766"}],"wp:term":[{"taxonomy":"product_brand","embeddable":true,"href":"https:\/\/ceoparts.com\/tr\/wp-json\/wp\/v2\/product_brand?post=12766"},{"taxonomy":"product_cat","embeddable":true,"href":"https:\/\/ceoparts.com\/tr\/wp-json\/wp\/v2\/product_cat?post=12766"},{"taxonomy":"product_tag","embeddable":true,"href":"https:\/\/ceoparts.com\/tr\/wp-json\/wp\/v2\/product_tag?post=12766"}],"curies":[{"name":"wp","href":"https:\/\/api.w.org\/{rel}","templated":true}]}}