{"id":12784,"date":"2025-01-08T15:54:17","date_gmt":"2025-01-08T12:54:17","guid":{"rendered":"https:\/\/ceoparts.com\/?post_type=product&#038;p=12784"},"modified":"2026-05-16T15:24:47","modified_gmt":"2026-05-16T12:24:47","slug":"35-mm-siyah-bakir-aku-kablosu-25-metre","status":"publish","type":"product","link":"https:\/\/ceoparts.com\/tr\/urun\/35-mm-siyah-bakir-aku-kablosu-25-metre\/","title":{"rendered":"35 mm Siyah Bak\u0131r Ak\u00fc Kablosu (25 metre)"},"content":{"rendered":"<p>35 mm Siyah Bak\u0131r Ak\u00fc Kablosu (25 metre)<\/p>","protected":false},"excerpt":{"rendered":"<p data-start=\"0\" data-end=\"217\"><br data-start=\"5\" data-end=\"8\" \/>35 mm Siyah Bak\u0131r Ak\u00fc Kablosu (25 metre), forklift ve i\u015f makinelerinde kullan\u0131lan y\u00fcksek kaliteli siyah renkli bak\u0131r ak\u00fc kablosudur. 25 metre uzunlu\u011funda olup dayan\u0131kl\u0131 yap\u0131s\u0131yla g\u00fcvenli enerji iletimi sa\u011flar.<\/p>\n<p data-start=\"219\" data-end=\"489\"><strong data-start=\"219\" data-end=\"234\">\u00d6zellikler:<\/strong><br data-start=\"234\" data-end=\"237\" \/><strong data-start=\"237\" data-end=\"250\">\u00dcr\u00fcn Ad\u0131:<\/strong> 35 mm Siyah Bak\u0131r Ak\u00fc Kablosu (25 metre)<br data-start=\"291\" data-end=\"294\" \/><strong data-start=\"294\" data-end=\"309\">Par\u00e7a Kodu:<\/strong> \u2013<br data-start=\"311\" data-end=\"314\" \/><strong data-start=\"314\" data-end=\"326\">Malzeme:<\/strong> Saf bak\u0131r, siyah izolasyon<br data-start=\"353\" data-end=\"356\" \/><strong data-start=\"356\" data-end=\"375\">Kullan\u0131m Alan\u0131:<\/strong> Forklift ve i\u015f makineleri ak\u00fc ba\u011flant\u0131 sistemi<br data-start=\"422\" data-end=\"425\" \/><strong data-start=\"425\" data-end=\"437\">Avantaj:<\/strong> Y\u00fcksek iletkenlik, dayan\u0131kl\u0131 izolasyon, uzun \u00f6m\u00fcr<\/p>\n<p data-start=\"491\" data-end=\"707\">\n","protected":false},"featured_media":12785,"template":"","meta":[],"product_brand":[],"product_cat":[442,447],"product_tag":[],"class_list":{"0":"post-12784","1":"product","2":"type-product","3":"status-publish","4":"has-post-thumbnail","6":"product_cat-aku-yedek-parcalari","7":"product_cat-aku-kablolari","9":"first","10":"instock","11":"taxable","12":"shipping-taxable","13":"purchasable","14":"product-type-simple"},"_links":{"self":[{"href":"https:\/\/ceoparts.com\/tr\/wp-json\/wp\/v2\/product\/12784","targetHints":{"allow":["GET"]}}],"collection":[{"href":"https:\/\/ceoparts.com\/tr\/wp-json\/wp\/v2\/product"}],"about":[{"href":"https:\/\/ceoparts.com\/tr\/wp-json\/wp\/v2\/types\/product"}],"wp:featuredmedia":[{"embeddable":true,"href":"https:\/\/ceoparts.com\/tr\/wp-json\/wp\/v2\/media\/12785"}],"wp:attachment":[{"href":"https:\/\/ceoparts.com\/tr\/wp-json\/wp\/v2\/media?parent=12784"}],"wp:term":[{"taxonomy":"product_brand","embeddable":true,"href":"https:\/\/ceoparts.com\/tr\/wp-json\/wp\/v2\/product_brand?post=12784"},{"taxonomy":"product_cat","embeddable":true,"href":"https:\/\/ceoparts.com\/tr\/wp-json\/wp\/v2\/product_cat?post=12784"},{"taxonomy":"product_tag","embeddable":true,"href":"https:\/\/ceoparts.com\/tr\/wp-json\/wp\/v2\/product_tag?post=12784"}],"curies":[{"name":"wp","href":"https:\/\/api.w.org\/{rel}","templated":true}]}}