{"id":12790,"date":"2025-01-08T16:14:39","date_gmt":"2025-01-08T13:14:39","guid":{"rendered":"https:\/\/ceoparts.com\/?post_type=product&#038;p=12790"},"modified":"2026-05-16T12:10:16","modified_gmt":"2026-05-16T09:10:16","slug":"70-mm-kirmizi-bakir-aku-kablosu-25-metre","status":"publish","type":"product","link":"https:\/\/ceoparts.com\/tr\/urun\/70-mm-kirmizi-bakir-aku-kablosu-25-metre\/","title":{"rendered":"70 mm K\u0131rm\u0131z\u0131 Bak\u0131r Ak\u00fc Kablosu (25 metre)"},"content":{"rendered":"<p>70 mm K\u0131rm\u0131z\u0131 Bak\u0131r Ak\u00fc Kablosu (25 metre)<\/p>","protected":false},"excerpt":{"rendered":"<p data-start=\"0\" data-end=\"221\"><br data-start=\"5\" data-end=\"8\" \/>70 mm K\u0131rm\u0131z\u0131 Bak\u0131r Ak\u00fc Kablosu (25 metre), forklift ve i\u015f makinelerinde kullan\u0131lan y\u00fcksek kaliteli k\u0131rm\u0131z\u0131 renkli bak\u0131r ak\u00fc kablosudur. 25 metre uzunlu\u011funda olup dayan\u0131kl\u0131 yap\u0131s\u0131yla g\u00fcvenli enerji iletimi sa\u011flar.<\/p>\n<p data-start=\"223\" data-end=\"497\"><strong data-start=\"223\" data-end=\"238\">\u00d6zellikler:<\/strong><br data-start=\"238\" data-end=\"241\" \/><strong data-start=\"241\" data-end=\"254\">\u00dcr\u00fcn Ad\u0131:<\/strong> 70 mm K\u0131rm\u0131z\u0131 Bak\u0131r Ak\u00fc Kablosu (25 metre)<br data-start=\"297\" data-end=\"300\" \/><strong data-start=\"300\" data-end=\"315\">Par\u00e7a Kodu:<\/strong> \u2013<br data-start=\"317\" data-end=\"320\" \/><strong data-start=\"320\" data-end=\"332\">Malzeme:<\/strong> Saf bak\u0131r, k\u0131rm\u0131z\u0131 izolasyon<br data-start=\"361\" data-end=\"364\" \/><strong data-start=\"364\" data-end=\"383\">Kullan\u0131m Alan\u0131:<\/strong> Forklift ve i\u015f makineleri ak\u00fc ba\u011flant\u0131 sistemi<br data-start=\"430\" data-end=\"433\" \/><strong data-start=\"433\" data-end=\"445\">Avantaj:<\/strong> Y\u00fcksek iletkenlik, dayan\u0131kl\u0131 izolasyon, uzun \u00f6m\u00fcr<\/p>\n<p data-start=\"499\" data-end=\"711\">\n","protected":false},"featured_media":12791,"template":"","meta":[],"product_brand":[],"product_cat":[442,447],"product_tag":[],"class_list":{"0":"post-12790","1":"product","2":"type-product","3":"status-publish","4":"has-post-thumbnail","6":"product_cat-aku-yedek-parcalari","7":"product_cat-aku-kablolari","9":"first","10":"instock","11":"taxable","12":"shipping-taxable","13":"purchasable","14":"product-type-simple"},"_links":{"self":[{"href":"https:\/\/ceoparts.com\/tr\/wp-json\/wp\/v2\/product\/12790","targetHints":{"allow":["GET"]}}],"collection":[{"href":"https:\/\/ceoparts.com\/tr\/wp-json\/wp\/v2\/product"}],"about":[{"href":"https:\/\/ceoparts.com\/tr\/wp-json\/wp\/v2\/types\/product"}],"wp:featuredmedia":[{"embeddable":true,"href":"https:\/\/ceoparts.com\/tr\/wp-json\/wp\/v2\/media\/12791"}],"wp:attachment":[{"href":"https:\/\/ceoparts.com\/tr\/wp-json\/wp\/v2\/media?parent=12790"}],"wp:term":[{"taxonomy":"product_brand","embeddable":true,"href":"https:\/\/ceoparts.com\/tr\/wp-json\/wp\/v2\/product_brand?post=12790"},{"taxonomy":"product_cat","embeddable":true,"href":"https:\/\/ceoparts.com\/tr\/wp-json\/wp\/v2\/product_cat?post=12790"},{"taxonomy":"product_tag","embeddable":true,"href":"https:\/\/ceoparts.com\/tr\/wp-json\/wp\/v2\/product_tag?post=12790"}],"curies":[{"name":"wp","href":"https:\/\/api.w.org\/{rel}","templated":true}]}}