{"id":12794,"date":"2025-01-08T17:19:53","date_gmt":"2025-01-08T14:19:53","guid":{"rendered":"https:\/\/ceoparts.com\/?post_type=product&#038;p=12794"},"modified":"2026-05-16T15:54:54","modified_gmt":"2026-05-16T12:54:54","slug":"m10x18-aku-civatasi","status":"publish","type":"product","link":"https:\/\/ceoparts.com\/tr\/urun\/m10x18-aku-civatasi\/","title":{"rendered":"M10x18 Ak\u00fc Civatas\u0131"},"content":{"rendered":"<p>M10x18 Ak\u00fc Civatas\u0131<\/p>","protected":false},"excerpt":{"rendered":"<p data-start=\"0\" data-end=\"178\"><br data-start=\"5\" data-end=\"8\" \/>M10x18 Ak\u00fc Civatas\u0131, forklift ve i\u015f makinelerinde kullan\u0131lan dayan\u0131kl\u0131 M10 \u00e7ap\u0131nda ve 18 mm uzunlu\u011funda ak\u00fc ba\u011flant\u0131 vidas\u0131d\u0131r. Sa\u011flam yap\u0131s\u0131 ile g\u00fcvenli ba\u011flant\u0131 sa\u011flar.<\/p>\n<p data-start=\"180\" data-end=\"404\"><strong data-start=\"180\" data-end=\"195\">\u00d6zellikler:<\/strong><br data-start=\"195\" data-end=\"198\" \/><strong data-start=\"198\" data-end=\"211\">\u00dcr\u00fcn Ad\u0131:<\/strong> M10x18 Ak\u00fc Civatas\u0131<br data-start=\"231\" data-end=\"234\" \/><strong data-start=\"234\" data-end=\"249\">Par\u00e7a Kodu:<\/strong> \u2013<br data-start=\"251\" data-end=\"254\" \/><strong data-start=\"254\" data-end=\"266\">Malzeme:<\/strong> Dayan\u0131kl\u0131 metal ala\u015f\u0131m<br data-start=\"289\" data-end=\"292\" \/><strong data-start=\"292\" data-end=\"311\">Kullan\u0131m Alan\u0131:<\/strong> Ak\u00fc ba\u011flant\u0131 sistemleri<br data-start=\"335\" data-end=\"338\" \/><strong data-start=\"338\" data-end=\"350\">Avantaj:<\/strong> Sa\u011flam yap\u0131, paslanmaya dayan\u0131kl\u0131, g\u00fcvenli ba\u011flant\u0131<\/p>\n<p data-start=\"406\" data-end=\"585\">\n","protected":false},"featured_media":13516,"template":"","meta":[],"product_brand":[],"product_cat":[442,443],"product_tag":[],"class_list":{"0":"post-12794","1":"product","2":"type-product","3":"status-publish","4":"has-post-thumbnail","6":"product_cat-aku-yedek-parcalari","7":"product_cat-aku-parcalari","9":"first","10":"instock","11":"taxable","12":"shipping-taxable","13":"purchasable","14":"product-type-simple"},"_links":{"self":[{"href":"https:\/\/ceoparts.com\/tr\/wp-json\/wp\/v2\/product\/12794","targetHints":{"allow":["GET"]}}],"collection":[{"href":"https:\/\/ceoparts.com\/tr\/wp-json\/wp\/v2\/product"}],"about":[{"href":"https:\/\/ceoparts.com\/tr\/wp-json\/wp\/v2\/types\/product"}],"wp:featuredmedia":[{"embeddable":true,"href":"https:\/\/ceoparts.com\/tr\/wp-json\/wp\/v2\/media\/13516"}],"wp:attachment":[{"href":"https:\/\/ceoparts.com\/tr\/wp-json\/wp\/v2\/media?parent=12794"}],"wp:term":[{"taxonomy":"product_brand","embeddable":true,"href":"https:\/\/ceoparts.com\/tr\/wp-json\/wp\/v2\/product_brand?post=12794"},{"taxonomy":"product_cat","embeddable":true,"href":"https:\/\/ceoparts.com\/tr\/wp-json\/wp\/v2\/product_cat?post=12794"},{"taxonomy":"product_tag","embeddable":true,"href":"https:\/\/ceoparts.com\/tr\/wp-json\/wp\/v2\/product_tag?post=12794"}],"curies":[{"name":"wp","href":"https:\/\/api.w.org\/{rel}","templated":true}]}}