{"id":12798,"date":"2025-01-08T17:31:14","date_gmt":"2025-01-08T14:31:14","guid":{"rendered":"https:\/\/ceoparts.com\/?post_type=product&#038;p=12798"},"modified":"2026-05-16T17:33:14","modified_gmt":"2026-05-16T14:33:14","slug":"anderson-kirmizi-tutamak-175-350a-3859560","status":"publish","type":"product","link":"https:\/\/ceoparts.com\/tr\/urun\/anderson-kirmizi-tutamak-175-350a-3859560\/","title":{"rendered":"K\u0131rm\u0131z\u0131 Tutamak Anderson 175\/350A &#8211; 995G3"},"content":{"rendered":"<p>K\u0131rm\u0131z\u0131 Tutamak Anderson 175\/350A &#8211; 995G3<\/p>","protected":false},"excerpt":{"rendered":"<p data-start=\"0\" data-end=\"194\"><br data-start=\"5\" data-end=\"8\" \/>K\u0131rm\u0131z\u0131 Tutamak Anderson 175\/350A, y\u00fcksek ak\u0131m kapasitesine sahip forklift ve i\u015f makineleri i\u00e7in dayan\u0131kl\u0131 k\u0131rm\u0131z\u0131 renkli tutamak ba\u011flant\u0131 par\u00e7as\u0131d\u0131r. G\u00fcvenli elektrik ba\u011flant\u0131s\u0131 sa\u011flar.<\/p>\n<p data-start=\"196\" data-end=\"469\"><strong data-start=\"196\" data-end=\"211\">\u00d6zellikler:<\/strong><br data-start=\"211\" data-end=\"214\" \/><strong data-start=\"214\" data-end=\"227\">\u00dcr\u00fcn Ad\u0131:<\/strong> K\u0131rm\u0131z\u0131 Tutamak Anderson 175\/350A<br data-start=\"261\" data-end=\"264\" \/><strong data-start=\"264\" data-end=\"279\">Par\u00e7a Kodu:<\/strong> 995G3<br data-start=\"285\" data-end=\"288\" \/><strong data-start=\"288\" data-end=\"300\">Malzeme:<\/strong> Sa\u011flam plastik ve metal<br data-start=\"324\" data-end=\"327\" \/><strong data-start=\"327\" data-end=\"346\">Kullan\u0131m Alan\u0131:<\/strong> Forklift ve i\u015f makineleri elektrik ba\u011flant\u0131 sistemi<br data-start=\"398\" data-end=\"401\" \/><strong data-start=\"401\" data-end=\"413\">Avantaj:<\/strong> Y\u00fcksek ak\u0131m kapasitesi, sa\u011flam yap\u0131, g\u00fcvenli ba\u011flant\u0131<\/p>\n<p data-start=\"471\" data-end=\"644\">\n","protected":false},"featured_media":12801,"template":"","meta":[],"product_brand":[],"product_cat":[442,443,444],"product_tag":[],"class_list":{"0":"post-12798","1":"product","2":"type-product","3":"status-publish","4":"has-post-thumbnail","6":"product_cat-aku-yedek-parcalari","7":"product_cat-aku-parcalari","8":"product_cat-aku-fisi","10":"first","11":"instock","12":"taxable","13":"shipping-taxable","14":"purchasable","15":"product-type-simple"},"_links":{"self":[{"href":"https:\/\/ceoparts.com\/tr\/wp-json\/wp\/v2\/product\/12798","targetHints":{"allow":["GET"]}}],"collection":[{"href":"https:\/\/ceoparts.com\/tr\/wp-json\/wp\/v2\/product"}],"about":[{"href":"https:\/\/ceoparts.com\/tr\/wp-json\/wp\/v2\/types\/product"}],"wp:featuredmedia":[{"embeddable":true,"href":"https:\/\/ceoparts.com\/tr\/wp-json\/wp\/v2\/media\/12801"}],"wp:attachment":[{"href":"https:\/\/ceoparts.com\/tr\/wp-json\/wp\/v2\/media?parent=12798"}],"wp:term":[{"taxonomy":"product_brand","embeddable":true,"href":"https:\/\/ceoparts.com\/tr\/wp-json\/wp\/v2\/product_brand?post=12798"},{"taxonomy":"product_cat","embeddable":true,"href":"https:\/\/ceoparts.com\/tr\/wp-json\/wp\/v2\/product_cat?post=12798"},{"taxonomy":"product_tag","embeddable":true,"href":"https:\/\/ceoparts.com\/tr\/wp-json\/wp\/v2\/product_tag?post=12798"}],"curies":[{"name":"wp","href":"https:\/\/api.w.org\/{rel}","templated":true}]}}