{"id":12802,"date":"2025-01-08T17:48:09","date_gmt":"2025-01-08T14:48:09","guid":{"rendered":"https:\/\/ceoparts.com\/?post_type=product&#038;p=12802"},"modified":"2026-05-16T15:29:52","modified_gmt":"2026-05-16T12:29:52","slug":"rema-80a-tutamak","status":"publish","type":"product","link":"https:\/\/ceoparts.com\/tr\/urun\/rema-80a-tutamak\/","title":{"rendered":"Rema Tutamak 80A"},"content":{"rendered":"<p>Rema Tutamak 80A<\/p>","protected":false},"excerpt":{"rendered":"<p data-start=\"0\" data-end=\"184\"><br data-start=\"5\" data-end=\"8\" \/>Rema Tutamak 80A, forklift ve i\u015f makinelerinde kullan\u0131lan 80 amper kapasiteli dayan\u0131kl\u0131 tutamak ba\u011flant\u0131 par\u00e7as\u0131d\u0131r. Elektrik ba\u011flant\u0131lar\u0131nda g\u00fcvenli ve sa\u011flam ba\u011flant\u0131 sa\u011flar.<\/p>\n<p data-start=\"186\" data-end=\"441\"><strong data-start=\"186\" data-end=\"201\">\u00d6zellikler:<\/strong><br data-start=\"201\" data-end=\"204\" \/><strong data-start=\"204\" data-end=\"217\">\u00dcr\u00fcn Ad\u0131:<\/strong> Rema Tutamak 80A<br data-start=\"234\" data-end=\"237\" \/><strong data-start=\"237\" data-end=\"252\">Par\u00e7a Kodu:<\/strong> \u2013<br data-start=\"254\" data-end=\"257\" \/><strong data-start=\"257\" data-end=\"269\">Malzeme:<\/strong> Dayan\u0131kl\u0131 metal ve plastik<br data-start=\"296\" data-end=\"299\" \/><strong data-start=\"299\" data-end=\"318\">Kullan\u0131m Alan\u0131:<\/strong> Forklift ve i\u015f makineleri elektrik ba\u011flant\u0131 sistemi<br data-start=\"370\" data-end=\"373\" \/><strong data-start=\"373\" data-end=\"385\">Avantaj:<\/strong> Y\u00fcksek ak\u0131m kapasitesi, sa\u011flam yap\u0131, g\u00fcvenli ba\u011flant\u0131<\/p>\n<p data-start=\"443\" data-end=\"608\">\n","protected":false},"featured_media":12808,"template":"","meta":[],"product_brand":[],"product_cat":[442,444],"product_tag":[],"class_list":{"0":"post-12802","1":"product","2":"type-product","3":"status-publish","4":"has-post-thumbnail","6":"product_cat-aku-yedek-parcalari","7":"product_cat-aku-fisi","9":"first","10":"instock","11":"taxable","12":"shipping-taxable","13":"purchasable","14":"product-type-simple"},"_links":{"self":[{"href":"https:\/\/ceoparts.com\/tr\/wp-json\/wp\/v2\/product\/12802","targetHints":{"allow":["GET"]}}],"collection":[{"href":"https:\/\/ceoparts.com\/tr\/wp-json\/wp\/v2\/product"}],"about":[{"href":"https:\/\/ceoparts.com\/tr\/wp-json\/wp\/v2\/types\/product"}],"wp:featuredmedia":[{"embeddable":true,"href":"https:\/\/ceoparts.com\/tr\/wp-json\/wp\/v2\/media\/12808"}],"wp:attachment":[{"href":"https:\/\/ceoparts.com\/tr\/wp-json\/wp\/v2\/media?parent=12802"}],"wp:term":[{"taxonomy":"product_brand","embeddable":true,"href":"https:\/\/ceoparts.com\/tr\/wp-json\/wp\/v2\/product_brand?post=12802"},{"taxonomy":"product_cat","embeddable":true,"href":"https:\/\/ceoparts.com\/tr\/wp-json\/wp\/v2\/product_cat?post=12802"},{"taxonomy":"product_tag","embeddable":true,"href":"https:\/\/ceoparts.com\/tr\/wp-json\/wp\/v2\/product_tag?post=12802"}],"curies":[{"name":"wp","href":"https:\/\/api.w.org\/{rel}","templated":true}]}}