{"id":12809,"date":"2025-01-09T09:33:01","date_gmt":"2025-01-09T06:33:01","guid":{"rendered":"https:\/\/ceoparts.com\/?post_type=product&#038;p=12809"},"modified":"2026-05-16T20:48:10","modified_gmt":"2026-05-16T17:48:10","slug":"jungheinrich-catal-mekanizma-burc-50463270","status":"publish","type":"product","link":"https:\/\/ceoparts.com\/tr\/urun\/jungheinrich-catal-mekanizma-burc-50463270\/","title":{"rendered":"Jungheinrich \u00c7atal Mekanizma Bur\u00e7 &#8211; 50463270"},"content":{"rendered":"<p>Jungheinrich \u00c7atal Mekanizma Bur\u00e7 &#8211; 50463270<\/p>","protected":false},"excerpt":{"rendered":"<article class=\"text-token-text-primary w-full\" dir=\"auto\" data-testid=\"conversation-turn-151\" data-scroll-anchor=\"true\">\n<div class=\"text-base my-auto mx-auto py-5 [--thread-content-margin:--spacing(4)] @[37rem]:[--thread-content-margin:--spacing(6)] @[72rem]:[--thread-content-margin:--spacing(16)] px-(--thread-content-margin)\">\n<div class=\"[--thread-content-max-width:32rem] @[34rem]:[--thread-content-max-width:40rem] @[64rem]:[--thread-content-max-width:48rem] mx-auto flex max-w-(--thread-content-max-width) flex-1 text-base gap-4 md:gap-5 lg:gap-6 group\/turn-messages focus-visible:outline-hidden\" tabindex=\"-1\">\n<div class=\"group\/conversation-turn relative flex w-full min-w-0 flex-col agent-turn\">\n<div class=\"relative flex-col gap-1 md:gap-3\">\n<div class=\"flex max-w-full flex-col grow\">\n<div class=\"min-h-8 text-message relative flex w-full flex-col items-end gap-2 text-start break-words whitespace-normal [.text-message+&amp;]:mt-5\" dir=\"auto\" data-message-author-role=\"assistant\" data-message-id=\"002ed2ef-aaf0-4491-8f48-898d5a13343e\" data-message-model-slug=\"gpt-4-1-mini\">\n<div class=\"flex w-full flex-col gap-1 empty:hidden first:pt-[3px]\">\n<div class=\"markdown prose dark:prose-invert w-full break-words light\">\n<p data-start=\"0\" data-end=\"190\"><br data-start=\"5\" data-end=\"8\" \/>Jungheinrich \u00c7atal Mekanizma Bur\u00e7, forklift \u00e7atal mekanizmas\u0131nda kullan\u0131lan dayan\u0131kl\u0131 bur\u00e7 par\u00e7as\u0131d\u0131r. Y\u00fcksek a\u015f\u0131nma direnci ile mekanizma hareketlerinin sorunsuz \u00e7al\u0131\u015fmas\u0131n\u0131 sa\u011flar.<\/p>\n<p data-start=\"192\" data-end=\"437\"><strong data-start=\"192\" data-end=\"207\">\u00d6zellikler:<\/strong><br data-start=\"207\" data-end=\"210\" \/><strong data-start=\"210\" data-end=\"223\">\u00dcr\u00fcn Ad\u0131:<\/strong> Jungheinrich \u00c7atal Mekanizma Bur\u00e7<br data-start=\"257\" data-end=\"260\" \/><strong data-start=\"260\" data-end=\"275\">Par\u00e7a Kodu:<\/strong> 50463270<br data-start=\"284\" data-end=\"287\" \/><strong data-start=\"287\" data-end=\"299\">Malzeme:<\/strong> Dayan\u0131kl\u0131 metal ala\u015f\u0131m<br data-start=\"322\" data-end=\"325\" \/><strong data-start=\"325\" data-end=\"344\">Kullan\u0131m Alan\u0131:<\/strong> Forklift \u00e7atal mekanizmas\u0131<br data-start=\"371\" data-end=\"374\" \/><strong data-start=\"374\" data-end=\"386\">Avantaj:<\/strong> Y\u00fcksek a\u015f\u0131nma direnci, uzun \u00f6m\u00fcrl\u00fc, kolay montaj<\/p>\n<p data-start=\"439\" data-end=\"619\">\n<\/div>\n<\/div>\n<\/div>\n<\/div>\n<\/div>\n<\/div>\n<\/div>\n<\/div>\n<\/article>\n","protected":false},"featured_media":12812,"template":"","meta":[],"product_brand":[],"product_cat":[236,464,465,522],"product_tag":[],"class_list":{"0":"post-12809","1":"product","2":"type-product","3":"status-publish","4":"has-post-thumbnail","6":"product_cat-jungheinrich","7":"product_cat-burc-ve-mill-grubu","8":"product_cat-catal-burclari","9":"product_cat-yedek-parca-jungheinrich","11":"first","12":"instock","13":"taxable","14":"shipping-taxable","15":"purchasable","16":"product-type-simple"},"_links":{"self":[{"href":"https:\/\/ceoparts.com\/tr\/wp-json\/wp\/v2\/product\/12809","targetHints":{"allow":["GET"]}}],"collection":[{"href":"https:\/\/ceoparts.com\/tr\/wp-json\/wp\/v2\/product"}],"about":[{"href":"https:\/\/ceoparts.com\/tr\/wp-json\/wp\/v2\/types\/product"}],"wp:featuredmedia":[{"embeddable":true,"href":"https:\/\/ceoparts.com\/tr\/wp-json\/wp\/v2\/media\/12812"}],"wp:attachment":[{"href":"https:\/\/ceoparts.com\/tr\/wp-json\/wp\/v2\/media?parent=12809"}],"wp:term":[{"taxonomy":"product_brand","embeddable":true,"href":"https:\/\/ceoparts.com\/tr\/wp-json\/wp\/v2\/product_brand?post=12809"},{"taxonomy":"product_cat","embeddable":true,"href":"https:\/\/ceoparts.com\/tr\/wp-json\/wp\/v2\/product_cat?post=12809"},{"taxonomy":"product_tag","embeddable":true,"href":"https:\/\/ceoparts.com\/tr\/wp-json\/wp\/v2\/product_tag?post=12809"}],"curies":[{"name":"wp","href":"https:\/\/api.w.org\/{rel}","templated":true}]}}