{"id":12813,"date":"2025-01-09T09:52:53","date_gmt":"2025-01-09T06:52:53","guid":{"rendered":"https:\/\/ceoparts.com\/?post_type=product&#038;p=12813"},"modified":"2026-05-16T21:10:25","modified_gmt":"2026-05-16T18:10:25","slug":"linde-tasiyici-tekerlek-flansi-kelebek-2619114","status":"publish","type":"product","link":"https:\/\/ceoparts.com\/tr\/urun\/linde-tasiyici-tekerlek-flansi-kelebek-2619114\/","title":{"rendered":"Linde Ta\u015f\u0131y\u0131c\u0131 Tekerlek Flan\u015f\u0131 Kelebek &#8211; 2619114"},"content":{"rendered":"<p>Linde Ta\u015f\u0131y\u0131c\u0131 Tekerlek Flan\u015f\u0131 Kelebek &#8211; 2619114<\/p>","protected":false},"excerpt":{"rendered":"<p data-start=\"0\" data-end=\"190\"><br data-start=\"5\" data-end=\"8\" \/>Linde Ta\u015f\u0131y\u0131c\u0131 Tekerlek Flan\u015f\u0131 Kelebek, forklift ve i\u015f makinelerinde kullan\u0131lan ta\u015f\u0131y\u0131c\u0131 tekerlek flan\u015f par\u00e7as\u0131d\u0131r. Dayan\u0131kl\u0131 yap\u0131s\u0131 ve kelebek tasar\u0131m\u0131 ile y\u00fcksek performans sa\u011flar.<\/p>\n<p data-start=\"192\" data-end=\"462\"><strong data-start=\"192\" data-end=\"207\">\u00d6zellikler:<\/strong><br data-start=\"207\" data-end=\"210\" \/><strong data-start=\"210\" data-end=\"223\">\u00dcr\u00fcn Ad\u0131:<\/strong> Linde Ta\u015f\u0131y\u0131c\u0131 Tekerlek Flan\u015f\u0131 Kelebek<br data-start=\"262\" data-end=\"265\" \/><strong data-start=\"265\" data-end=\"280\">Par\u00e7a Kodu:<\/strong> 2619114<br data-start=\"288\" data-end=\"291\" \/><strong data-start=\"291\" data-end=\"303\">Malzeme:<\/strong> Sa\u011flam metal ala\u015f\u0131m<br data-start=\"323\" data-end=\"326\" \/><strong data-start=\"326\" data-end=\"345\">Kullan\u0131m Alan\u0131:<\/strong> Forklift ve i\u015f makineleri ta\u015f\u0131y\u0131c\u0131 tekerlek sistemi<br data-start=\"397\" data-end=\"400\" \/><strong data-start=\"400\" data-end=\"412\">Avantaj:<\/strong> Dayan\u0131kl\u0131 yap\u0131, kolay montaj, y\u00fcksek performans<\/p>\n<p data-start=\"464\" data-end=\"641\">\n","protected":false},"featured_media":13845,"template":"","meta":[],"product_brand":[],"product_cat":[246,247,251,411],"product_tag":[],"class_list":{"0":"post-12813","1":"product","2":"type-product","3":"status-publish","4":"has-post-thumbnail","6":"product_cat-linde","7":"product_cat-denge-tekeri-linde","8":"product_cat-bt","9":"product_cat-parcalar-catal-mekanizma","11":"first","12":"instock","13":"taxable","14":"shipping-taxable","15":"purchasable","16":"product-type-simple"},"_links":{"self":[{"href":"https:\/\/ceoparts.com\/tr\/wp-json\/wp\/v2\/product\/12813","targetHints":{"allow":["GET"]}}],"collection":[{"href":"https:\/\/ceoparts.com\/tr\/wp-json\/wp\/v2\/product"}],"about":[{"href":"https:\/\/ceoparts.com\/tr\/wp-json\/wp\/v2\/types\/product"}],"wp:featuredmedia":[{"embeddable":true,"href":"https:\/\/ceoparts.com\/tr\/wp-json\/wp\/v2\/media\/13845"}],"wp:attachment":[{"href":"https:\/\/ceoparts.com\/tr\/wp-json\/wp\/v2\/media?parent=12813"}],"wp:term":[{"taxonomy":"product_brand","embeddable":true,"href":"https:\/\/ceoparts.com\/tr\/wp-json\/wp\/v2\/product_brand?post=12813"},{"taxonomy":"product_cat","embeddable":true,"href":"https:\/\/ceoparts.com\/tr\/wp-json\/wp\/v2\/product_cat?post=12813"},{"taxonomy":"product_tag","embeddable":true,"href":"https:\/\/ceoparts.com\/tr\/wp-json\/wp\/v2\/product_tag?post=12813"}],"curies":[{"name":"wp","href":"https:\/\/api.w.org\/{rel}","templated":true}]}}