{"id":12822,"date":"2025-01-09T13:56:40","date_gmt":"2025-01-09T10:56:40","guid":{"rendered":"https:\/\/ceoparts.com\/?post_type=product&#038;p=12822"},"modified":"2026-05-16T17:22:21","modified_gmt":"2026-05-16T14:22:21","slug":"forklift-panoramik-ayna","status":"publish","type":"product","link":"https:\/\/ceoparts.com\/tr\/urun\/forklift-panoramik-ayna\/","title":{"rendered":"Forklift Panoramik Ayna &#8211; 220&#215;115 mm"},"content":{"rendered":"<p>Forklift Panoramik Ayna &#8211; 220&#215;115 mm<\/p>\n<p>En : 22 cm<\/p>\n<p>Boy : 11,5 cm<\/p>","protected":false},"excerpt":{"rendered":"<p data-start=\"0\" data-end=\"184\"><br data-start=\"5\" data-end=\"8\" \/>Forklift Panoramik Ayna, 220\u00d7115 mm \u00f6l\u00e7\u00fclerinde, forklift ve i\u015f makinelerinde kullan\u0131lan dayan\u0131kl\u0131 panoramik aynad\u0131r. Geni\u015f g\u00f6r\u00fc\u015f a\u00e7\u0131s\u0131 ile operat\u00f6r\u00fcn \u00e7evre kontrol\u00fcn\u00fc art\u0131r\u0131r.<\/p>\n<p data-start=\"186\" data-end=\"442\"><strong data-start=\"186\" data-end=\"201\">\u00d6zellikler:<\/strong><br data-start=\"201\" data-end=\"204\" \/><strong data-start=\"204\" data-end=\"217\">\u00dcr\u00fcn Ad\u0131:<\/strong> Forklift Panoramik Ayna<br data-start=\"241\" data-end=\"244\" \/><strong data-start=\"244\" data-end=\"259\">Par\u00e7a Kodu:<\/strong> \u2013<br data-start=\"261\" data-end=\"264\" \/><strong data-start=\"264\" data-end=\"276\">Malzeme:<\/strong> Dayan\u0131kl\u0131 cam ve plastik \u00e7er\u00e7eve<br data-start=\"309\" data-end=\"312\" \/><strong data-start=\"312\" data-end=\"331\">Kullan\u0131m Alan\u0131:<\/strong> Forklift ve i\u015f makineleri \u00e7evre g\u00f6r\u00fc\u015f sistemi<br data-start=\"377\" data-end=\"380\" \/><strong data-start=\"380\" data-end=\"392\">Avantaj:<\/strong> Geni\u015f g\u00f6r\u00fc\u015f a\u00e7\u0131s\u0131, dayan\u0131kl\u0131 yap\u0131, kolay montaj<\/p>\n<p data-start=\"444\" data-end=\"633\">\n","protected":false},"featured_media":13647,"template":"","meta":[],"product_brand":[],"product_cat":[451,452],"product_tag":[],"class_list":{"0":"post-12822","1":"product","2":"type-product","3":"status-publish","4":"has-post-thumbnail","6":"product_cat-aksesuar-grubu","7":"product_cat-aynalar","9":"first","10":"instock","11":"taxable","12":"shipping-taxable","13":"purchasable","14":"product-type-simple"},"_links":{"self":[{"href":"https:\/\/ceoparts.com\/tr\/wp-json\/wp\/v2\/product\/12822","targetHints":{"allow":["GET"]}}],"collection":[{"href":"https:\/\/ceoparts.com\/tr\/wp-json\/wp\/v2\/product"}],"about":[{"href":"https:\/\/ceoparts.com\/tr\/wp-json\/wp\/v2\/types\/product"}],"wp:featuredmedia":[{"embeddable":true,"href":"https:\/\/ceoparts.com\/tr\/wp-json\/wp\/v2\/media\/13647"}],"wp:attachment":[{"href":"https:\/\/ceoparts.com\/tr\/wp-json\/wp\/v2\/media?parent=12822"}],"wp:term":[{"taxonomy":"product_brand","embeddable":true,"href":"https:\/\/ceoparts.com\/tr\/wp-json\/wp\/v2\/product_brand?post=12822"},{"taxonomy":"product_cat","embeddable":true,"href":"https:\/\/ceoparts.com\/tr\/wp-json\/wp\/v2\/product_cat?post=12822"},{"taxonomy":"product_tag","embeddable":true,"href":"https:\/\/ceoparts.com\/tr\/wp-json\/wp\/v2\/product_tag?post=12822"}],"curies":[{"name":"wp","href":"https:\/\/api.w.org\/{rel}","templated":true}]}}