{"id":12829,"date":"2025-01-10T14:57:13","date_gmt":"2025-01-10T11:57:13","guid":{"rendered":"https:\/\/ceoparts.com\/?post_type=product&#038;p=12829"},"modified":"2026-05-16T17:11:04","modified_gmt":"2026-05-16T14:11:04","slug":"forklift-dikiz-ayna-587202332071-22x13","status":"publish","type":"product","link":"https:\/\/ceoparts.com\/tr\/urun\/forklift-dikiz-ayna-587202332071-22x13\/","title":{"rendered":"Forklift Dikiz Ayna &#8211; 225&#215;130 mm &#8211; 587202332071"},"content":{"rendered":"<p>Forklift Dikiz Ayna &#8211; 225&#215;130 mm &#8211; 587202332071<\/p>\n<p>En : 22,5 cm<\/p>\n<p>Boy : 13 cm<\/p>","protected":false},"excerpt":{"rendered":"<p data-start=\"0\" data-end=\"178\"><br data-start=\"5\" data-end=\"8\" \/>Forklift Dikiz Ayna, 225\u00d7130 mm \u00f6l\u00e7\u00fclerinde, forklift ve i\u015f makinelerinde kullan\u0131lan dayan\u0131kl\u0131 dikiz aynas\u0131d\u0131r. Operat\u00f6r\u00fcn arka g\u00f6r\u00fc\u015f\u00fcn\u00fc art\u0131rarak g\u00fcvenli \u00e7al\u0131\u015fma sa\u011flar.<\/p>\n<p data-start=\"180\" data-end=\"436\"><strong data-start=\"180\" data-end=\"195\">\u00d6zellikler:<\/strong><br data-start=\"195\" data-end=\"198\" \/><strong data-start=\"198\" data-end=\"211\">\u00dcr\u00fcn Ad\u0131:<\/strong> Forklift Dikiz Ayna<br data-start=\"231\" data-end=\"234\" \/><strong data-start=\"234\" data-end=\"249\">Par\u00e7a Kodu:<\/strong> 587202332071<br data-start=\"262\" data-end=\"265\" \/><strong data-start=\"265\" data-end=\"277\">Malzeme:<\/strong> Dayan\u0131kl\u0131 cam ve plastik \u00e7er\u00e7eve<br data-start=\"310\" data-end=\"313\" \/><strong data-start=\"313\" data-end=\"332\">Kullan\u0131m Alan\u0131:<\/strong> Forklift ve i\u015f makineleri arka g\u00f6r\u00fc\u015f sistemi<br data-start=\"377\" data-end=\"380\" \/><strong data-start=\"380\" data-end=\"392\">Avantaj:<\/strong> Net g\u00f6r\u00fcnt\u00fc, dayan\u0131kl\u0131 yap\u0131, kolay montaj<\/p>\n<p data-start=\"438\" data-end=\"611\">\n","protected":false},"featured_media":12830,"template":"","meta":[],"product_brand":[],"product_cat":[451,452],"product_tag":[],"class_list":{"0":"post-12829","1":"product","2":"type-product","3":"status-publish","4":"has-post-thumbnail","6":"product_cat-aksesuar-grubu","7":"product_cat-aynalar","9":"first","10":"instock","11":"taxable","12":"shipping-taxable","13":"purchasable","14":"product-type-simple"},"_links":{"self":[{"href":"https:\/\/ceoparts.com\/tr\/wp-json\/wp\/v2\/product\/12829","targetHints":{"allow":["GET"]}}],"collection":[{"href":"https:\/\/ceoparts.com\/tr\/wp-json\/wp\/v2\/product"}],"about":[{"href":"https:\/\/ceoparts.com\/tr\/wp-json\/wp\/v2\/types\/product"}],"wp:featuredmedia":[{"embeddable":true,"href":"https:\/\/ceoparts.com\/tr\/wp-json\/wp\/v2\/media\/12830"}],"wp:attachment":[{"href":"https:\/\/ceoparts.com\/tr\/wp-json\/wp\/v2\/media?parent=12829"}],"wp:term":[{"taxonomy":"product_brand","embeddable":true,"href":"https:\/\/ceoparts.com\/tr\/wp-json\/wp\/v2\/product_brand?post=12829"},{"taxonomy":"product_cat","embeddable":true,"href":"https:\/\/ceoparts.com\/tr\/wp-json\/wp\/v2\/product_cat?post=12829"},{"taxonomy":"product_tag","embeddable":true,"href":"https:\/\/ceoparts.com\/tr\/wp-json\/wp\/v2\/product_tag?post=12829"}],"curies":[{"name":"wp","href":"https:\/\/api.w.org\/{rel}","templated":true}]}}