{"id":12844,"date":"2025-01-10T15:10:07","date_gmt":"2025-01-10T12:10:07","guid":{"rendered":"https:\/\/ceoparts.com\/?post_type=product&#038;p=12844"},"modified":"2026-05-06T14:02:34","modified_gmt":"2026-05-06T11:02:34","slug":"forklift-panoramik-ayna-275x140mm","status":"publish","type":"product","link":"https:\/\/ceoparts.com\/tr\/urun\/forklift-panoramik-ayna-275x140mm\/","title":{"rendered":"Forklift Panoramik Ayna &#8211; 275&#215;140 mm ,100mc3848"},"content":{"rendered":"<p>Forklift Panoramik Ayna &#8211; 275&#215;140 mm ,100mc3848<\/p>\n<p>En : 27,5 cm<\/p>\n<p>Boy : 14 cm<\/p>","protected":false},"excerpt":{"rendered":"<p data-start=\"0\" data-end=\"208\"><br data-start=\"5\" data-end=\"8\" \/>Forklift Panoramik Ayna, 275\u00d7140 mm \u00f6l\u00e7\u00fclerinde, geni\u015f g\u00f6r\u00fc\u015f a\u00e7\u0131s\u0131 sa\u011flayan dayan\u0131kl\u0131 panoramik aynad\u0131r. Forklift ve i\u015f makinelerinde kullan\u0131m i\u00e7in tasarlanm\u0131\u015ft\u0131r, operat\u00f6r\u00fcn \u00e7evre kontrol\u00fcn\u00fc art\u0131r\u0131r.<\/p>\n<p data-start=\"210\" data-end=\"474\"><strong data-start=\"210\" data-end=\"225\">\u00d6zellikler:<\/strong><br data-start=\"225\" data-end=\"228\" \/><strong data-start=\"228\" data-end=\"241\">\u00dcr\u00fcn Ad\u0131:<\/strong> Forklift Panoramik Ayna<br data-start=\"265\" data-end=\"268\" \/><strong data-start=\"268\" data-end=\"283\">Par\u00e7a Kodu:<\/strong> 100mc3848<br data-start=\"293\" data-end=\"296\" \/><strong data-start=\"296\" data-end=\"308\">Malzeme:<\/strong> Dayan\u0131kl\u0131 cam ve plastik \u00e7er\u00e7eve<br data-start=\"341\" data-end=\"344\" \/><strong data-start=\"344\" data-end=\"363\">Kullan\u0131m Alan\u0131:<\/strong> Forklift ve i\u015f makineleri \u00e7evre g\u00f6r\u00fc\u015f sistemi<br data-start=\"409\" data-end=\"412\" \/><strong data-start=\"412\" data-end=\"424\">Avantaj:<\/strong> Geni\u015f g\u00f6r\u00fc\u015f a\u00e7\u0131s\u0131, dayan\u0131kl\u0131 yap\u0131, kolay montaj<\/p>\n<p data-start=\"476\" data-end=\"684\">\n","protected":false},"featured_media":13649,"template":"","meta":[],"product_brand":[],"product_cat":[451,452],"product_tag":[],"class_list":{"0":"post-12844","1":"product","2":"type-product","3":"status-publish","4":"has-post-thumbnail","6":"product_cat-aksesuar-grubu","7":"product_cat-aynalar","9":"first","10":"instock","11":"taxable","12":"shipping-taxable","13":"purchasable","14":"product-type-simple"},"_links":{"self":[{"href":"https:\/\/ceoparts.com\/tr\/wp-json\/wp\/v2\/product\/12844","targetHints":{"allow":["GET"]}}],"collection":[{"href":"https:\/\/ceoparts.com\/tr\/wp-json\/wp\/v2\/product"}],"about":[{"href":"https:\/\/ceoparts.com\/tr\/wp-json\/wp\/v2\/types\/product"}],"wp:featuredmedia":[{"embeddable":true,"href":"https:\/\/ceoparts.com\/tr\/wp-json\/wp\/v2\/media\/13649"}],"wp:attachment":[{"href":"https:\/\/ceoparts.com\/tr\/wp-json\/wp\/v2\/media?parent=12844"}],"wp:term":[{"taxonomy":"product_brand","embeddable":true,"href":"https:\/\/ceoparts.com\/tr\/wp-json\/wp\/v2\/product_brand?post=12844"},{"taxonomy":"product_cat","embeddable":true,"href":"https:\/\/ceoparts.com\/tr\/wp-json\/wp\/v2\/product_cat?post=12844"},{"taxonomy":"product_tag","embeddable":true,"href":"https:\/\/ceoparts.com\/tr\/wp-json\/wp\/v2\/product_tag?post=12844"}],"curies":[{"name":"wp","href":"https:\/\/api.w.org\/{rel}","templated":true}]}}