{"id":12879,"date":"2025-01-13T17:32:20","date_gmt":"2025-01-13T14:32:20","guid":{"rendered":"https:\/\/ceoparts.com\/?post_type=product&#038;p=12879"},"modified":"2026-05-16T19:38:32","modified_gmt":"2026-05-16T16:38:32","slug":"emniyet-kemeri-sensorlu-turuncu-securoni","status":"publish","type":"product","link":"https:\/\/ceoparts.com\/tr\/urun\/emniyet-kemeri-sensorlu-turuncu-securoni\/","title":{"rendered":"Emniyet Kemeri Sens\u00f6rl\u00fc Turuncu &#8211; Securoni"},"content":{"rendered":"<p>Emniyet Kemeri Sens\u00f6rl\u00fc Turuncu &#8211; Securoni<\/p>","protected":false},"excerpt":{"rendered":"<p data-start=\"0\" data-end=\"235\"><br data-start=\"5\" data-end=\"8\" \/>Emniyet Kemeri Sens\u00f6rl\u00fc Turuncu \u2013 Securoni, forklift ve i\u015f makinelerinde kullan\u0131lan turuncu renkli, sens\u00f6rl\u00fc emniyet kemeri ba\u011flant\u0131 sistemidir. Sens\u00f6rl\u00fc yap\u0131s\u0131 sayesinde g\u00fcvenlik kontrol\u00fc sa\u011flar ve operat\u00f6r emniyetini art\u0131r\u0131r.<\/p>\n<p data-start=\"237\" data-end=\"511\"><strong data-start=\"237\" data-end=\"252\">\u00d6zellikler:<\/strong><br data-start=\"252\" data-end=\"255\" \/><strong data-start=\"255\" data-end=\"268\">\u00dcr\u00fcn Ad\u0131:<\/strong> Emniyet Kemeri Sens\u00f6rl\u00fc Turuncu \u2013 Securoni<br data-start=\"311\" data-end=\"314\" \/><strong data-start=\"314\" data-end=\"329\">Par\u00e7a Kodu:<\/strong> \u2013<br data-start=\"331\" data-end=\"334\" \/><strong data-start=\"334\" data-end=\"346\">Malzeme:<\/strong> Dayan\u0131kl\u0131 plastik ve metal<br data-start=\"373\" data-end=\"376\" \/><strong data-start=\"376\" data-end=\"395\">Kullan\u0131m Alan\u0131:<\/strong> Forklift ve i\u015f makineleri emniyet sistemi<br data-start=\"437\" data-end=\"440\" \/><strong data-start=\"440\" data-end=\"452\">Avantaj:<\/strong> Sens\u00f6rl\u00fc g\u00fcvenlik kontrol\u00fc, dayan\u0131kl\u0131 yap\u0131, kolay montaj<\/p>\n<p data-start=\"513\" data-end=\"734\">\n","protected":false},"featured_media":12885,"template":"","meta":[],"product_brand":[],"product_cat":[451,453],"product_tag":[],"class_list":{"0":"post-12879","1":"product","2":"type-product","3":"status-publish","4":"has-post-thumbnail","6":"product_cat-aksesuar-grubu","7":"product_cat-emniyet-kemerleri","9":"first","10":"instock","11":"taxable","12":"shipping-taxable","13":"purchasable","14":"product-type-simple"},"_links":{"self":[{"href":"https:\/\/ceoparts.com\/tr\/wp-json\/wp\/v2\/product\/12879","targetHints":{"allow":["GET"]}}],"collection":[{"href":"https:\/\/ceoparts.com\/tr\/wp-json\/wp\/v2\/product"}],"about":[{"href":"https:\/\/ceoparts.com\/tr\/wp-json\/wp\/v2\/types\/product"}],"wp:featuredmedia":[{"embeddable":true,"href":"https:\/\/ceoparts.com\/tr\/wp-json\/wp\/v2\/media\/12885"}],"wp:attachment":[{"href":"https:\/\/ceoparts.com\/tr\/wp-json\/wp\/v2\/media?parent=12879"}],"wp:term":[{"taxonomy":"product_brand","embeddable":true,"href":"https:\/\/ceoparts.com\/tr\/wp-json\/wp\/v2\/product_brand?post=12879"},{"taxonomy":"product_cat","embeddable":true,"href":"https:\/\/ceoparts.com\/tr\/wp-json\/wp\/v2\/product_cat?post=12879"},{"taxonomy":"product_tag","embeddable":true,"href":"https:\/\/ceoparts.com\/tr\/wp-json\/wp\/v2\/product_tag?post=12879"}],"curies":[{"name":"wp","href":"https:\/\/api.w.org\/{rel}","templated":true}]}}