{"id":12886,"date":"2025-01-13T17:36:07","date_gmt":"2025-01-13T14:36:07","guid":{"rendered":"https:\/\/ceoparts.com\/?post_type=product&#038;p=12886"},"modified":"2026-05-06T14:02:41","modified_gmt":"2026-05-06T11:02:41","slug":"emniyet-kemeri-sivicli-ters-baglanti","status":"publish","type":"product","link":"https:\/\/ceoparts.com\/tr\/urun\/emniyet-kemeri-sivicli-ters-baglanti\/","title":{"rendered":"Emniyet Kemeri Sivi\u00e7li Ters Ba\u011flant\u0131"},"content":{"rendered":"<p>Emniyet Kemeri Sivi\u00e7li Ters Ba\u011flant\u0131<\/p>","protected":false},"excerpt":{"rendered":"<p data-start=\"0\" data-end=\"233\"><br data-start=\"5\" data-end=\"8\" \/>Emniyet Kemeri Sivi\u00e7li Ters Ba\u011flant\u0131, forklift ve i\u015f makinelerinde kullan\u0131lan emniyet kemeri ba\u011flant\u0131 sistemidir. Ters ba\u011flant\u0131 \u00f6zelli\u011fi sayesinde g\u00fcvenlik sa\u011flar ve sivi\u00e7li yap\u0131s\u0131 ile sistemin do\u011fru \u00e7al\u0131\u015fmas\u0131n\u0131 garanti eder.<\/p>\n<p data-start=\"235\" data-end=\"512\"><strong data-start=\"235\" data-end=\"250\">\u00d6zellikler:<\/strong><br data-start=\"250\" data-end=\"253\" \/><strong data-start=\"253\" data-end=\"266\">\u00dcr\u00fcn Ad\u0131:<\/strong> Emniyet Kemeri Sivi\u00e7li Ters Ba\u011flant\u0131<br data-start=\"303\" data-end=\"306\" \/><strong data-start=\"306\" data-end=\"321\">Par\u00e7a Kodu:<\/strong> \u2013<br data-start=\"323\" data-end=\"326\" \/><strong data-start=\"326\" data-end=\"338\">Malzeme:<\/strong> Dayan\u0131kl\u0131 plastik ve metal<br data-start=\"365\" data-end=\"368\" \/><strong data-start=\"368\" data-end=\"387\">Kullan\u0131m Alan\u0131:<\/strong> Forklift ve i\u015f makineleri emniyet sistemi<br data-start=\"429\" data-end=\"432\" \/><strong data-start=\"432\" data-end=\"444\">Avantaj:<\/strong> Ters ba\u011flant\u0131 ile g\u00fcvenlik art\u0131r\u0131m\u0131, sivi\u00e7li yap\u0131, sa\u011flam malzeme<\/p>\n<p data-start=\"514\" data-end=\"736\">\n","protected":false},"featured_media":12887,"template":"","meta":[],"product_brand":[],"product_cat":[451,453],"product_tag":[],"class_list":{"0":"post-12886","1":"product","2":"type-product","3":"status-publish","4":"has-post-thumbnail","6":"product_cat-aksesuar-grubu","7":"product_cat-emniyet-kemerleri","9":"first","10":"instock","11":"taxable","12":"shipping-taxable","13":"purchasable","14":"product-type-simple"},"_links":{"self":[{"href":"https:\/\/ceoparts.com\/tr\/wp-json\/wp\/v2\/product\/12886","targetHints":{"allow":["GET"]}}],"collection":[{"href":"https:\/\/ceoparts.com\/tr\/wp-json\/wp\/v2\/product"}],"about":[{"href":"https:\/\/ceoparts.com\/tr\/wp-json\/wp\/v2\/types\/product"}],"wp:featuredmedia":[{"embeddable":true,"href":"https:\/\/ceoparts.com\/tr\/wp-json\/wp\/v2\/media\/12887"}],"wp:attachment":[{"href":"https:\/\/ceoparts.com\/tr\/wp-json\/wp\/v2\/media?parent=12886"}],"wp:term":[{"taxonomy":"product_brand","embeddable":true,"href":"https:\/\/ceoparts.com\/tr\/wp-json\/wp\/v2\/product_brand?post=12886"},{"taxonomy":"product_cat","embeddable":true,"href":"https:\/\/ceoparts.com\/tr\/wp-json\/wp\/v2\/product_cat?post=12886"},{"taxonomy":"product_tag","embeddable":true,"href":"https:\/\/ceoparts.com\/tr\/wp-json\/wp\/v2\/product_tag?post=12886"}],"curies":[{"name":"wp","href":"https:\/\/api.w.org\/{rel}","templated":true}]}}