{"id":12891,"date":"2025-01-13T17:41:36","date_gmt":"2025-01-13T14:41:36","guid":{"rendered":"https:\/\/ceoparts.com\/?post_type=product&#038;p=12891"},"modified":"2026-05-16T17:30:09","modified_gmt":"2026-05-16T14:30:09","slug":"geri-vites-ikaz-buyuk-korna-9-80v","status":"publish","type":"product","link":"https:\/\/ceoparts.com\/tr\/urun\/geri-vites-ikaz-buyuk-korna-9-80v\/","title":{"rendered":"Geri Vites \u0130kaz B\u00fcy\u00fck Korna &#8211; 9-80v"},"content":{"rendered":"<p>Geri Vites \u0130kaz B\u00fcy\u00fck Korna &#8211; 9-80v<\/p>","protected":false},"excerpt":{"rendered":"<p data-start=\"0\" data-end=\"231\"><br data-start=\"5\" data-end=\"8\" \/>Geri Vites \u0130kaz B\u00fcy\u00fck Korna, 9-80V aral\u0131\u011f\u0131nda \u00e7al\u0131\u015fan forklift ve i\u015f makineleri i\u00e7in tasarlanm\u0131\u015f y\u00fcksek ses performans\u0131na sahip dayan\u0131kl\u0131 geri vites uyar\u0131 kornas\u0131d\u0131r. G\u00fc\u00e7l\u00fc ve net ses \u00e7\u0131k\u0131\u015f\u0131 ile g\u00fcvenli geri manevra sa\u011flar.<\/p>\n<p data-start=\"233\" data-end=\"519\"><strong data-start=\"233\" data-end=\"248\">\u00d6zellikler:<\/strong><br data-start=\"248\" data-end=\"251\" \/><strong data-start=\"251\" data-end=\"264\">\u00dcr\u00fcn Ad\u0131:<\/strong> Geri Vites \u0130kaz B\u00fcy\u00fck Korna \u2013 9-80V<br data-start=\"300\" data-end=\"303\" \/><strong data-start=\"303\" data-end=\"318\">Par\u00e7a Kodu:<\/strong> \u2013<br data-start=\"320\" data-end=\"323\" \/><strong data-start=\"323\" data-end=\"335\">Malzeme:<\/strong> Sa\u011flam plastik ve metal<br data-start=\"359\" data-end=\"362\" \/><strong data-start=\"362\" data-end=\"381\">Kullan\u0131m Alan\u0131:<\/strong> 9-80V elektrikli forklift ve i\u015f makineleri geri vites uyar\u0131 sistemi<br data-start=\"449\" data-end=\"452\" \/><strong data-start=\"452\" data-end=\"464\">Avantaj:<\/strong> Y\u00fcksek ses performans\u0131, dayan\u0131kl\u0131 yap\u0131, kolay montaj<\/p>\n<p data-start=\"521\" data-end=\"718\">\n","protected":false},"featured_media":12892,"template":"","meta":[],"product_brand":[],"product_cat":[451,455],"product_tag":[],"class_list":{"0":"post-12891","1":"product","2":"type-product","3":"status-publish","4":"has-post-thumbnail","6":"product_cat-aksesuar-grubu","7":"product_cat-kornalar","9":"first","10":"instock","11":"taxable","12":"shipping-taxable","13":"purchasable","14":"product-type-simple"},"_links":{"self":[{"href":"https:\/\/ceoparts.com\/tr\/wp-json\/wp\/v2\/product\/12891","targetHints":{"allow":["GET"]}}],"collection":[{"href":"https:\/\/ceoparts.com\/tr\/wp-json\/wp\/v2\/product"}],"about":[{"href":"https:\/\/ceoparts.com\/tr\/wp-json\/wp\/v2\/types\/product"}],"wp:featuredmedia":[{"embeddable":true,"href":"https:\/\/ceoparts.com\/tr\/wp-json\/wp\/v2\/media\/12892"}],"wp:attachment":[{"href":"https:\/\/ceoparts.com\/tr\/wp-json\/wp\/v2\/media?parent=12891"}],"wp:term":[{"taxonomy":"product_brand","embeddable":true,"href":"https:\/\/ceoparts.com\/tr\/wp-json\/wp\/v2\/product_brand?post=12891"},{"taxonomy":"product_cat","embeddable":true,"href":"https:\/\/ceoparts.com\/tr\/wp-json\/wp\/v2\/product_cat?post=12891"},{"taxonomy":"product_tag","embeddable":true,"href":"https:\/\/ceoparts.com\/tr\/wp-json\/wp\/v2\/product_tag?post=12891"}],"curies":[{"name":"wp","href":"https:\/\/api.w.org\/{rel}","templated":true}]}}