{"id":12896,"date":"2025-01-13T17:56:51","date_gmt":"2025-01-13T14:56:51","guid":{"rendered":"https:\/\/ceoparts.com\/?post_type=product&#038;p=12896"},"modified":"2026-05-16T19:46:54","modified_gmt":"2026-05-16T16:46:54","slug":"korna-ince-ses-12-v","status":"publish","type":"product","link":"https:\/\/ceoparts.com\/tr\/urun\/korna-ince-ses-12-v\/","title":{"rendered":"Korna \u0130nce Ses 12 V"},"content":{"rendered":"<p>Korna \u0130nce Ses 12 V<\/p>","protected":false},"excerpt":{"rendered":"<p data-start=\"0\" data-end=\"162\"><br data-start=\"5\" data-end=\"8\" \/>Korna \u0130nce Ses 12V, 12V elektrikli forklift ve i\u015f makinelerinde kullan\u0131lan ince ve net ses veren dayan\u0131kl\u0131 kornad\u0131r. G\u00fc\u00e7l\u00fc uyar\u0131 sa\u011flar ve uzun \u00f6m\u00fcrl\u00fcd\u00fcr.<\/p>\n<p data-start=\"164\" data-end=\"415\"><strong data-start=\"164\" data-end=\"179\">\u00d6zellikler:<\/strong><br data-start=\"179\" data-end=\"182\" \/><strong data-start=\"182\" data-end=\"195\">\u00dcr\u00fcn Ad\u0131:<\/strong> Korna \u0130nce Ses \u2013 12V<br data-start=\"216\" data-end=\"219\" \/><strong data-start=\"219\" data-end=\"234\">Par\u00e7a Kodu:<\/strong> \u2013<br data-start=\"236\" data-end=\"239\" \/><strong data-start=\"239\" data-end=\"251\">Malzeme:<\/strong> Sa\u011flam plastik ve metal<br data-start=\"275\" data-end=\"278\" \/><strong data-start=\"278\" data-end=\"297\">Kullan\u0131m Alan\u0131:<\/strong> 12V elektrikli forklift ve i\u015f makineleri korna sistemi<br data-start=\"352\" data-end=\"355\" \/><strong data-start=\"355\" data-end=\"367\">Avantaj:<\/strong> \u0130nce ve net ses, dayan\u0131kl\u0131 yap\u0131, kolay montaj<\/p>\n<p data-start=\"417\" data-end=\"595\">\n","protected":false},"featured_media":12897,"template":"","meta":[],"product_brand":[],"product_cat":[451,455],"product_tag":[],"class_list":{"0":"post-12896","1":"product","2":"type-product","3":"status-publish","4":"has-post-thumbnail","6":"product_cat-aksesuar-grubu","7":"product_cat-kornalar","9":"first","10":"instock","11":"taxable","12":"shipping-taxable","13":"purchasable","14":"product-type-simple"},"_links":{"self":[{"href":"https:\/\/ceoparts.com\/tr\/wp-json\/wp\/v2\/product\/12896","targetHints":{"allow":["GET"]}}],"collection":[{"href":"https:\/\/ceoparts.com\/tr\/wp-json\/wp\/v2\/product"}],"about":[{"href":"https:\/\/ceoparts.com\/tr\/wp-json\/wp\/v2\/types\/product"}],"wp:featuredmedia":[{"embeddable":true,"href":"https:\/\/ceoparts.com\/tr\/wp-json\/wp\/v2\/media\/12897"}],"wp:attachment":[{"href":"https:\/\/ceoparts.com\/tr\/wp-json\/wp\/v2\/media?parent=12896"}],"wp:term":[{"taxonomy":"product_brand","embeddable":true,"href":"https:\/\/ceoparts.com\/tr\/wp-json\/wp\/v2\/product_brand?post=12896"},{"taxonomy":"product_cat","embeddable":true,"href":"https:\/\/ceoparts.com\/tr\/wp-json\/wp\/v2\/product_cat?post=12896"},{"taxonomy":"product_tag","embeddable":true,"href":"https:\/\/ceoparts.com\/tr\/wp-json\/wp\/v2\/product_tag?post=12896"}],"curies":[{"name":"wp","href":"https:\/\/api.w.org\/{rel}","templated":true}]}}