{"id":12908,"date":"2025-01-14T09:05:37","date_gmt":"2025-01-14T06:05:37","guid":{"rendered":"https:\/\/ceoparts.com\/?post_type=product&#038;p=12908"},"modified":"2026-05-16T15:08:53","modified_gmt":"2026-05-16T12:08:53","slug":"korna-kalin-ses-24-v","status":"publish","type":"product","link":"https:\/\/ceoparts.com\/tr\/urun\/korna-kalin-ses-24-v\/","title":{"rendered":"Korna Kal\u0131n Ses 24 V"},"content":{"rendered":"<p>Korna Kal\u0131n Ses 24 V<\/p>","protected":false},"excerpt":{"rendered":"<p data-start=\"0\" data-end=\"184\"><br data-start=\"5\" data-end=\"8\" \/>Korna Kal\u0131n Ses 24V, 24V elektrikli forklift ve i\u015f makinelerinde kullan\u0131lan y\u00fcksek ses performans\u0131na sahip dayan\u0131kl\u0131 kornad\u0131r. G\u00fc\u00e7l\u00fc ve net ses \u00e7\u0131k\u0131\u015f\u0131 ile g\u00fcvenli uyar\u0131 sa\u011flar.<\/p>\n<p data-start=\"186\" data-end=\"444\"><strong data-start=\"186\" data-end=\"201\">\u00d6zellikler:<\/strong><br data-start=\"201\" data-end=\"204\" \/><strong data-start=\"204\" data-end=\"217\">\u00dcr\u00fcn Ad\u0131:<\/strong> Korna Kal\u0131n Ses \u2013 24V<br data-start=\"239\" data-end=\"242\" \/><strong data-start=\"242\" data-end=\"257\">Par\u00e7a Kodu:<\/strong> \u2013<br data-start=\"259\" data-end=\"262\" \/><strong data-start=\"262\" data-end=\"274\">Malzeme:<\/strong> Sa\u011flam plastik ve metal<br data-start=\"298\" data-end=\"301\" \/><strong data-start=\"301\" data-end=\"320\">Kullan\u0131m Alan\u0131:<\/strong> 24V elektrikli forklift ve i\u015f makineleri korna sistemi<br data-start=\"375\" data-end=\"378\" \/><strong data-start=\"378\" data-end=\"390\">Avantaj:<\/strong> G\u00fc\u00e7l\u00fc ses performans\u0131, dayan\u0131kl\u0131 yap\u0131, kolay montaj<\/p>\n<p data-start=\"446\" data-end=\"626\">\n","protected":false},"featured_media":12909,"template":"","meta":[],"product_brand":[],"product_cat":[451,455],"product_tag":[],"class_list":{"0":"post-12908","1":"product","2":"type-product","3":"status-publish","4":"has-post-thumbnail","6":"product_cat-aksesuar-grubu","7":"product_cat-kornalar","9":"first","10":"instock","11":"taxable","12":"shipping-taxable","13":"purchasable","14":"product-type-simple"},"_links":{"self":[{"href":"https:\/\/ceoparts.com\/tr\/wp-json\/wp\/v2\/product\/12908","targetHints":{"allow":["GET"]}}],"collection":[{"href":"https:\/\/ceoparts.com\/tr\/wp-json\/wp\/v2\/product"}],"about":[{"href":"https:\/\/ceoparts.com\/tr\/wp-json\/wp\/v2\/types\/product"}],"wp:featuredmedia":[{"embeddable":true,"href":"https:\/\/ceoparts.com\/tr\/wp-json\/wp\/v2\/media\/12909"}],"wp:attachment":[{"href":"https:\/\/ceoparts.com\/tr\/wp-json\/wp\/v2\/media?parent=12908"}],"wp:term":[{"taxonomy":"product_brand","embeddable":true,"href":"https:\/\/ceoparts.com\/tr\/wp-json\/wp\/v2\/product_brand?post=12908"},{"taxonomy":"product_cat","embeddable":true,"href":"https:\/\/ceoparts.com\/tr\/wp-json\/wp\/v2\/product_cat?post=12908"},{"taxonomy":"product_tag","embeddable":true,"href":"https:\/\/ceoparts.com\/tr\/wp-json\/wp\/v2\/product_tag?post=12908"}],"curies":[{"name":"wp","href":"https:\/\/api.w.org\/{rel}","templated":true}]}}