{"id":12913,"date":"2025-01-14T09:48:59","date_gmt":"2025-01-14T06:48:59","guid":{"rendered":"https:\/\/ceoparts.com\/?post_type=product&#038;p=12913"},"modified":"2026-05-16T15:55:05","modified_gmt":"2026-05-16T12:55:05","slug":"korna-kalin-ses-48-v","status":"publish","type":"product","link":"https:\/\/ceoparts.com\/tr\/urun\/korna-kalin-ses-48-v\/","title":{"rendered":"Korna Kal\u0131n Ses 48 V"},"content":{"rendered":"<p>Korna Kal\u0131n Ses 48 V<\/p>","protected":false},"excerpt":{"rendered":"<p data-start=\"0\" data-end=\"186\"><br data-start=\"5\" data-end=\"8\" \/>Kal\u0131n Sesli Korna 48V, 48V elektrikli forklift ve i\u015f makinelerinde kullan\u0131lan y\u00fcksek ses performans\u0131na sahip dayan\u0131kl\u0131 kornad\u0131r. G\u00fc\u00e7l\u00fc ve net ses \u00e7\u0131k\u0131\u015f\u0131 ile g\u00fcvenli uyar\u0131 sa\u011flar.<\/p>\n<p data-start=\"188\" data-end=\"448\"><strong data-start=\"188\" data-end=\"203\">\u00d6zellikler:<\/strong><br data-start=\"203\" data-end=\"206\" \/><strong data-start=\"206\" data-end=\"219\">\u00dcr\u00fcn Ad\u0131:<\/strong> Kal\u0131n Sesli Korna \u2013 48V<br data-start=\"243\" data-end=\"246\" \/><strong data-start=\"246\" data-end=\"261\">Par\u00e7a Kodu:<\/strong> \u2013<br data-start=\"263\" data-end=\"266\" \/><strong data-start=\"266\" data-end=\"278\">Malzeme:<\/strong> Sa\u011flam plastik ve metal<br data-start=\"302\" data-end=\"305\" \/><strong data-start=\"305\" data-end=\"324\">Kullan\u0131m Alan\u0131:<\/strong> 48V elektrikli forklift ve i\u015f makineleri korna sistemi<br data-start=\"379\" data-end=\"382\" \/><strong data-start=\"382\" data-end=\"394\">Avantaj:<\/strong> G\u00fc\u00e7l\u00fc ses performans\u0131, dayan\u0131kl\u0131 yap\u0131, kolay montaj<\/p>\n<p data-start=\"450\" data-end=\"630\">\n","protected":false},"featured_media":12925,"template":"","meta":[],"product_brand":[],"product_cat":[451,455],"product_tag":[],"class_list":{"0":"post-12913","1":"product","2":"type-product","3":"status-publish","4":"has-post-thumbnail","6":"product_cat-aksesuar-grubu","7":"product_cat-kornalar","9":"first","10":"instock","11":"taxable","12":"shipping-taxable","13":"purchasable","14":"product-type-simple"},"_links":{"self":[{"href":"https:\/\/ceoparts.com\/tr\/wp-json\/wp\/v2\/product\/12913","targetHints":{"allow":["GET"]}}],"collection":[{"href":"https:\/\/ceoparts.com\/tr\/wp-json\/wp\/v2\/product"}],"about":[{"href":"https:\/\/ceoparts.com\/tr\/wp-json\/wp\/v2\/types\/product"}],"wp:featuredmedia":[{"embeddable":true,"href":"https:\/\/ceoparts.com\/tr\/wp-json\/wp\/v2\/media\/12925"}],"wp:attachment":[{"href":"https:\/\/ceoparts.com\/tr\/wp-json\/wp\/v2\/media?parent=12913"}],"wp:term":[{"taxonomy":"product_brand","embeddable":true,"href":"https:\/\/ceoparts.com\/tr\/wp-json\/wp\/v2\/product_brand?post=12913"},{"taxonomy":"product_cat","embeddable":true,"href":"https:\/\/ceoparts.com\/tr\/wp-json\/wp\/v2\/product_cat?post=12913"},{"taxonomy":"product_tag","embeddable":true,"href":"https:\/\/ceoparts.com\/tr\/wp-json\/wp\/v2\/product_tag?post=12913"}],"curies":[{"name":"wp","href":"https:\/\/api.w.org\/{rel}","templated":true}]}}