{"id":12918,"date":"2025-01-14T09:58:48","date_gmt":"2025-01-14T06:58:48","guid":{"rendered":"https:\/\/ceoparts.com\/?post_type=product&#038;p=12918"},"modified":"2026-05-16T15:07:40","modified_gmt":"2026-05-16T12:07:40","slug":"geri-vites-ikaz-kucuk-korna-12-24v","status":"publish","type":"product","link":"https:\/\/ceoparts.com\/tr\/urun\/geri-vites-ikaz-kucuk-korna-12-24v\/","title":{"rendered":"Geri Vites \u0130kaz K\u00fc\u00e7\u00fck Korna &#8211; 12-24V"},"content":{"rendered":"<p>Geri Vites \u0130kaz K\u00fc\u00e7\u00fck Korna &#8211; 12-24V<\/p>","protected":false},"excerpt":{"rendered":"<p data-start=\"0\" data-end=\"206\"><br data-start=\"5\" data-end=\"8\" \/>Geri Vites \u0130kaz K\u00fc\u00e7\u00fck Korna, 12-24V aras\u0131 elektrikli forklift ve i\u015f makinelerinde kullan\u0131lan kompakt ve dayan\u0131kl\u0131 geri vites uyar\u0131 kornas\u0131d\u0131r. Y\u00fcksek ses performans\u0131 ile g\u00fcvenli geri manevra sa\u011flar.<\/p>\n<p data-start=\"208\" data-end=\"499\"><strong data-start=\"208\" data-end=\"223\">\u00d6zellikler:<\/strong><br data-start=\"223\" data-end=\"226\" \/><strong data-start=\"226\" data-end=\"239\">\u00dcr\u00fcn Ad\u0131:<\/strong> Geri Vites \u0130kaz K\u00fc\u00e7\u00fck Korna \u2013 12-24V<br data-start=\"276\" data-end=\"279\" \/><strong data-start=\"279\" data-end=\"294\">Par\u00e7a Kodu:<\/strong> \u2013<br data-start=\"296\" data-end=\"299\" \/><strong data-start=\"299\" data-end=\"311\">Malzeme:<\/strong> Sa\u011flam plastik ve metal<br data-start=\"335\" data-end=\"338\" \/><strong data-start=\"338\" data-end=\"357\">Kullan\u0131m Alan\u0131:<\/strong> 12-24V elektrikli forklift ve i\u015f makineleri geri vites uyar\u0131 sistemi<br data-start=\"426\" data-end=\"429\" \/><strong data-start=\"429\" data-end=\"441\">Avantaj:<\/strong> Kompakt tasar\u0131m, y\u00fcksek ses performans\u0131, dayan\u0131kl\u0131 yap\u0131<\/p>\n<p data-start=\"501\" data-end=\"685\">\n","protected":false},"featured_media":12919,"template":"","meta":[],"product_brand":[],"product_cat":[451,455],"product_tag":[],"class_list":{"0":"post-12918","1":"product","2":"type-product","3":"status-publish","4":"has-post-thumbnail","6":"product_cat-aksesuar-grubu","7":"product_cat-kornalar","9":"first","10":"instock","11":"taxable","12":"shipping-taxable","13":"purchasable","14":"product-type-simple"},"_links":{"self":[{"href":"https:\/\/ceoparts.com\/tr\/wp-json\/wp\/v2\/product\/12918","targetHints":{"allow":["GET"]}}],"collection":[{"href":"https:\/\/ceoparts.com\/tr\/wp-json\/wp\/v2\/product"}],"about":[{"href":"https:\/\/ceoparts.com\/tr\/wp-json\/wp\/v2\/types\/product"}],"wp:featuredmedia":[{"embeddable":true,"href":"https:\/\/ceoparts.com\/tr\/wp-json\/wp\/v2\/media\/12919"}],"wp:attachment":[{"href":"https:\/\/ceoparts.com\/tr\/wp-json\/wp\/v2\/media?parent=12918"}],"wp:term":[{"taxonomy":"product_brand","embeddable":true,"href":"https:\/\/ceoparts.com\/tr\/wp-json\/wp\/v2\/product_brand?post=12918"},{"taxonomy":"product_cat","embeddable":true,"href":"https:\/\/ceoparts.com\/tr\/wp-json\/wp\/v2\/product_cat?post=12918"},{"taxonomy":"product_tag","embeddable":true,"href":"https:\/\/ceoparts.com\/tr\/wp-json\/wp\/v2\/product_tag?post=12918"}],"curies":[{"name":"wp","href":"https:\/\/api.w.org\/{rel}","templated":true}]}}