{"id":12943,"date":"2025-01-14T11:32:43","date_gmt":"2025-01-14T08:32:43","guid":{"rendered":"https:\/\/ceoparts.com\/?post_type=product&#038;p=12943"},"modified":"2026-05-16T14:58:31","modified_gmt":"2026-05-16T11:58:31","slug":"seger-korna-48v","status":"publish","type":"product","link":"https:\/\/ceoparts.com\/tr\/urun\/seger-korna-48v\/","title":{"rendered":"Seger Korna &#8211; 48V"},"content":{"rendered":"<p>Seger Korna &#8211; 48V<\/p>","protected":false},"excerpt":{"rendered":"<p data-start=\"0\" data-end=\"170\"><br data-start=\"5\" data-end=\"8\" \/>Seger Korna, 48V sistemlerde kullan\u0131lan dayan\u0131kl\u0131 ve y\u00fcksek ses performans\u0131na sahip korna butonudur. Sa\u011flam malzemeden \u00fcretilmi\u015f olup g\u00fcvenilir ses \u00e7\u0131k\u0131\u015f\u0131 sa\u011flar.<\/p>\n<p data-start=\"172\" data-end=\"427\"><strong data-start=\"172\" data-end=\"187\">\u00d6zellikler:<\/strong><br data-start=\"187\" data-end=\"190\" \/><strong data-start=\"190\" data-end=\"203\">\u00dcr\u00fcn Ad\u0131:<\/strong> Seger Korna \u2013 48V<br data-start=\"221\" data-end=\"224\" \/><strong data-start=\"224\" data-end=\"239\">Par\u00e7a Kodu:<\/strong> \u2013<br data-start=\"241\" data-end=\"244\" \/><strong data-start=\"244\" data-end=\"256\">Malzeme:<\/strong> Sa\u011flam plastik ve metal<br data-start=\"280\" data-end=\"283\" \/><strong data-start=\"283\" data-end=\"302\">Kullan\u0131m Alan\u0131:<\/strong> 48V elektrikli forklift ve i\u015f makineleri korna sistemi<br data-start=\"357\" data-end=\"360\" \/><strong data-start=\"360\" data-end=\"372\">Avantaj:<\/strong> Dayan\u0131kl\u0131 yap\u0131, y\u00fcksek ses performans\u0131, kolay montaj<\/p>\n<p data-start=\"429\" data-end=\"577\">\n","protected":false},"featured_media":12950,"template":"","meta":[],"product_brand":[],"product_cat":[451,455],"product_tag":[],"class_list":{"0":"post-12943","1":"product","2":"type-product","3":"status-publish","4":"has-post-thumbnail","6":"product_cat-aksesuar-grubu","7":"product_cat-kornalar","9":"first","10":"instock","11":"taxable","12":"shipping-taxable","13":"purchasable","14":"product-type-simple"},"_links":{"self":[{"href":"https:\/\/ceoparts.com\/tr\/wp-json\/wp\/v2\/product\/12943","targetHints":{"allow":["GET"]}}],"collection":[{"href":"https:\/\/ceoparts.com\/tr\/wp-json\/wp\/v2\/product"}],"about":[{"href":"https:\/\/ceoparts.com\/tr\/wp-json\/wp\/v2\/types\/product"}],"wp:featuredmedia":[{"embeddable":true,"href":"https:\/\/ceoparts.com\/tr\/wp-json\/wp\/v2\/media\/12950"}],"wp:attachment":[{"href":"https:\/\/ceoparts.com\/tr\/wp-json\/wp\/v2\/media?parent=12943"}],"wp:term":[{"taxonomy":"product_brand","embeddable":true,"href":"https:\/\/ceoparts.com\/tr\/wp-json\/wp\/v2\/product_brand?post=12943"},{"taxonomy":"product_cat","embeddable":true,"href":"https:\/\/ceoparts.com\/tr\/wp-json\/wp\/v2\/product_cat?post=12943"},{"taxonomy":"product_tag","embeddable":true,"href":"https:\/\/ceoparts.com\/tr\/wp-json\/wp\/v2\/product_tag?post=12943"}],"curies":[{"name":"wp","href":"https:\/\/api.w.org\/{rel}","templated":true}]}}