{"id":12952,"date":"2025-01-14T13:16:51","date_gmt":"2025-01-14T10:16:51","guid":{"rendered":"https:\/\/ceoparts.com\/?post_type=product&#038;p=12952"},"modified":"2026-05-16T14:59:12","modified_gmt":"2026-05-16T11:59:12","slug":"jungheinrich-acil-stop-butonu-ere-eje-ece-69384970-139ta2561","status":"publish","type":"product","link":"https:\/\/ceoparts.com\/tr\/urun\/jungheinrich-acil-stop-butonu-ere-eje-ece-69384970-139ta2561\/","title":{"rendered":"Jungheinrich Acil Stop Butonu &#8211; ERE\/EJE\/ECE &#8211; 69384970 , 139TA2561"},"content":{"rendered":"<p>Jungheinrich Acil Stop Butonu &#8211; ERE\/EJE\/ECE &#8211; 69384970 , 139TA2561<\/p>\n<p>TFG\/DFG<br \/>\nECC<br \/>\nECE<br \/>\nERC<br \/>\nERD<br \/>\nERE<br \/>\nEZS<br \/>\nEJC<br \/>\nEFG<br \/>\nESE<br \/>\nEJE<\/p>","protected":false},"excerpt":{"rendered":"<p data-start=\"0\" data-end=\"218\"><br data-start=\"5\" data-end=\"8\" \/>Jungheinrich Acil Stop Butonu \u2013 ERE\/EJE\/ECE, Jungheinrich forklift modellerinde kullan\u0131lan dayan\u0131kl\u0131 acil durdurma butonudur. Y\u00fcksek kaliteli malzemeden imal edilmi\u015f olup h\u0131zl\u0131 tepki ve g\u00fcvenli kullan\u0131m sa\u011flar.<\/p>\n<p data-start=\"220\" data-end=\"509\"><strong data-start=\"220\" data-end=\"235\">\u00d6zellikler:<\/strong><br data-start=\"235\" data-end=\"238\" \/><strong data-start=\"238\" data-end=\"251\">\u00dcr\u00fcn Ad\u0131:<\/strong> Jungheinrich Acil Stop Butonu \u2013 ERE\/EJE\/ECE<br data-start=\"295\" data-end=\"298\" \/><strong data-start=\"298\" data-end=\"313\">Par\u00e7a Kodu:<\/strong> 69384970, 139TA2561<br data-start=\"333\" data-end=\"336\" \/><strong data-start=\"336\" data-end=\"348\">Malzeme:<\/strong> Sa\u011flam plastik ve metal<br data-start=\"372\" data-end=\"375\" \/><strong data-start=\"375\" data-end=\"394\">Kullan\u0131m Alan\u0131:<\/strong> Jungheinrich ERE, EJE, ECE forklift acil durdurma sistemi<br data-start=\"452\" data-end=\"455\" \/><strong data-start=\"455\" data-end=\"467\">Avantaj:<\/strong> H\u0131zl\u0131 tepki, g\u00fcvenli yap\u0131, kolay montaj<\/p>\n<p data-start=\"511\" data-end=\"719\">\n","protected":false},"featured_media":12993,"template":"","meta":[],"product_brand":[],"product_cat":[236,451,454,522],"product_tag":[],"class_list":{"0":"post-12952","1":"product","2":"type-product","3":"status-publish","4":"has-post-thumbnail","6":"product_cat-jungheinrich","7":"product_cat-aksesuar-grubu","8":"product_cat-switch-ve-buton","9":"product_cat-yedek-parca-jungheinrich","11":"first","12":"instock","13":"taxable","14":"shipping-taxable","15":"purchasable","16":"product-type-simple"},"_links":{"self":[{"href":"https:\/\/ceoparts.com\/tr\/wp-json\/wp\/v2\/product\/12952","targetHints":{"allow":["GET"]}}],"collection":[{"href":"https:\/\/ceoparts.com\/tr\/wp-json\/wp\/v2\/product"}],"about":[{"href":"https:\/\/ceoparts.com\/tr\/wp-json\/wp\/v2\/types\/product"}],"wp:featuredmedia":[{"embeddable":true,"href":"https:\/\/ceoparts.com\/tr\/wp-json\/wp\/v2\/media\/12993"}],"wp:attachment":[{"href":"https:\/\/ceoparts.com\/tr\/wp-json\/wp\/v2\/media?parent=12952"}],"wp:term":[{"taxonomy":"product_brand","embeddable":true,"href":"https:\/\/ceoparts.com\/tr\/wp-json\/wp\/v2\/product_brand?post=12952"},{"taxonomy":"product_cat","embeddable":true,"href":"https:\/\/ceoparts.com\/tr\/wp-json\/wp\/v2\/product_cat?post=12952"},{"taxonomy":"product_tag","embeddable":true,"href":"https:\/\/ceoparts.com\/tr\/wp-json\/wp\/v2\/product_tag?post=12952"}],"curies":[{"name":"wp","href":"https:\/\/api.w.org\/{rel}","templated":true}]}}