{"id":12962,"date":"2025-01-14T13:25:16","date_gmt":"2025-01-14T10:25:16","guid":{"rendered":"https:\/\/ceoparts.com\/?post_type=product&#038;p=12962"},"modified":"2026-05-16T18:10:30","modified_gmt":"2026-05-16T15:10:30","slug":"bt-indirme-kaldirma-butonu-171665","status":"publish","type":"product","link":"https:\/\/ceoparts.com\/tr\/urun\/bt-indirme-kaldirma-butonu-171665\/","title":{"rendered":"BT \u0130ndirme \/ Kald\u0131rma Butonu &#8211; 171665"},"content":{"rendered":"<p>BT \u0130ndirme \/ Kald\u0131rma Butonu &#8211; 171665<\/p>\n<p>BT<\/p>\n<p>OL<\/p>\n<p>OSE<\/p>\n<p>TSE<\/p>\n<p>OME<\/p>\n<p>HWE 100<\/p>\n<p>S<\/p>\n<p>SWE<\/p>\n<p>LPE<\/p>\n<p>LWE<\/p>\n<p>P20, P24<\/p>\n<p>W<\/p>\n<p>AL, AS<\/p>\n<p>LAE<\/p>\n<p>SAE<\/p>\n<p>&nbsp;<\/p>","protected":false},"excerpt":{"rendered":"<p data-start=\"0\" data-end=\"192\"><br data-start=\"5\" data-end=\"8\" \/>BT \u0130ndirme \/ Kald\u0131rma Butonu, BT forkliftlerde y\u00fck indirme ve kald\u0131rma i\u015flemlerini kontrol eden dayan\u0131kl\u0131 butondur. Sa\u011flam malzemeden \u00fcretilmi\u015f olup hassas ve g\u00fcvenilir \u00e7al\u0131\u015fma sa\u011flar.<\/p>\n<p data-start=\"194\" data-end=\"445\"><strong data-start=\"194\" data-end=\"209\">\u00d6zellikler:<\/strong><br data-start=\"209\" data-end=\"212\" \/><strong data-start=\"212\" data-end=\"225\">\u00dcr\u00fcn Ad\u0131:<\/strong> BT \u0130ndirme \/ Kald\u0131rma Butonu<br data-start=\"254\" data-end=\"257\" \/><strong data-start=\"257\" data-end=\"272\">Par\u00e7a Kodu:<\/strong> 171665<br data-start=\"279\" data-end=\"282\" \/><strong data-start=\"282\" data-end=\"294\">Malzeme:<\/strong> Sa\u011flam plastik ve metal<br data-start=\"318\" data-end=\"321\" \/><strong data-start=\"321\" data-end=\"340\">Kullan\u0131m Alan\u0131:<\/strong> BT forklift y\u00fck indirme ve kald\u0131rma kontrol\u00fc<br data-start=\"385\" data-end=\"388\" \/><strong data-start=\"388\" data-end=\"400\">Avantaj:<\/strong> Hassas tepki, dayan\u0131kl\u0131 yap\u0131, kolay montaj<\/p>\n<p data-start=\"447\" data-end=\"639\">\n","protected":false},"featured_media":12963,"template":"","meta":[],"product_brand":[],"product_cat":[251,451,454,518],"product_tag":[],"class_list":{"0":"post-12962","1":"product","2":"type-product","3":"status-publish","4":"has-post-thumbnail","6":"product_cat-bt","7":"product_cat-aksesuar-grubu","8":"product_cat-switch-ve-buton","9":"product_cat-yedek-parca-bt","11":"first","12":"instock","13":"taxable","14":"shipping-taxable","15":"purchasable","16":"product-type-simple"},"_links":{"self":[{"href":"https:\/\/ceoparts.com\/tr\/wp-json\/wp\/v2\/product\/12962","targetHints":{"allow":["GET"]}}],"collection":[{"href":"https:\/\/ceoparts.com\/tr\/wp-json\/wp\/v2\/product"}],"about":[{"href":"https:\/\/ceoparts.com\/tr\/wp-json\/wp\/v2\/types\/product"}],"wp:featuredmedia":[{"embeddable":true,"href":"https:\/\/ceoparts.com\/tr\/wp-json\/wp\/v2\/media\/12963"}],"wp:attachment":[{"href":"https:\/\/ceoparts.com\/tr\/wp-json\/wp\/v2\/media?parent=12962"}],"wp:term":[{"taxonomy":"product_brand","embeddable":true,"href":"https:\/\/ceoparts.com\/tr\/wp-json\/wp\/v2\/product_brand?post=12962"},{"taxonomy":"product_cat","embeddable":true,"href":"https:\/\/ceoparts.com\/tr\/wp-json\/wp\/v2\/product_cat?post=12962"},{"taxonomy":"product_tag","embeddable":true,"href":"https:\/\/ceoparts.com\/tr\/wp-json\/wp\/v2\/product_tag?post=12962"}],"curies":[{"name":"wp","href":"https:\/\/api.w.org\/{rel}","templated":true}]}}