{"id":12979,"date":"2025-01-14T13:47:39","date_gmt":"2025-01-14T10:47:39","guid":{"rendered":"https:\/\/ceoparts.com\/?post_type=product&#038;p=12979"},"modified":"2026-05-16T18:57:31","modified_gmt":"2026-05-16T15:57:31","slug":"linde-yukari-asagi-butonu-0039732605","status":"publish","type":"product","link":"https:\/\/ceoparts.com\/tr\/urun\/linde-yukari-asagi-butonu-0039732605\/","title":{"rendered":"LINDE \u0130ndirme \/ Kald\u0131rma &#8211; 0039732605"},"content":{"rendered":"<p>LINDE \u0130ndirme \/ Kald\u0131rma &#8211; 0039732605<\/p>\n<p>LINDE Yukar\u0131 A\u015fa\u011f\u0131 Butonu &#8211; 0039732605<\/p>\n<p>T16\/T16P\/T20\/T20P 1151-01<br \/>\nT16\/T18\/T20-T16L 1152-01<\/p>","protected":false},"excerpt":{"rendered":"<p data-start=\"0\" data-end=\"198\"><br data-start=\"5\" data-end=\"8\" \/>Linde Yukar\u0131 A\u015fa\u011f\u0131 Butonu, Linde forkliftlerde y\u00fck kald\u0131rma ve indirme i\u015flemlerini kontrol eden dayan\u0131kl\u0131 bir butondur. Sa\u011flam malzemeden \u00fcretilmi\u015f olup hassas ve g\u00fcvenilir performans sunar.<\/p>\n<p data-start=\"200\" data-end=\"449\"><strong data-start=\"200\" data-end=\"215\">\u00d6zellikler:<\/strong><br data-start=\"215\" data-end=\"218\" \/><strong data-start=\"218\" data-end=\"231\">\u00dcr\u00fcn Ad\u0131:<\/strong> Linde Yukar\u0131 A\u015fa\u011f\u0131 Butonu<br data-start=\"257\" data-end=\"260\" \/><strong data-start=\"260\" data-end=\"275\">Par\u00e7a Kodu:<\/strong> 0039732605<br data-start=\"286\" data-end=\"289\" \/><strong data-start=\"289\" data-end=\"301\">Malzeme:<\/strong> Dayan\u0131kl\u0131 plastik ve metal<br data-start=\"328\" data-end=\"331\" \/><strong data-start=\"331\" data-end=\"350\">Kullan\u0131m Alan\u0131:<\/strong> Forkliftlerde yukar\u0131\/a\u015fa\u011f\u0131 hareket kontrol\u00fc<br data-start=\"394\" data-end=\"397\" \/><strong data-start=\"397\" data-end=\"409\">Avantaj:<\/strong> Hassas tepki, uzun \u00f6m\u00fcr, kolay montaj<\/p>\n<p data-start=\"451\" data-end=\"641\">\n","protected":false},"featured_media":13010,"template":"","meta":[],"product_brand":[],"product_cat":[246,451,454,523],"product_tag":[],"class_list":{"0":"post-12979","1":"product","2":"type-product","3":"status-publish","4":"has-post-thumbnail","6":"product_cat-linde","7":"product_cat-aksesuar-grubu","8":"product_cat-switch-ve-buton","9":"product_cat-yedek-parca-linde","11":"first","12":"instock","13":"taxable","14":"shipping-taxable","15":"purchasable","16":"product-type-simple"},"_links":{"self":[{"href":"https:\/\/ceoparts.com\/tr\/wp-json\/wp\/v2\/product\/12979","targetHints":{"allow":["GET"]}}],"collection":[{"href":"https:\/\/ceoparts.com\/tr\/wp-json\/wp\/v2\/product"}],"about":[{"href":"https:\/\/ceoparts.com\/tr\/wp-json\/wp\/v2\/types\/product"}],"wp:featuredmedia":[{"embeddable":true,"href":"https:\/\/ceoparts.com\/tr\/wp-json\/wp\/v2\/media\/13010"}],"wp:attachment":[{"href":"https:\/\/ceoparts.com\/tr\/wp-json\/wp\/v2\/media?parent=12979"}],"wp:term":[{"taxonomy":"product_brand","embeddable":true,"href":"https:\/\/ceoparts.com\/tr\/wp-json\/wp\/v2\/product_brand?post=12979"},{"taxonomy":"product_cat","embeddable":true,"href":"https:\/\/ceoparts.com\/tr\/wp-json\/wp\/v2\/product_cat?post=12979"},{"taxonomy":"product_tag","embeddable":true,"href":"https:\/\/ceoparts.com\/tr\/wp-json\/wp\/v2\/product_tag?post=12979"}],"curies":[{"name":"wp","href":"https:\/\/api.w.org\/{rel}","templated":true}]}}