{"id":12985,"date":"2025-01-14T13:57:28","date_gmt":"2025-01-14T10:57:28","guid":{"rendered":"https:\/\/ceoparts.com\/?post_type=product&#038;p=12985"},"modified":"2026-05-16T17:56:58","modified_gmt":"2026-05-16T14:56:58","slug":"still-korna-butonu-s0503037","status":"publish","type":"product","link":"https:\/\/ceoparts.com\/tr\/urun\/still-korna-butonu-s0503037\/","title":{"rendered":"STILL Korna Butonu &#8211; S0503037"},"content":{"rendered":"<p>STILL Korna Butonu &#8211; S0503037<\/p>","protected":false},"excerpt":{"rendered":"<p data-start=\"0\" data-end=\"160\"><br data-start=\"5\" data-end=\"8\" \/>STILL Korna Butonu, STILL forkliftlerde kullan\u0131lan dayan\u0131kl\u0131 korna butonudur. Uzun \u00f6m\u00fcrl\u00fc malzemeden \u00fcretilmi\u015f olup hassas tepki ve kolay montaj sa\u011flar.<\/p>\n<p data-start=\"162\" data-end=\"390\"><strong data-start=\"162\" data-end=\"177\">\u00d6zellikler:<\/strong><br data-start=\"177\" data-end=\"180\" \/><strong data-start=\"180\" data-end=\"193\">\u00dcr\u00fcn Ad\u0131:<\/strong> STILL Korna Butonu<br data-start=\"212\" data-end=\"215\" \/><strong data-start=\"215\" data-end=\"230\">Par\u00e7a Kodu:<\/strong> S0503037<br data-start=\"239\" data-end=\"242\" \/><strong data-start=\"242\" data-end=\"254\">Malzeme:<\/strong> Sa\u011flam plastik ve metal<br data-start=\"278\" data-end=\"281\" \/><strong data-start=\"281\" data-end=\"300\">Kullan\u0131m Alan\u0131:<\/strong> STILL forklift korna kontrol\u00fc<br data-start=\"330\" data-end=\"333\" \/><strong data-start=\"333\" data-end=\"345\">Avantaj:<\/strong> Dayan\u0131kl\u0131 yap\u0131, hassas tepki, kolay montaj<\/p>\n<p data-start=\"392\" data-end=\"553\">\n","protected":false},"featured_media":12986,"template":"","meta":[],"product_brand":[],"product_cat":[241,451,454,524],"product_tag":[],"class_list":{"0":"post-12985","1":"product","2":"type-product","3":"status-publish","4":"has-post-thumbnail","6":"product_cat-still","7":"product_cat-aksesuar-grubu","8":"product_cat-switch-ve-buton","9":"product_cat-yedek-parca-still","11":"first","12":"instock","13":"taxable","14":"shipping-taxable","15":"purchasable","16":"product-type-simple"},"_links":{"self":[{"href":"https:\/\/ceoparts.com\/tr\/wp-json\/wp\/v2\/product\/12985","targetHints":{"allow":["GET"]}}],"collection":[{"href":"https:\/\/ceoparts.com\/tr\/wp-json\/wp\/v2\/product"}],"about":[{"href":"https:\/\/ceoparts.com\/tr\/wp-json\/wp\/v2\/types\/product"}],"wp:featuredmedia":[{"embeddable":true,"href":"https:\/\/ceoparts.com\/tr\/wp-json\/wp\/v2\/media\/12986"}],"wp:attachment":[{"href":"https:\/\/ceoparts.com\/tr\/wp-json\/wp\/v2\/media?parent=12985"}],"wp:term":[{"taxonomy":"product_brand","embeddable":true,"href":"https:\/\/ceoparts.com\/tr\/wp-json\/wp\/v2\/product_brand?post=12985"},{"taxonomy":"product_cat","embeddable":true,"href":"https:\/\/ceoparts.com\/tr\/wp-json\/wp\/v2\/product_cat?post=12985"},{"taxonomy":"product_tag","embeddable":true,"href":"https:\/\/ceoparts.com\/tr\/wp-json\/wp\/v2\/product_tag?post=12985"}],"curies":[{"name":"wp","href":"https:\/\/api.w.org\/{rel}","templated":true}]}}