{"id":12989,"date":"2025-01-14T14:01:52","date_gmt":"2025-01-14T11:01:52","guid":{"rendered":"https:\/\/ceoparts.com\/?post_type=product&#038;p=12989"},"modified":"2026-05-16T20:14:24","modified_gmt":"2026-05-16T17:14:24","slug":"bt-lpe-acil-buton-220822-7220003","status":"publish","type":"product","link":"https:\/\/ceoparts.com\/tr\/urun\/bt-lpe-acil-buton-220822-7220003\/","title":{"rendered":"BT LPE Acil Buton &#8211; 220822 , 7220003"},"content":{"rendered":"<p>BT LPE Acil Buton &#8211; 220822 , 7220003<\/p>\n<p>BT LPE Acil Buton &#8211; 220822 , 7220003<\/p>","protected":false},"excerpt":{"rendered":"<p data-start=\"0\" data-end=\"162\"><br data-start=\"5\" data-end=\"8\" \/>BT LPE Acil Buton, BT LPE forkliftlerde kullan\u0131lan acil durdurma butonudur. Dayan\u0131kl\u0131 malzemeden \u00fcretilmi\u015f olup h\u0131zl\u0131 m\u00fcdahale ve g\u00fcvenli kullan\u0131m sa\u011flar.<\/p>\n<p data-start=\"164\" data-end=\"403\"><strong data-start=\"164\" data-end=\"179\">\u00d6zellikler:<\/strong><br data-start=\"179\" data-end=\"182\" \/><strong data-start=\"182\" data-end=\"195\">\u00dcr\u00fcn Ad\u0131:<\/strong> BT LPE Acil Buton<br data-start=\"213\" data-end=\"216\" \/><strong data-start=\"216\" data-end=\"231\">Par\u00e7a Kodu:<\/strong> 220822, 7220003<br data-start=\"247\" data-end=\"250\" \/><strong data-start=\"250\" data-end=\"262\">Malzeme:<\/strong> Sa\u011flam plastik ve metal<br data-start=\"286\" data-end=\"289\" \/><strong data-start=\"289\" data-end=\"308\">Kullan\u0131m Alan\u0131:<\/strong> BT LPE forklift acil durdurma sistemi<br data-start=\"346\" data-end=\"349\" \/><strong data-start=\"349\" data-end=\"361\">Avantaj:<\/strong> H\u0131zl\u0131 tepki, g\u00fcvenli yap\u0131, kolay montaj<\/p>\n<p data-start=\"405\" data-end=\"559\">\n","protected":false},"featured_media":12990,"template":"","meta":[],"product_brand":[],"product_cat":[251,451,454,518],"product_tag":[],"class_list":{"0":"post-12989","1":"product","2":"type-product","3":"status-publish","4":"has-post-thumbnail","6":"product_cat-bt","7":"product_cat-aksesuar-grubu","8":"product_cat-switch-ve-buton","9":"product_cat-yedek-parca-bt","11":"first","12":"instock","13":"taxable","14":"shipping-taxable","15":"purchasable","16":"product-type-simple"},"_links":{"self":[{"href":"https:\/\/ceoparts.com\/tr\/wp-json\/wp\/v2\/product\/12989","targetHints":{"allow":["GET"]}}],"collection":[{"href":"https:\/\/ceoparts.com\/tr\/wp-json\/wp\/v2\/product"}],"about":[{"href":"https:\/\/ceoparts.com\/tr\/wp-json\/wp\/v2\/types\/product"}],"wp:featuredmedia":[{"embeddable":true,"href":"https:\/\/ceoparts.com\/tr\/wp-json\/wp\/v2\/media\/12990"}],"wp:attachment":[{"href":"https:\/\/ceoparts.com\/tr\/wp-json\/wp\/v2\/media?parent=12989"}],"wp:term":[{"taxonomy":"product_brand","embeddable":true,"href":"https:\/\/ceoparts.com\/tr\/wp-json\/wp\/v2\/product_brand?post=12989"},{"taxonomy":"product_cat","embeddable":true,"href":"https:\/\/ceoparts.com\/tr\/wp-json\/wp\/v2\/product_cat?post=12989"},{"taxonomy":"product_tag","embeddable":true,"href":"https:\/\/ceoparts.com\/tr\/wp-json\/wp\/v2\/product_tag?post=12989"}],"curies":[{"name":"wp","href":"https:\/\/api.w.org\/{rel}","templated":true}]}}