{"id":12994,"date":"2025-01-14T14:07:33","date_gmt":"2025-01-14T11:07:33","guid":{"rendered":"https:\/\/ceoparts.com\/?post_type=product&#038;p=12994"},"modified":"2026-05-16T15:34:27","modified_gmt":"2026-05-16T12:34:27","slug":"jungheinrich-karin-butonu-kirmizi-51027288","status":"publish","type":"product","link":"https:\/\/ceoparts.com\/tr\/urun\/jungheinrich-karin-butonu-kirmizi-51027288\/","title":{"rendered":"Jungheinrich Kar\u0131n Butonu K\u0131rm\u0131z\u0131 &#8211; 51027288"},"content":{"rendered":"<p>Jungheinrich Kar\u0131n Butonu K\u0131rm\u0131z\u0131 &#8211; 51027288<\/p>\n<p><\/p>\n<table border=\"0\" width=\"261\" cellspacing=\"0\" cellpadding=\"0\">\n<tbody>\n<tr>\n<td width=\"150\" height=\"17\"><span style=\"font-family: Arial CE; font-size: small;\">EJC 110\/112<\/span><\/td>\n<td width=\"111\"><span style=\"font-family: Arial CE; font-size: small;\">9.07 &#8211;<\/span><\/td>\n<\/tr>\n<tr>\n<td height=\"17\"><span style=\"font-family: Arial CE; font-size: small;\">EJC 110\/112 (Qingpu)<\/span><\/td>\n<td><span style=\"font-family: Arial CE; font-size: small;\">7.08 &#8211; 9.09<\/span><\/td>\n<\/tr>\n<tr>\n<td height=\"17\"><span style=\"font-family: Arial CE; font-size: small;\">EJC 212 \/ 214 \/ 216<\/span><\/td>\n<td><span style=\"font-family: Arial CE; font-size: small;\">6.08 &#8211;<\/span><\/td>\n<\/tr>\n<tr>\n<td height=\"17\"><span style=\"font-family: Arial CE; font-size: small;\">EJC 220<\/span><\/td>\n<td><span style=\"font-family: Arial CE; font-size: small;\">8.06 &#8211;<\/span><\/td>\n<\/tr>\n<tr>\n<td height=\"17\"><span style=\"font-family: Arial CE; font-size: small;\">EJC M10<\/span><\/td>\n<td><span style=\"font-family: Arial CE; font-size: small;\">6.09 &#8211; 6.09<\/span><\/td>\n<\/tr>\n<tr>\n<td height=\"17\"><span style=\"font-family: Arial CE; font-size: small;\">EJD 220<\/span><\/td>\n<td><span style=\"font-family: Arial CE; font-size: small;\">1.10 &#8211;<\/span><\/td>\n<\/tr>\n<tr>\n<td height=\"17\"><span style=\"font-family: Arial CE; font-size: small;\">EJE 116\/118\/120<\/span><\/td>\n<td><span style=\"font-family: Arial CE; font-size: small;\">4.07 &#8211;<\/span><\/td>\n<\/tr>\n<tr>\n<td height=\"17\"><span style=\"font-family: Arial CE; font-size: small;\">EJE 116\/118\/120 (USA)<\/span><\/td>\n<td><span style=\"font-family: Arial CE; font-size: small;\">9.07 &#8211;<\/span><\/td>\n<\/tr>\n<tr>\n<td height=\"17\"><span style=\"font-family: Arial CE; font-size: small;\">EJE 116\/120 (Qingpu)<\/span><\/td>\n<td><span style=\"font-family: Arial CE; font-size: small;\">10.07 &#8211; 8.09<\/span><\/td>\n<\/tr>\n<tr>\n<td height=\"17\"><span style=\"font-family: Arial CE; font-size: small;\">EJE 220\/225<\/span><\/td>\n<td><span style=\"font-family: Arial CE; font-size: small;\">5.07 &#8211;<\/span><\/td>\n<\/tr>\n<tr>\n<td height=\"17\"><span style=\"font-family: Arial CE; font-size: small;\">EJE 220\/225 (USA)<\/span><\/td>\n<td><span style=\"font-family: Arial CE; font-size: small;\">8.07 &#8211;<\/span><\/td>\n<\/tr>\n<tr>\n<td height=\"17\"><span style=\"font-family: Arial CE; font-size: small;\">EJE 235<\/span><\/td>\n<td><span style=\"font-family: Arial CE; font-size: small;\">5.08 &#8211;<\/span><\/td>\n<\/tr>\n<tr>\n<td height=\"17\"><span style=\"font-family: Arial CE; font-size: small;\">EJG 06-10<\/span><\/td>\n<td><span style=\"font-family: Arial CE; font-size: small;\">12.04 &#8211;<\/span><\/td>\n<\/tr>\n<tr>\n<td height=\"17\"><span style=\"font-family: Arial CE; font-size: small;\">ERD K18<\/span><\/td>\n<td><span style=\"font-family: Arial CE; font-size: small;\">10.09 &#8211;<\/span><\/td>\n<\/tr>\n<tr>\n<td height=\"17\"><span style=\"font-family: Arial CE; font-size: small;\">EZS 010<\/span><\/td>\n<td><span style=\"font-family: Arial CE; font-size: small;\">7.08 &#8211; 9.09<\/span><\/td>\n<\/tr>\n<tr>\n<td height=\"17\"><span style=\"font-family: Arial CE; font-size: small;\">PW23<\/span><\/td>\n<td><span style=\"font-family: Arial CE; font-size: small;\">9.07 &#8211;<\/span><\/td>\n<\/tr>\n<tr>\n<td height=\"17\"><span style=\"font-family: Arial CE; font-size: small;\">WN 116\/118\/120<\/span><\/td>\n<td><span style=\"font-family: Arial CE; font-size: small;\">4.07 &#8211; 4.08<\/span><\/td>\n<\/tr>\n<tr>\n<td height=\"17\"><span style=\"font-family: Arial CE; font-size: small;\">WN 20C\/25C<\/span><\/td>\n<td><span style=\"font-family: Arial CE; font-size: small;\">5.07 &#8211;<\/span><\/td>\n<\/tr>\n<tr>\n<td height=\"17\"><span style=\"font-family: Arial CE; font-size: small;\">WP 10\/12<\/span><\/td>\n<td><span style=\"font-family: Arial CE; font-size: small;\">9.07 &#8211; 4.08<\/span><\/td>\n<\/tr>\n<tr>\n<td height=\"17\"><span style=\"font-family: Arial CE; font-size: small;\">WP4500<\/span><\/td>\n<td><span style=\"font-family: Arial CE; font-size: small;\">9.05 &#8211; 10.07<\/span><\/td>\n<\/tr>\n<\/tbody>\n<\/table>\n<p><\/p>","protected":false},"excerpt":{"rendered":"<p data-start=\"0\" data-end=\"190\"><br data-start=\"5\" data-end=\"8\" \/>Jungheinrich Kar\u0131n Butonu K\u0131rm\u0131z\u0131, Jungheinrich forkliftlerde kullan\u0131lan k\u0131rm\u0131z\u0131 renkli kar\u0131n butonudur. Dayan\u0131kl\u0131 malzemeden \u00fcretilmi\u015f olup kolay montaj ve g\u00fcvenilir \u00e7al\u0131\u015fma sa\u011flar.<\/p>\n<p data-start=\"192\" data-end=\"448\"><strong data-start=\"192\" data-end=\"207\">\u00d6zellikler:<\/strong><br data-start=\"207\" data-end=\"210\" \/><strong data-start=\"210\" data-end=\"223\">\u00dcr\u00fcn Ad\u0131:<\/strong> Jungheinrich Kar\u0131n Butonu K\u0131rm\u0131z\u0131<br data-start=\"257\" data-end=\"260\" \/><strong data-start=\"260\" data-end=\"275\">Par\u00e7a Kodu:<\/strong> 51027288<br data-start=\"284\" data-end=\"287\" \/><strong data-start=\"287\" data-end=\"299\">Malzeme:<\/strong> Sa\u011flam plastik ve metal<br data-start=\"323\" data-end=\"326\" \/><strong data-start=\"326\" data-end=\"345\">Kullan\u0131m Alan\u0131:<\/strong> Jungheinrich forklift kar\u0131n butonu<br data-start=\"380\" data-end=\"383\" \/><strong data-start=\"383\" data-end=\"395\">Avantaj:<\/strong> Dayan\u0131kl\u0131 yap\u0131, kolay montaj, g\u00fcvenilir performans<\/p>\n<p data-start=\"450\" data-end=\"631\">\n","protected":false},"featured_media":12997,"template":"","meta":[],"product_brand":[],"product_cat":[236,451,454,522],"product_tag":[],"class_list":{"0":"post-12994","1":"product","2":"type-product","3":"status-publish","4":"has-post-thumbnail","6":"product_cat-jungheinrich","7":"product_cat-aksesuar-grubu","8":"product_cat-switch-ve-buton","9":"product_cat-yedek-parca-jungheinrich","11":"first","12":"instock","13":"taxable","14":"shipping-taxable","15":"purchasable","16":"product-type-simple"},"_links":{"self":[{"href":"https:\/\/ceoparts.com\/tr\/wp-json\/wp\/v2\/product\/12994","targetHints":{"allow":["GET"]}}],"collection":[{"href":"https:\/\/ceoparts.com\/tr\/wp-json\/wp\/v2\/product"}],"about":[{"href":"https:\/\/ceoparts.com\/tr\/wp-json\/wp\/v2\/types\/product"}],"wp:featuredmedia":[{"embeddable":true,"href":"https:\/\/ceoparts.com\/tr\/wp-json\/wp\/v2\/media\/12997"}],"wp:attachment":[{"href":"https:\/\/ceoparts.com\/tr\/wp-json\/wp\/v2\/media?parent=12994"}],"wp:term":[{"taxonomy":"product_brand","embeddable":true,"href":"https:\/\/ceoparts.com\/tr\/wp-json\/wp\/v2\/product_brand?post=12994"},{"taxonomy":"product_cat","embeddable":true,"href":"https:\/\/ceoparts.com\/tr\/wp-json\/wp\/v2\/product_cat?post=12994"},{"taxonomy":"product_tag","embeddable":true,"href":"https:\/\/ceoparts.com\/tr\/wp-json\/wp\/v2\/product_tag?post=12994"}],"curies":[{"name":"wp","href":"https:\/\/api.w.org\/{rel}","templated":true}]}}