{"id":12998,"date":"2025-01-14T14:15:48","date_gmt":"2025-01-14T11:15:48","guid":{"rendered":"https:\/\/ceoparts.com\/?post_type=product&#038;p=12998"},"modified":"2026-05-16T17:52:05","modified_gmt":"2026-05-16T14:52:05","slug":"jungheinrich-korna-butonu-50315593-8642554","status":"publish","type":"product","link":"https:\/\/ceoparts.com\/tr\/urun\/jungheinrich-korna-butonu-50315593-8642554\/","title":{"rendered":"Jungheinrich Korna Butonu &#8211; 50315593, 8642554"},"content":{"rendered":"<p>Jungheinrich Korna Butonu &#8211; 50315593, 8642554<\/p>\n<p>Jungheinrich<\/p>\n<p>&nbsp;<\/p>\n<table border=\"0\" width=\"322\" cellspacing=\"0\" cellpadding=\"0\">\n<colgroup>\n<col width=\"213\" \/>\n<col width=\"109\" \/><\/colgroup>\n<tbody>\n<tr>\n<td width=\"213\" height=\"20\"><span style=\"font-family: Calibri;\">ECC 10 AC<\/span><\/td>\n<td width=\"109\"><span style=\"font-family: Calibri;\">2.03 &#8211; 3.04<\/span><\/td>\n<\/tr>\n<tr>\n<td height=\"20\"><span style=\"font-family: Calibri;\">ECC SH 20 AC<\/span><\/td>\n<td><span style=\"font-family: Calibri;\">11.02 &#8211; 3.04<\/span><\/td>\n<\/tr>\n<tr>\n<td height=\"20\"><span style=\"font-family: Calibri;\">ECE 118<\/span><\/td>\n<td><span style=\"font-family: Calibri;\">4.10 &#8211;\u00a0<\/span><\/td>\n<\/tr>\n<tr>\n<td height=\"20\"><span style=\"font-family: Calibri;\">ECE 20 AC<\/span><\/td>\n<td><span style=\"font-family: Calibri;\">7.01 &#8211; 3.04<\/span><\/td>\n<\/tr>\n<tr>\n<td height=\"20\"><span style=\"font-family: Calibri;\">ECE 220 HP AC<\/span><\/td>\n<td><span style=\"font-family: Calibri;\">4.04 &#8211; 11.07<\/span><\/td>\n<\/tr>\n<tr>\n<td height=\"20\"><span style=\"font-family: Calibri;\">ECE 220 XL<\/span><\/td>\n<td><span style=\"font-family: Calibri;\">4.04 &#8211; 3.08<\/span><\/td>\n<\/tr>\n<tr>\n<td height=\"20\"><span style=\"font-family: Calibri;\">ECE 220\/225<\/span><\/td>\n<td><span style=\"font-family: Calibri;\">12.06 &#8211; 7.09<\/span><\/td>\n<\/tr>\n<tr>\n<td height=\"20\"><span style=\"font-family: Calibri;\">ECE 220-ac<\/span><\/td>\n<td><span style=\"font-family: Calibri;\">4.04 &#8211; 4.07<\/span><\/td>\n<\/tr>\n<tr>\n<td height=\"20\"><span style=\"font-family: Calibri;\">ECE 225 HP<\/span><\/td>\n<td><span style=\"font-family: Calibri;\">12.07 &#8211; 10.11<\/span><\/td>\n<\/tr>\n<tr>\n<td height=\"20\"><span style=\"font-family: Calibri;\">ECE 225 XL<\/span><\/td>\n<td><span style=\"font-family: Calibri;\">12.07 &#8211; 12.08<\/span><\/td>\n<\/tr>\n<tr>\n<td height=\"20\"><span style=\"font-family: Calibri;\">ECE 310<\/span><\/td>\n<td><span style=\"font-family: Calibri;\">1.08 &#8211; 10.11<\/span><\/td>\n<\/tr>\n<tr>\n<td height=\"20\"><span style=\"font-family: Calibri;\">ECE 310<\/span><\/td>\n<td><span style=\"font-family: Calibri;\">4.04 &#8211; 12.07<\/span><\/td>\n<\/tr>\n<tr>\n<td height=\"20\"><span style=\"font-family: Calibri;\">ECE 320<\/span><\/td>\n<td><span style=\"font-family: Calibri;\">1.08 &#8211; 7.09<\/span><\/td>\n<\/tr>\n<tr>\n<td height=\"20\"><span style=\"font-family: Calibri;\">ECE 320<\/span><\/td>\n<td><span style=\"font-family: Calibri;\">8.09 &#8211; 10.11<\/span><\/td>\n<\/tr>\n<tr>\n<td height=\"20\"><span style=\"font-family: Calibri;\">ECE 320<\/span><\/td>\n<td><span style=\"font-family: Calibri;\">4.04 &#8211; 12.07<\/span><\/td>\n<\/tr>\n<tr>\n<td height=\"20\"><span style=\"font-family: Calibri;\">EJB 14\/16<\/span><\/td>\n<td><span style=\"font-family: Calibri;\">5.99 &#8211;\u00a0<\/span><\/td>\n<\/tr>\n<tr>\n<td height=\"20\"><span style=\"font-family: Calibri;\">EJB 25\/35 (MMC)<\/span><\/td>\n<td><span style=\"font-family: Calibri;\">8.99 &#8211; 9.06<\/span><\/td>\n<\/tr>\n<tr>\n<td height=\"20\"><span style=\"font-family: Calibri;\">EJC 110\/112<\/span><\/td>\n<td><span style=\"font-family: Calibri;\">12.04 &#8211; 8.07<\/span><\/td>\n<\/tr>\n<tr>\n<td height=\"20\"><span style=\"font-family: Calibri;\">EJC 110\/112 (Qingpu)<\/span><\/td>\n<td><span style=\"font-family: Calibri;\">9.06 &#8211; 6.08<\/span><\/td>\n<\/tr>\n<tr>\n<td height=\"20\"><span style=\"font-family: Calibri;\">EJC 14\/16<\/span><\/td>\n<td><span style=\"font-family: Calibri;\">6.98 &#8211; 2.06<\/span><\/td>\n<\/tr>\n<tr>\n<td height=\"20\"><span style=\"font-family: Calibri;\">EJC 212-216<\/span><\/td>\n<td><span style=\"font-family: Calibri;\">1.06 &#8211; 5.08<\/span><\/td>\n<\/tr>\n<tr>\n<td height=\"20\"><span style=\"font-family: Calibri;\">EJC 220<\/span><\/td>\n<td><span style=\"font-family: Calibri;\">8.06 &#8211;\u00a0<\/span><\/td>\n<\/tr>\n<tr>\n<td height=\"20\"><span style=\"font-family: Calibri;\">EJC B14\/B16<\/span><\/td>\n<td><span style=\"font-family: Calibri;\">5.05 &#8211; 6.11<\/span><\/td>\n<\/tr>\n<tr>\n<td height=\"20\"><span style=\"font-family: Calibri;\">EJC B14\/B16 (US)<\/span><\/td>\n<td><span style=\"font-family: Calibri;\">11.06 &#8211;\u00a0<\/span><\/td>\n<\/tr>\n<tr>\n<td height=\"20\"><span style=\"font-family: Calibri;\">EJC B25 \/B35<\/span><\/td>\n<td><span style=\"font-family: Calibri;\">5.05 &#8211; 11.06<\/span><\/td>\n<\/tr>\n<tr>\n<td height=\"20\"><span style=\"font-family: Calibri;\">EJC Z14\/Z16<\/span><\/td>\n<td><span style=\"font-family: Calibri;\">5.05 &#8211; 12.10<\/span><\/td>\n<\/tr>\n<tr>\n<td height=\"20\"><span style=\"font-family: Calibri;\">EJC-20\/25<\/span><\/td>\n<td><span style=\"font-family: Calibri;\">4.05 &#8211; 12.06<\/span><\/td>\n<\/tr>\n<tr>\n<td height=\"20\"><span style=\"font-family: Calibri;\">EJC-Z 14\/16<\/span><\/td>\n<td><span style=\"font-family: Calibri;\">1.99 &#8211; 4.05<\/span><\/td>\n<\/tr>\n<tr>\n<td height=\"20\"><span style=\"font-family: Calibri;\">EJD 20-3 XL<\/span><\/td>\n<td><span style=\"font-family: Calibri;\">5.05 &#8211;\u00a0<\/span><\/td>\n<\/tr>\n<tr>\n<td height=\"20\"><span style=\"font-family: Calibri;\">EJE 116\/118\/120<\/span><\/td>\n<td><span style=\"font-family: Calibri;\">9.03 &#8211; 10.07<\/span><\/td>\n<\/tr>\n<tr>\n<td height=\"20\"><span style=\"font-family: Calibri;\">EJE 220\/222\/225\/ 220r\/222r<\/span><\/td>\n<td><span style=\"font-family: Calibri;\">9.03 &#8211; 11.07<\/span><\/td>\n<\/tr>\n<tr>\n<td height=\"20\"><span style=\"font-family: Calibri;\">EJE 220r\/222r<\/span><\/td>\n<td><span style=\"font-family: Calibri;\">5.06 &#8211;\u00a0<\/span><\/td>\n<\/tr>\n<tr>\n<td height=\"20\"><span style=\"font-family: Calibri;\">EJG 06-10 (PR)<\/span><\/td>\n<td><span style=\"font-family: Calibri;\">1.98 &#8211; 4.05<\/span><\/td>\n<\/tr>\n<tr>\n<td height=\"20\"><span style=\"font-family: Calibri;\">EKS 110 E<\/span><\/td>\n<td><span style=\"font-family: Calibri;\">6.04 &#8211; 12.09<\/span><\/td>\n<\/tr>\n<tr>\n<td height=\"20\"><span style=\"font-family: Calibri;\">EKS 110 E<\/span><\/td>\n<td><span style=\"font-family: Calibri;\">1.10 &#8211;\u00a0<\/span><\/td>\n<\/tr>\n<tr>\n<td height=\"20\"><span style=\"font-family: Calibri;\">EKS 110 ZZ<\/span><\/td>\n<td><span style=\"font-family: Calibri;\">6.04 &#8211; 12.09<\/span><\/td>\n<\/tr>\n<tr>\n<td height=\"20\"><span style=\"font-family: Calibri;\">EKS 110 ZZ<\/span><\/td>\n<td><span style=\"font-family: Calibri;\">1.10 &#8211;\u00a0<\/span><\/td>\n<\/tr>\n<tr>\n<td height=\"20\"><span style=\"font-family: Calibri;\">ERC 212\/214\/216<\/span><\/td>\n<td><span style=\"font-family: Calibri;\">4.04 &#8211; 4.11<\/span><\/td>\n<\/tr>\n<tr>\n<td height=\"20\"><span style=\"font-family: Calibri;\">ERC Z12\/Z14\/Z16<\/span><\/td>\n<td><span style=\"font-family: Calibri;\">4.04 &#8211; 7.11<\/span><\/td>\n<\/tr>\n<tr>\n<td height=\"20\"><span style=\"font-family: Calibri;\">ERD 220<\/span><\/td>\n<td><span style=\"font-family: Calibri;\">10.03 &#8211;\u00a0<\/span><\/td>\n<\/tr>\n<tr>\n<td height=\"20\"><span style=\"font-family: Calibri;\">ERE 120<\/span><\/td>\n<td><span style=\"font-family: Calibri;\">6.08 &#8211;\u00a0<\/span><\/td>\n<\/tr>\n<tr>\n<td height=\"20\"><span style=\"font-family: Calibri;\">ERE 120<\/span><\/td>\n<td><span style=\"font-family: Calibri;\">9.05 &#8211; 10.07<\/span><\/td>\n<\/tr>\n<tr>\n<td height=\"20\"><span style=\"font-family: Calibri;\">ERE 220<\/span><\/td>\n<td><span style=\"font-family: Calibri;\">10.03 &#8211; 9.05<\/span><\/td>\n<\/tr>\n<tr>\n<td height=\"20\"><span style=\"font-family: Calibri;\">ERE 224<\/span><\/td>\n<td><span style=\"font-family: Calibri;\">10.05 &#8211; 9.07<\/span><\/td>\n<\/tr>\n<tr>\n<td height=\"20\"><span style=\"font-family: Calibri;\">ESC Z<\/span><\/td>\n<td><span style=\"font-family: Calibri;\">1.05 &#8211; 7.09<\/span><\/td>\n<\/tr>\n<tr>\n<td height=\"20\"><span style=\"font-family: Calibri;\">ESE 220<\/span><\/td>\n<td><span style=\"font-family: Calibri;\">1.05 &#8211; 1.10<\/span><\/td>\n<\/tr>\n<tr>\n<td height=\"20\"><span style=\"font-family: Calibri;\">ESE 320<\/span><\/td>\n<td><span style=\"font-family: Calibri;\">1.05 &#8211; 1.10<\/span><\/td>\n<\/tr>\n<tr>\n<td height=\"20\"><span style=\"font-family: Calibri;\">EZS 350<\/span><\/td>\n<td><span style=\"font-family: Calibri;\">9.07 &#8211; 7.09<\/span><\/td>\n<\/tr>\n<tr>\n<td height=\"20\"><span style=\"font-family: Calibri;\">PMW30N<\/span><\/td>\n<td><span style=\"font-family: Calibri;\">10.05 &#8211; 10.07<\/span><\/td>\n<\/tr>\n<tr>\n<td height=\"20\"><span style=\"font-family: Calibri;\">PMWT15\/18N<\/span><\/td>\n<td><span style=\"font-family: Calibri;\">10.05 &#8211;\u00a0<\/span><\/td>\n<\/tr>\n<tr>\n<td height=\"20\"><span style=\"font-family: Calibri;\">SS3000\/SS3500<\/span><\/td>\n<td><span style=\"font-family: Calibri;\">10.05 &#8211; 3.10<\/span><\/td>\n<\/tr>\n<tr>\n<td height=\"20\"><span style=\"font-family: Calibri;\">WL 14\/16<\/span><\/td>\n<td><span style=\"font-family: Calibri;\">12.03 &#8211; 4.08<\/span><\/td>\n<\/tr>\n<tr>\n<td height=\"20\"><span style=\"font-family: Calibri;\">WN 20 S<\/span><\/td>\n<td><span style=\"font-family: Calibri;\">10.03 &#8211; 9.05<\/span><\/td>\n<\/tr>\n<tr>\n<td height=\"20\"><span style=\"font-family: Calibri;\">WN 24 sC<\/span><\/td>\n<td><span style=\"font-family: Calibri;\">10.05 &#8211; 4.08<\/span><\/td>\n<\/tr>\n<tr>\n<td height=\"20\"><span style=\"font-family: Calibri;\">WO 20 (MIC) AC<\/span><\/td>\n<td><span style=\"font-family: Calibri;\">7.01 &#8211; 6.03<\/span><\/td>\n<\/tr>\n<tr>\n<td height=\"20\"><span style=\"font-family: Calibri;\">WP 12-16<\/span><\/td>\n<td><span style=\"font-family: Calibri;\">1.06 &#8211; 4.08<\/span><\/td>\n<\/tr>\n<tr>\n<td height=\"20\"><span style=\"font-family: Calibri;\">WP 14 I\/16 I (MIC)<\/span><\/td>\n<td><span style=\"font-family: Calibri;\">8.02 &#8211; 4.08<\/span><\/td>\n<\/tr>\n<tr>\n<td height=\"20\"><span style=\"font-family: Calibri;\">WP 14\/16 (MIC)<\/span><\/td>\n<td><span style=\"font-family: Calibri;\">8.02 &#8211; 4.08<\/span><\/td>\n<\/tr>\n<tr>\n<td height=\"20\"><span style=\"font-family: Calibri;\">WP12\/14\/16 IS (MIC)<\/span><\/td>\n<td><span style=\"font-family: Calibri;\">4.01 &#8211; 4.08<\/span><\/td>\n<\/tr>\n<tr>\n<td height=\"20\"><span style=\"font-family: Calibri;\">WP12\/14\/16 S (MIC)<\/span><\/td>\n<td><span style=\"font-family: Calibri;\">4.01 &#8211; 4.08<\/span><\/td>\n<\/tr>\n<tr>\n<td height=\"20\"><span style=\"font-family: Calibri;\">WP6000<\/span><\/td>\n<td><span style=\"font-family: Calibri;\">10.05 &#8211; 10.07<\/span><\/td>\n<\/tr>\n<\/tbody>\n<\/table>\n<p>&nbsp;<\/p>","protected":false},"excerpt":{"rendered":"<p data-start=\"0\" data-end=\"174\"><br data-start=\"5\" data-end=\"8\" \/>Jungheinrich Korna Butonu, Jungheinrich forkliftlerde kullan\u0131lan dayan\u0131kl\u0131 korna butonudur. Uzun \u00f6m\u00fcrl\u00fc malzemeden \u00fcretilmi\u015f olup hassas tepki ve kolay montaj sa\u011flar.<\/p>\n<p data-start=\"176\" data-end=\"427\"><strong data-start=\"176\" data-end=\"191\">\u00d6zellikler:<\/strong><br data-start=\"191\" data-end=\"194\" \/><strong data-start=\"194\" data-end=\"207\">\u00dcr\u00fcn Ad\u0131:<\/strong> Jungheinrich Korna Butonu<br data-start=\"233\" data-end=\"236\" \/><strong data-start=\"236\" data-end=\"251\">Par\u00e7a Kodu:<\/strong> 50315593, 8642554<br data-start=\"269\" data-end=\"272\" \/><strong data-start=\"272\" data-end=\"284\">Malzeme:<\/strong> Sa\u011flam plastik ve metal<br data-start=\"308\" data-end=\"311\" \/><strong data-start=\"311\" data-end=\"330\">Kullan\u0131m Alan\u0131:<\/strong> Jungheinrich forklift korna kontrol\u00fc<br data-start=\"367\" data-end=\"370\" \/><strong data-start=\"370\" data-end=\"382\">Avantaj:<\/strong> Dayan\u0131kl\u0131 yap\u0131, hassas tepki, kolay montaj<\/p>\n<p data-start=\"429\" data-end=\"604\">\n","protected":false},"featured_media":13003,"template":"","meta":[],"product_brand":[],"product_cat":[236,451,454,522],"product_tag":[],"class_list":{"0":"post-12998","1":"product","2":"type-product","3":"status-publish","4":"has-post-thumbnail","6":"product_cat-jungheinrich","7":"product_cat-aksesuar-grubu","8":"product_cat-switch-ve-buton","9":"product_cat-yedek-parca-jungheinrich","11":"first","12":"instock","13":"taxable","14":"shipping-taxable","15":"purchasable","16":"product-type-simple"},"_links":{"self":[{"href":"https:\/\/ceoparts.com\/tr\/wp-json\/wp\/v2\/product\/12998","targetHints":{"allow":["GET"]}}],"collection":[{"href":"https:\/\/ceoparts.com\/tr\/wp-json\/wp\/v2\/product"}],"about":[{"href":"https:\/\/ceoparts.com\/tr\/wp-json\/wp\/v2\/types\/product"}],"wp:featuredmedia":[{"embeddable":true,"href":"https:\/\/ceoparts.com\/tr\/wp-json\/wp\/v2\/media\/13003"}],"wp:attachment":[{"href":"https:\/\/ceoparts.com\/tr\/wp-json\/wp\/v2\/media?parent=12998"}],"wp:term":[{"taxonomy":"product_brand","embeddable":true,"href":"https:\/\/ceoparts.com\/tr\/wp-json\/wp\/v2\/product_brand?post=12998"},{"taxonomy":"product_cat","embeddable":true,"href":"https:\/\/ceoparts.com\/tr\/wp-json\/wp\/v2\/product_cat?post=12998"},{"taxonomy":"product_tag","embeddable":true,"href":"https:\/\/ceoparts.com\/tr\/wp-json\/wp\/v2\/product_tag?post=12998"}],"curies":[{"name":"wp","href":"https:\/\/api.w.org\/{rel}","templated":true}]}}