{"id":13004,"date":"2025-01-14T14:40:06","date_gmt":"2025-01-14T11:40:06","guid":{"rendered":"https:\/\/ceoparts.com\/?post_type=product&#038;p=13004"},"modified":"2026-05-16T16:18:40","modified_gmt":"2026-05-16T13:18:40","slug":"linde-indirme-kaldirma-butonu-0039732913-3005430300","status":"publish","type":"product","link":"https:\/\/ceoparts.com\/tr\/urun\/linde-indirme-kaldirma-butonu-0039732913-3005430300\/","title":{"rendered":"Linde \u0130ndirme \/ Kald\u0131rma Butonu &#8211; 0039732913 , 3005430300"},"content":{"rendered":"<p>Linde \u0130ndirme \/ Kald\u0131rma Butonu &#8211; 0039732913 , 3005430300<\/p>","protected":false},"excerpt":{"rendered":"<p data-start=\"0\" data-end=\"199\"><br data-start=\"5\" data-end=\"8\" \/>Linde \u0130ndirme \/ Kald\u0131rma Butonu, Linde forkliftlerde y\u00fck indirme ve kald\u0131rma i\u015flemlerini kontrol eden dayan\u0131kl\u0131 butondur. Uzun \u00f6m\u00fcrl\u00fc malzemeden \u00fcretilmi\u015f, hassas ve g\u00fcvenilir \u00e7al\u0131\u015fma sa\u011flar.<\/p>\n<p data-start=\"201\" data-end=\"469\"><strong data-start=\"201\" data-end=\"216\">\u00d6zellikler:<\/strong><br data-start=\"216\" data-end=\"219\" \/><strong data-start=\"219\" data-end=\"232\">\u00dcr\u00fcn Ad\u0131:<\/strong> Linde \u0130ndirme \/ Kald\u0131rma Butonu<br data-start=\"264\" data-end=\"267\" \/><strong data-start=\"267\" data-end=\"282\">Par\u00e7a Kodu:<\/strong> 0039732913, 3005430300<br data-start=\"305\" data-end=\"308\" \/><strong data-start=\"308\" data-end=\"320\">Malzeme:<\/strong> Sa\u011flam plastik ve metal<br data-start=\"344\" data-end=\"347\" \/><strong data-start=\"347\" data-end=\"366\">Kullan\u0131m Alan\u0131:<\/strong> Forkliftlerde indirme ve kald\u0131rma kontrol\u00fc<br data-start=\"409\" data-end=\"412\" \/><strong data-start=\"412\" data-end=\"424\">Avantaj:<\/strong> Hassas tepki, dayan\u0131kl\u0131 yap\u0131, kolay montaj<\/p>\n<p data-start=\"471\" data-end=\"668\">\n","protected":false},"featured_media":13005,"template":"","meta":[],"product_brand":[],"product_cat":[246,451,454,523],"product_tag":[],"class_list":{"0":"post-13004","1":"product","2":"type-product","3":"status-publish","4":"has-post-thumbnail","6":"product_cat-linde","7":"product_cat-aksesuar-grubu","8":"product_cat-switch-ve-buton","9":"product_cat-yedek-parca-linde","11":"first","12":"instock","13":"taxable","14":"shipping-taxable","15":"purchasable","16":"product-type-simple"},"_links":{"self":[{"href":"https:\/\/ceoparts.com\/tr\/wp-json\/wp\/v2\/product\/13004","targetHints":{"allow":["GET"]}}],"collection":[{"href":"https:\/\/ceoparts.com\/tr\/wp-json\/wp\/v2\/product"}],"about":[{"href":"https:\/\/ceoparts.com\/tr\/wp-json\/wp\/v2\/types\/product"}],"wp:featuredmedia":[{"embeddable":true,"href":"https:\/\/ceoparts.com\/tr\/wp-json\/wp\/v2\/media\/13005"}],"wp:attachment":[{"href":"https:\/\/ceoparts.com\/tr\/wp-json\/wp\/v2\/media?parent=13004"}],"wp:term":[{"taxonomy":"product_brand","embeddable":true,"href":"https:\/\/ceoparts.com\/tr\/wp-json\/wp\/v2\/product_brand?post=13004"},{"taxonomy":"product_cat","embeddable":true,"href":"https:\/\/ceoparts.com\/tr\/wp-json\/wp\/v2\/product_cat?post=13004"},{"taxonomy":"product_tag","embeddable":true,"href":"https:\/\/ceoparts.com\/tr\/wp-json\/wp\/v2\/product_tag?post=13004"}],"curies":[{"name":"wp","href":"https:\/\/api.w.org\/{rel}","templated":true}]}}