{"id":13011,"date":"2025-01-14T15:10:46","date_gmt":"2025-01-14T12:10:46","guid":{"rendered":"https:\/\/ceoparts.com\/?post_type=product&#038;p=13011"},"modified":"2026-05-16T15:09:36","modified_gmt":"2026-05-16T12:09:36","slug":"still-exu-sf-acil-stop-butonu-15145570-4499520","status":"publish","type":"product","link":"https:\/\/ceoparts.com\/tr\/urun\/still-exu-sf-acil-stop-butonu-15145570-4499520\/","title":{"rendered":"STILL EXU SF Acil Stop Butonu &#8211; 15145570 , 4499520"},"content":{"rendered":"<p>STILL EXU SF Acil Stop Butonu &#8211; 15145570 , 4499520<\/p>\n<p>EGV EXV\/Linde L12<\/p>\n<p>Still 50024331400<\/p>","protected":false},"excerpt":{"rendered":"<p data-start=\"0\" data-end=\"185\"><br data-start=\"5\" data-end=\"8\" \/>STILL EXU SF Acil Stop Butonu, STILL forklift ve i\u015f makinelerinde kullan\u0131lan acil durdurma butonudur. Y\u00fcksek kaliteli malzemeden \u00fcretilmi\u015f olup g\u00fcvenli ve h\u0131zl\u0131 m\u00fcdahale sa\u011flar.<\/p>\n<p data-start=\"187\" data-end=\"459\"><strong data-start=\"187\" data-end=\"202\">\u00d6zellikler:<\/strong><br data-start=\"202\" data-end=\"205\" \/><strong data-start=\"205\" data-end=\"218\">\u00dcr\u00fcn Ad\u0131:<\/strong> STILL EXU SF Acil Stop Butonu<br data-start=\"248\" data-end=\"251\" \/><strong data-start=\"251\" data-end=\"266\">Par\u00e7a Kodu:<\/strong> 15145570, 4499520<br data-start=\"284\" data-end=\"287\" \/><strong data-start=\"287\" data-end=\"299\">Malzeme:<\/strong> Dayan\u0131kl\u0131 plastik ve metal<br data-start=\"326\" data-end=\"329\" \/><strong data-start=\"329\" data-end=\"348\">Kullan\u0131m Alan\u0131:<\/strong> STILL forklift ve i\u015f makineleri acil durdurma sistemi<br data-start=\"402\" data-end=\"405\" \/><strong data-start=\"405\" data-end=\"417\">Avantaj:<\/strong> H\u0131zl\u0131 tepki, g\u00fcvenli yap\u0131, kolay montaj<\/p>\n<p data-start=\"461\" data-end=\"657\">\n","protected":false},"featured_media":13013,"template":"","meta":[],"product_brand":[],"product_cat":[241,246,451,454,523,524],"product_tag":[],"class_list":{"0":"post-13011","1":"product","2":"type-product","3":"status-publish","4":"has-post-thumbnail","6":"product_cat-still","7":"product_cat-linde","8":"product_cat-aksesuar-grubu","9":"product_cat-switch-ve-buton","10":"product_cat-yedek-parca-linde","11":"product_cat-yedek-parca-still","13":"first","14":"instock","15":"taxable","16":"shipping-taxable","17":"purchasable","18":"product-type-simple"},"_links":{"self":[{"href":"https:\/\/ceoparts.com\/tr\/wp-json\/wp\/v2\/product\/13011","targetHints":{"allow":["GET"]}}],"collection":[{"href":"https:\/\/ceoparts.com\/tr\/wp-json\/wp\/v2\/product"}],"about":[{"href":"https:\/\/ceoparts.com\/tr\/wp-json\/wp\/v2\/types\/product"}],"wp:featuredmedia":[{"embeddable":true,"href":"https:\/\/ceoparts.com\/tr\/wp-json\/wp\/v2\/media\/13013"}],"wp:attachment":[{"href":"https:\/\/ceoparts.com\/tr\/wp-json\/wp\/v2\/media?parent=13011"}],"wp:term":[{"taxonomy":"product_brand","embeddable":true,"href":"https:\/\/ceoparts.com\/tr\/wp-json\/wp\/v2\/product_brand?post=13011"},{"taxonomy":"product_cat","embeddable":true,"href":"https:\/\/ceoparts.com\/tr\/wp-json\/wp\/v2\/product_cat?post=13011"},{"taxonomy":"product_tag","embeddable":true,"href":"https:\/\/ceoparts.com\/tr\/wp-json\/wp\/v2\/product_tag?post=13011"}],"curies":[{"name":"wp","href":"https:\/\/api.w.org\/{rel}","templated":true}]}}